{"id":63346,"date":"2022-10-14T12:43:49","date_gmt":"2022-10-14T12:43:49","guid":{"rendered":"https:\/\/topgetestet.de\/?product=champion-herren-klassisches-jersey-t-shirt-hemd"},"modified":"2022-10-14T12:43:49","modified_gmt":"2022-10-14T12:43:49","slug":"champion-herren-klassisches-jersey-t-shirt-hemd","status":"publish","type":"product","link":"https:\/\/topgetestet.de\/?product=champion-herren-klassisches-jersey-t-shirt-hemd","title":{"rendered":"Champion Herren Klassisches Jersey T-Shirt Hemd"},"content":{"rendered":"<p>Price: <span style=\"color:#b12704\">[price_with_discount]<\/span><br \/><i><small>(as of [price_update_date] &#8211; <span class=\"wp_automatic_amazon_disclaimer\" title=\"Product prices and availability are accurate as of the date\/time indicated and are subject to change. Any price and availability information displayed on [relevant Amazon Site(s), as applicable] at the time of purchase will apply to the purchase of this product.\">Details<\/span>)<\/small><\/i><\/p>\n<p><a href=\"https:\/\/amazon.de\/dp\/B01MRU5CU4?tag=topgetestet09-21\"><img decoding=\"async\" src=\"https:\/\/i.imgur.com\/ISRHEWs.png\"><\/a><br \/>\n[ad_1]<br \/>\n <span>Das klassische Baumwoll-T-Shirt von Champion\u00ae ist eins in Ihrem Kleiderschrank in mehreren Farben erh\u00e4ltlich. F\u00fcr ambitionierte Athleten oder Couch-Quarterbacks, bietet es den Komfort und die Haltbarkeit der in den USA gewachsenen ringgesponnenen Baumwolle und eine perfekte Passform f\u00fcr einfache Bewegung. Dieses weiche Baumwoll-T-Shirt tr\u00e4gt stolz das &#8220;C&#8221;-Logo der Marke in tonaler Stickerei auf der Brust und Applikation auf dem linken \u00c4rmel und ist in 23 tollen Farben erh\u00e4ltlich. Es ist detailliert mit einem formschl\u00fcssigen, gerippten Rundhalsausschnitt, kurzen \u00c4rmeln mit verst\u00e4rkten Schultern\u00e4hten und weichem Nackenband f\u00fcr angenehmen Tragekomfort. Kaufen Sie einen Strau\u00df dieses preiswerten klassischen Baumwoll-T-Shirts mit Rundhalsausschnitt und genie\u00dfen Sie lange Zeit.<\/span> <br \/> Produktabmessungen \u200f : \u200e  33.02 x 20.32 x 2.54 cm; 159 Gramm <br \/> Im Angebot von Amazon.de seit \u200f : \u200e  5. M\u00e4rz 2017 <br \/> Hersteller \u200f : \u200e  Champion Men&#8217;s Athletic <br \/> ASIN \u200f : \u200e  B01N7EXMYR <br \/> Modellnummer \u200f : \u200e  T0223 <br \/> Kategorie \u200f : \u200e  Herren <\/p>\n<p>[ad_2]<\/p>\n","protected":false},"excerpt":{"rendered":"<p>Price: [price_with_discount](as of [price_update_date] &#8211; Details) [ad_1] Das klassische Baumwoll-T-Shirt von Champion\u00ae ist eins in Ihrem Kleiderschrank in mehreren Farben erh\u00e4ltlich. F\u00fcr ambitionierte Athleten oder Couch-Quarterbacks, bietet es den Komfort<\/p>\n","protected":false},"featured_media":63347,"comment_status":"open","ping_status":"closed","template":"","meta":[],"product_cat":[231],"product_tag":[],"class_list":{"0":"post-63346","1":"product","2":"type-product","3":"status-publish","4":"has-post-thumbnail","6":"product_cat-mens-fashion","8":"first","9":"instock","10":"shipping-taxable","11":"product-type-external"},"aioseo_notices":[],"_links":{"self":[{"href":"https:\/\/topgetestet.de\/index.php?rest_route=\/wp\/v2\/product\/63346","targetHints":{"allow":["GET"]}}],"collection":[{"href":"https:\/\/topgetestet.de\/index.php?rest_route=\/wp\/v2\/product"}],"about":[{"href":"https:\/\/topgetestet.de\/index.php?rest_route=\/wp\/v2\/types\/product"}],"replies":[{"embeddable":true,"href":"https:\/\/topgetestet.de\/index.php?rest_route=%2Fwp%2Fv2%2Fcomments&post=63346"}],"wp:featuredmedia":[{"embeddable":true,"href":"https:\/\/topgetestet.de\/index.php?rest_route=\/wp\/v2\/media\/63347"}],"wp:attachment":[{"href":"https:\/\/topgetestet.de\/index.php?rest_route=%2Fwp%2Fv2%2Fmedia&parent=63346"}],"wp:term":[{"taxonomy":"product_cat","embeddable":true,"href":"https:\/\/topgetestet.de\/index.php?rest_route=%2Fwp%2Fv2%2Fproduct_cat&post=63346"},{"taxonomy":"product_tag","embeddable":true,"href":"https:\/\/topgetestet.de\/index.php?rest_route=%2Fwp%2Fv2%2Fproduct_tag&post=63346"}],"curies":[{"name":"wp","href":"https:\/\/api.w.org\/{rel}","templated":true}]}}