{"id":63034,"date":"2022-10-14T11:30:42","date_gmt":"2022-10-14T11:30:42","guid":{"rendered":"https:\/\/topgetestet.de\/?product=hoka-one-herren-bondi-sr-running-shoes"},"modified":"2022-10-14T11:30:42","modified_gmt":"2022-10-14T11:30:42","slug":"hoka-one-herren-bondi-sr-running-shoes","status":"publish","type":"product","link":"https:\/\/topgetestet.de\/?product=hoka-one-herren-bondi-sr-running-shoes","title":{"rendered":"Hoka One Herren Bondi Sr Running Shoes"},"content":{"rendered":"<p>Price: <span style=\"color:#b12704\">[price_with_discount]<\/span><br \/><i><small>(as of [price_update_date] &#8211; <span class=\"wp_automatic_amazon_disclaimer\" title=\"Product prices and availability are accurate as of the date\/time indicated and are subject to change. Any price and availability information displayed on [relevant Amazon Site(s), as applicable] at the time of purchase will apply to the purchase of this product.\">Details<\/span>)<\/small><\/i><\/p>\n<p><a href=\"https:\/\/amazon.de\/dp\/B0838KKBQS?tag=topgetestet09-21\"><img decoding=\"async\" src=\"https:\/\/i.imgur.com\/ISRHEWs.png\"><\/a><br \/>\n[ad_1]<br \/>\n <span>Einer der ersten Erg\u00e4nzungen der gesch\u00e4tzten Familie Bondi, die neue Bondi, l\u00f6st die Silhouette des am meisten gepolsterten Schuhs unter den Hoka Road -Modellen aus, um den Bed\u00fcrfnissen des Alltags zu erf\u00fcllen. Ausgestattet mit einem EVA -Lebensmittelgesch\u00e4ft f\u00fcr einen weichen Schock von Morgen bis abends wurde dieser unersch\u00f6pfliche Schuh mit wasserdichtem Haut und Nicht -Slip -Sohle aktualisiert.<\/span> <br \/> Im Angebot von Amazon.de seit \u200f : \u200e  25. Juni 2020 <br \/> Hersteller \u200f : \u200e  HOKA ONE ONE <br \/> ASIN \u200f : \u200e  B0838KFQ7H <br \/> Modellnummer \u200f : \u200e  1110520-BBLC <br \/> Kategorie \u200f : \u200e  Herren <\/p>\n<p>[ad_2]<\/p>\n","protected":false},"excerpt":{"rendered":"<p>Price: [price_with_discount](as of [price_update_date] &#8211; Details) [ad_1] Einer der ersten Erg\u00e4nzungen der gesch\u00e4tzten Familie Bondi, die neue Bondi, l\u00f6st die Silhouette des am meisten gepolsterten Schuhs unter den Hoka Road<\/p>\n","protected":false},"featured_media":63035,"comment_status":"open","ping_status":"closed","template":"","meta":[],"product_cat":[234],"product_tag":[235],"class_list":{"0":"post-63034","1":"product","2":"type-product","3":"status-publish","4":"has-post-thumbnail","6":"product_cat-shoes","7":"product_tag-mens-road-running-shoes","9":"first","10":"instock","11":"shipping-taxable","12":"product-type-external"},"aioseo_notices":[],"_links":{"self":[{"href":"https:\/\/topgetestet.de\/index.php?rest_route=\/wp\/v2\/product\/63034","targetHints":{"allow":["GET"]}}],"collection":[{"href":"https:\/\/topgetestet.de\/index.php?rest_route=\/wp\/v2\/product"}],"about":[{"href":"https:\/\/topgetestet.de\/index.php?rest_route=\/wp\/v2\/types\/product"}],"replies":[{"embeddable":true,"href":"https:\/\/topgetestet.de\/index.php?rest_route=%2Fwp%2Fv2%2Fcomments&post=63034"}],"wp:featuredmedia":[{"embeddable":true,"href":"https:\/\/topgetestet.de\/index.php?rest_route=\/wp\/v2\/media\/63035"}],"wp:attachment":[{"href":"https:\/\/topgetestet.de\/index.php?rest_route=%2Fwp%2Fv2%2Fmedia&parent=63034"}],"wp:term":[{"taxonomy":"product_cat","embeddable":true,"href":"https:\/\/topgetestet.de\/index.php?rest_route=%2Fwp%2Fv2%2Fproduct_cat&post=63034"},{"taxonomy":"product_tag","embeddable":true,"href":"https:\/\/topgetestet.de\/index.php?rest_route=%2Fwp%2Fv2%2Fproduct_tag&post=63034"}],"curies":[{"name":"wp","href":"https:\/\/api.w.org\/{rel}","templated":true}]}}