{"id":62991,"date":"2022-10-14T11:23:12","date_gmt":"2022-10-14T11:23:12","guid":{"rendered":"https:\/\/topgetestet.de\/?product=song-of-horror-deluxe-edition-ps4-deluxe-edition"},"modified":"2022-10-14T11:23:12","modified_gmt":"2022-10-14T11:23:12","slug":"song-of-horror-deluxe-edition-ps4-deluxe-edition","status":"publish","type":"product","link":"https:\/\/topgetestet.de\/?product=song-of-horror-deluxe-edition-ps4-deluxe-edition","title":{"rendered":"Song of Horror Deluxe Edition PS4 &#8211; Deluxe Edition"},"content":{"rendered":"<p>Price: <span style=\"color:#b12704\">[price_with_discount]<\/span><br \/><i><small>(as of [price_update_date] &#8211; <span class=\"wp_automatic_amazon_disclaimer\" title=\"Product prices and availability are accurate as of the date\/time indicated and are subject to change. Any price and availability information displayed on [relevant Amazon Site(s), as applicable] at the time of purchase will apply to the purchase of this product.\">Details<\/span>)<\/small><\/i><\/p>\n<p><a href=\"https:\/\/amazon.de\/dp\/B092WJY1CN?tag=topgetestet09-21\"><img decoding=\"async\" src=\"https:\/\/i.imgur.com\/ISRHEWs.png\"><\/a><br \/>\n[ad_1]<br \/>\n <span>Der ber\u00fchmte Schriftsteller Sebastian P. Husher ist mit seiner ganzen Familie verschwunden. Besorgt schickte sein Redakteur einen Assistenten zu ihm nach Hause, um nach ihm zu suchen &#8211; aber er kam nie zur\u00fcck\u2026 Dieses Verschwinden l\u00f6st eine Reihe von Ereignissen aus, die bald etwas Schreckliches enth\u00fcllen werden: Eine namenlose, dunkle Entit\u00e4t, die nur als The Presence bekannt ist, scheint zu sein verantwortlich. Song of Horror bietet ein wahrhaft dynamisches Terror-Erlebnis: Sein Antagonist, das \u00fcbernat\u00fcrliche Wesen, das nur als The Presence bekannt ist, wird von einer fortschrittlichen KI (K\u00fcnstliche Intelligenz) gesteuert, die sich Ihren Handlungen und Entscheidungen anpasst. Erleben Sie unertr\u00e4gliche Angst, w\u00e4hrend dieses jenseitige Wesen auf Ihre Spielweise reagiert und Sie auf unerwartete Weise jagt. Als Spieler werden Sie diese Geschichte durch die Augen einer Vielzahl von Charakteren erleben, die auf ihre eigene Weise mit der Geschichte verbunden sind. Jeder Charakter ist anders und bringt seinen einzigartigen Standpunkt in die Ermittlungen ein, sodass er sich Hinweisen und Gegenst\u00e4nden anders ann\u00e4hern kann. Ihre Handlungen und Entscheidungen werden die Welt pr\u00e4gen: Einige von ihnen werden bestimmte Aspekte der Geschichte mehr oder weniger kennen; einige werden gegen \u00fcbernat\u00fcrliche Manifestationen wirksamer sein, aber alle k\u00f6nnen sterben, wenn die Pr\u00e4senz sie erreicht &#8211; und der Tod ist dauerhaft. Wenn sie sterben, m\u00fcssen Sie die Geschichte mit einem anderen aufnehmen und die Ermittlungen fortsetzen, damit ihr Tod nicht umsonst ist.<\/span> <br \/> Alterseinstufung \u200f : \u200e  USK ab 16 freigegeben <br \/> Sprache \u200f : \u200e  Englisch <br \/> Produktabmessungen \u200f : \u200e  39.8 x 15.5 x 19.9 cm; 130 Gramm <br \/> Erscheinungstermin \u200f : \u200e  30. Juli 2021 <br \/> Untertitel: \u200f : \u200e  Deutsch, Englisch, Spanisch, Franz\u00f6sisch <br \/> ASIN \u200f : \u200e  B092WJY1CN <br \/> Modellnummer \u200f : \u200e  19SONHO2 <br \/> Herkunftsland \u200f : \u200e  \u00d6sterreich <\/p>\n<p>Jeder Ort in Song of Horror ist von den Klassikern des Genres inspiriert<br \/>Erkunden und untersuchen Sie diese verwunschenen Orte, um Hinweise und Gegenst\u00e4nde zu sammeln, die Ihnen helfen, herausfordernde R\u00e4tsel zu l\u00f6sen<br \/>\n<br \/>[ad_2]<\/p>\n","protected":false},"excerpt":{"rendered":"<p>Price: [price_with_discount](as of [price_update_date] &#8211; Details) [ad_1] Der ber\u00fchmte Schriftsteller Sebastian P. Husher ist mit seiner ganzen Familie verschwunden. Besorgt schickte sein Redakteur einen Assistenten zu ihm nach Hause, um<\/p>\n","protected":false},"featured_media":62992,"comment_status":"open","ping_status":"closed","template":"","meta":[],"product_cat":[227],"product_tag":[261],"class_list":{"0":"post-62991","1":"product","2":"type-product","3":"status-publish","4":"has-post-thumbnail","6":"product_cat-gaming","7":"product_tag-playstation-legacy-games","9":"first","10":"instock","11":"sale","12":"shipping-taxable","13":"product-type-external"},"aioseo_notices":[],"_links":{"self":[{"href":"https:\/\/topgetestet.de\/index.php?rest_route=\/wp\/v2\/product\/62991","targetHints":{"allow":["GET"]}}],"collection":[{"href":"https:\/\/topgetestet.de\/index.php?rest_route=\/wp\/v2\/product"}],"about":[{"href":"https:\/\/topgetestet.de\/index.php?rest_route=\/wp\/v2\/types\/product"}],"replies":[{"embeddable":true,"href":"https:\/\/topgetestet.de\/index.php?rest_route=%2Fwp%2Fv2%2Fcomments&post=62991"}],"wp:featuredmedia":[{"embeddable":true,"href":"https:\/\/topgetestet.de\/index.php?rest_route=\/wp\/v2\/media\/62992"}],"wp:attachment":[{"href":"https:\/\/topgetestet.de\/index.php?rest_route=%2Fwp%2Fv2%2Fmedia&parent=62991"}],"wp:term":[{"taxonomy":"product_cat","embeddable":true,"href":"https:\/\/topgetestet.de\/index.php?rest_route=%2Fwp%2Fv2%2Fproduct_cat&post=62991"},{"taxonomy":"product_tag","embeddable":true,"href":"https:\/\/topgetestet.de\/index.php?rest_route=%2Fwp%2Fv2%2Fproduct_tag&post=62991"}],"curies":[{"name":"wp","href":"https:\/\/api.w.org\/{rel}","templated":true}]}}