{"id":62939,"date":"2022-10-14T11:07:36","date_gmt":"2022-10-14T11:07:36","guid":{"rendered":"https:\/\/topgetestet.de\/?product=vanguard-kameratasche-trolley-rucksack-veo-select-55bt-schwarz"},"modified":"2022-10-14T11:07:36","modified_gmt":"2022-10-14T11:07:36","slug":"vanguard-kameratasche-trolley-rucksack-veo-select-55bt-schwarz","status":"publish","type":"product","link":"https:\/\/topgetestet.de\/?product=vanguard-kameratasche-trolley-rucksack-veo-select-55bt-schwarz","title":{"rendered":"Vanguard Kameratasche Trolley Rucksack VEO Select 55BT schwarz"},"content":{"rendered":"<p>Price: <span style=\"color:#b12704\">[price_with_discount]<\/span><br \/><i><small>(as of [price_update_date] &#8211; <span class=\"wp_automatic_amazon_disclaimer\" title=\"Product prices and availability are accurate as of the date\/time indicated and are subject to change. Any price and availability information displayed on [relevant Amazon Site(s), as applicable] at the time of purchase will apply to the purchase of this product.\">Details<\/span>)<\/small><\/i><\/p>\n<p><a href=\"https:\/\/amazon.de\/dp\/B07TS9YM89?tag=topgetestet09-21\"><img decoding=\"async\" src=\"https:\/\/i.imgur.com\/ISRHEWs.png\"><\/a><br \/>\n[ad_1]<br \/>\n <span>Wie all unsere Rucks\u00e4cke besitzen auch die stylischen Trolley-Rucks\u00e4cke der VEO SELECT Serie ein modernes Design, welches sich nicht unmittelbar ansehen l\u00e4sst, dass es sich eigentlich um einen Kamera Rucksack handelt und dadurch optimal im Alltag eingesetzt werden kann. Sie eignen sich hervorragend f\u00fcr den sicheren Transport von mittleren bis gro\u00dfen DSLR\/ Spiegellosen Kameras und bieten maximale Flexibilit\u00e4t des Stauraums, aufgrund der individuell anpassbaren und herausnehmbaren Partitionen im Innenraum. S\u00e4mtliche Modelle sind aus hochwertigem, weichem Material gefertigt und bieten ergonomische Gurtsysteme f\u00fcr h\u00f6chsten Komfort. Au\u00dferdem verf\u00fcgen alle Varianten \u00fcber ein gepolstertes Laptop-Fach und sind serienm\u00e4\u00dfig mit einem separaten Regenschutz ausgestattet.<\/span> <br \/>2 IN 1 FUNKTION: robuster 4-Rad Trolley mit Doppelstangengriff &#038; Rucksack mit bequemen Riemen und verstellbarem H\u00fcftgurt<br \/>STATIVHALTERUNG: Stativtasche an der Seite inkl. Befestigung<br \/>GRO\u00dfER STAURAM: Anpassbare Aufteilungen Platz f\u00fcr bis zu einem Profi-Kit &#8211; mit entfernbarer Innenaufteilung<br \/>RUNDUM GESCH\u00dcTZT: Gut gepolstert und mit Netzen versehen, die verhindern, dass die Ausr\u00fcstung beim \u00d6ffnen herausf\u00e4llt<br \/>SICHER UNTERWEGS: Rei\u00dfverschl\u00fcsse haben L\u00f6cher, um sie mit einem Vorh\u00e4ngeschloss und doppelten Sicherheitsschnallen sichern zu k\u00f6nnen<br \/>2 IN 1 FUNKTION: robuster 4-Rad Trolley mit Doppelstangengriff &#038; Rucksack mit bequemen Riemen und verstellbarem H\u00fcftgurt<br \/>STATIVHALTERUNG: Stativtasche an der Seite inkl. Befestigung<br \/>\n<br \/>[ad_2]<\/p>\n","protected":false},"excerpt":{"rendered":"<p>Price: [price_with_discount](as of [price_update_date] &#8211; Details) [ad_1] Wie all unsere Rucks\u00e4cke besitzen auch die stylischen Trolley-Rucks\u00e4cke der VEO SELECT Serie ein modernes Design, welches sich nicht unmittelbar ansehen l\u00e4sst, dass<\/p>\n","protected":false},"featured_media":62940,"comment_status":"open","ping_status":"closed","template":"","meta":[],"product_cat":[225],"product_tag":[],"class_list":{"0":"post-62939","1":"product","2":"type-product","3":"status-publish","4":"has-post-thumbnail","6":"product_cat-electronics","8":"first","9":"instock","10":"sale","11":"shipping-taxable","12":"product-type-external"},"aioseo_notices":[],"_links":{"self":[{"href":"https:\/\/topgetestet.de\/index.php?rest_route=\/wp\/v2\/product\/62939","targetHints":{"allow":["GET"]}}],"collection":[{"href":"https:\/\/topgetestet.de\/index.php?rest_route=\/wp\/v2\/product"}],"about":[{"href":"https:\/\/topgetestet.de\/index.php?rest_route=\/wp\/v2\/types\/product"}],"replies":[{"embeddable":true,"href":"https:\/\/topgetestet.de\/index.php?rest_route=%2Fwp%2Fv2%2Fcomments&post=62939"}],"wp:featuredmedia":[{"embeddable":true,"href":"https:\/\/topgetestet.de\/index.php?rest_route=\/wp\/v2\/media\/62940"}],"wp:attachment":[{"href":"https:\/\/topgetestet.de\/index.php?rest_route=%2Fwp%2Fv2%2Fmedia&parent=62939"}],"wp:term":[{"taxonomy":"product_cat","embeddable":true,"href":"https:\/\/topgetestet.de\/index.php?rest_route=%2Fwp%2Fv2%2Fproduct_cat&post=62939"},{"taxonomy":"product_tag","embeddable":true,"href":"https:\/\/topgetestet.de\/index.php?rest_route=%2Fwp%2Fv2%2Fproduct_tag&post=62939"}],"curies":[{"name":"wp","href":"https:\/\/api.w.org\/{rel}","templated":true}]}}