{"id":62818,"date":"2022-10-14T10:37:57","date_gmt":"2022-10-14T10:37:57","guid":{"rendered":"https:\/\/topgetestet.de\/?product=reebok-herren-ever-road-dmx-3-0-lthr-laufschuhe"},"modified":"2022-10-14T10:37:57","modified_gmt":"2022-10-14T10:37:57","slug":"reebok-herren-ever-road-dmx-3-0-lthr-laufschuhe","status":"publish","type":"product","link":"https:\/\/topgetestet.de\/?product=reebok-herren-ever-road-dmx-3-0-lthr-laufschuhe","title":{"rendered":"Reebok Herren Ever Road DMX 3.0 Lthr Laufschuhe"},"content":{"rendered":"<p>Price: <span style=\"color:#b12704\">[price_with_discount]<\/span><br \/><i><small>(as of [price_update_date] &#8211; <span class=\"wp_automatic_amazon_disclaimer\" title=\"Product prices and availability are accurate as of the date\/time indicated and are subject to change. Any price and availability information displayed on [relevant Amazon Site(s), as applicable] at the time of purchase will apply to the purchase of this product.\">Details<\/span>)<\/small><\/i><\/p>\n<p><a href=\"https:\/\/amazon.de\/dp\/B08CBKFQ6R?tag=topgetestet09-21\"><img decoding=\"async\" src=\"https:\/\/i.imgur.com\/ISRHEWs.png\"><\/a><br \/>\n[ad_1]<br \/>\n <span>Stylish und komfortabel. Ein geschmeidiges Leder-Obermaterial verleiht diesem Walking-Schuh f\u00fcr M\u00e4nner einen luxuri\u00f6sen Touch. Die vom Archiv inspirierte \u201eMoving Air\u201c-D\u00e4mpfung bietet Komfort auf Schritt und Tritt. Die strapazierf\u00e4hige Au\u00dfensohle ist besonders griffig f\u00fcr mehr Stabilit\u00e4t und Traktion.<\/span> <br \/> Verpackungsabmessungen \u200f : \u200e  35.29 x 21.4 x 12.1 cm; 740 Gramm <br \/> Im Angebot von Amazon.de seit \u200f : \u200e  6. Juli 2020 <br \/> Hersteller \u200f : \u200e  Reebok <br \/> ASIN \u200f : \u200e  B08CBJJGZ1 <br \/> Modellnummer \u200f : \u200e  FU9278 <br \/> Kategorie \u200f : \u200e  Herren <\/p>\n<p>Innenmaterial: Synthetik<br \/>Sohle: Synthetik<br \/>Verschluss: Schn\u00fcrung<br \/>Absatzform: Flach<br \/>Schuhweite: Medium<br \/>Nicht wasserfest<br \/>\n<br \/>[ad_2]<\/p>\n","protected":false},"excerpt":{"rendered":"<p>Price: [price_with_discount](as of [price_update_date] &#8211; Details) [ad_1] Stylish und komfortabel. Ein geschmeidiges Leder-Obermaterial verleiht diesem Walking-Schuh f\u00fcr M\u00e4nner einen luxuri\u00f6sen Touch. Die vom Archiv inspirierte \u201eMoving Air\u201c-D\u00e4mpfung bietet Komfort auf<\/p>\n","protected":false},"featured_media":62819,"comment_status":"open","ping_status":"closed","template":"","meta":[],"product_cat":[234],"product_tag":[235],"class_list":{"0":"post-62818","1":"product","2":"type-product","3":"status-publish","4":"has-post-thumbnail","6":"product_cat-shoes","7":"product_tag-mens-road-running-shoes","9":"first","10":"instock","11":"shipping-taxable","12":"product-type-external"},"aioseo_notices":[],"_links":{"self":[{"href":"https:\/\/topgetestet.de\/index.php?rest_route=\/wp\/v2\/product\/62818","targetHints":{"allow":["GET"]}}],"collection":[{"href":"https:\/\/topgetestet.de\/index.php?rest_route=\/wp\/v2\/product"}],"about":[{"href":"https:\/\/topgetestet.de\/index.php?rest_route=\/wp\/v2\/types\/product"}],"replies":[{"embeddable":true,"href":"https:\/\/topgetestet.de\/index.php?rest_route=%2Fwp%2Fv2%2Fcomments&post=62818"}],"wp:featuredmedia":[{"embeddable":true,"href":"https:\/\/topgetestet.de\/index.php?rest_route=\/wp\/v2\/media\/62819"}],"wp:attachment":[{"href":"https:\/\/topgetestet.de\/index.php?rest_route=%2Fwp%2Fv2%2Fmedia&parent=62818"}],"wp:term":[{"taxonomy":"product_cat","embeddable":true,"href":"https:\/\/topgetestet.de\/index.php?rest_route=%2Fwp%2Fv2%2Fproduct_cat&post=62818"},{"taxonomy":"product_tag","embeddable":true,"href":"https:\/\/topgetestet.de\/index.php?rest_route=%2Fwp%2Fv2%2Fproduct_tag&post=62818"}],"curies":[{"name":"wp","href":"https:\/\/api.w.org\/{rel}","templated":true}]}}