{"id":62749,"date":"2022-10-14T10:23:38","date_gmt":"2022-10-14T10:23:38","guid":{"rendered":"https:\/\/topgetestet.de\/?product=new-balance-herren-shando-v1-traillaufschuh"},"modified":"2022-10-14T10:23:38","modified_gmt":"2022-10-14T10:23:38","slug":"new-balance-herren-shando-v1-traillaufschuh","status":"publish","type":"product","link":"https:\/\/topgetestet.de\/?product=new-balance-herren-shando-v1-traillaufschuh","title":{"rendered":"New Balance Herren Shando V1 Traillaufschuh"},"content":{"rendered":"<p>Price: <span style=\"color:#b12704\">[price_with_discount]<\/span><br \/><i><small>(as of [price_update_date] &#8211; <span class=\"wp_automatic_amazon_disclaimer\" title=\"Product prices and availability are accurate as of the date\/time indicated and are subject to change. Any price and availability information displayed on [relevant Amazon Site(s), as applicable] at the time of purchase will apply to the purchase of this product.\">Details<\/span>)<\/small><\/i><\/p>\n<p><a href=\"https:\/\/amazon.de\/dp\/B0817DXHP2?tag=topgetestet09-21\"><img decoding=\"async\" src=\"https:\/\/i.imgur.com\/ISRHEWs.png\"><\/a><br \/>\n[ad_1]<br \/>\n <span>F\u00fcr Laufausr\u00fcstung, die zu Ihrer furchtlosen Leistung passt, greifen Sie nach dem stilvollen und funktionalen New Balance Shando Trailrunning-Schuh an. Diese vielseitigen Laufschuhe beinhalten eine AT-Profil-Au\u00dfensohle, die sowohl bei On- als auch Off-Road-Aktivit\u00e4ten Traktion bietet, so dass Sie Ihr Training abseits des geschlagenen Pfads nehmen k\u00f6nnen, wenn der Moment trifft. Au\u00dferdem kombiniert eine DynaSoft-Mittelsohle ultra-reaktionsschnelle Leistung mit pl\u00fcschigem Komfort, der sowohl f\u00fcr harte Trail-L\u00e4ufe als auch den ganzen Tag getragen werden kann. Diese New Balance Laufschuhe verf\u00fcgen \u00fcber ein bequemes Textil-Mesh-Obermaterial f\u00fcr zus\u00e4tzliche Atmungsaktivit\u00e4t und Bel\u00fcftung, damit Sie sich bequem f\u00fchlen, wenn Ihr Training oder das Wetter aufheizt. So stilvoll wie funktional, diese gepolsterten Laufschuhe verf\u00fcgen \u00fcber moderne Design-Details, einschlie\u00dflich progressiver Schn\u00fcrung, durchscheinendem Mesh-Material, aggressive Webdetails und nicht-traditionelles Markenzeichen, das auf den Trails genauso gut aussieht wie auf den Stadtstra\u00dfen. Diese Laufschuhe sind auch in einer Reihe von Farben erh\u00e4ltlich, passend zu Ihrem Stil und haben einen 8 mm langen Tropfen. Aufgrund von Abweichungen w\u00e4hrend der Entwicklungs- und Herstellungsprozesse sind alle Referenzen auf 8 mm Tropfen ungef\u00e4hre Angaben.<\/span> <br \/> Produktabmessungen \u200f : \u200e  25.4 x 38.1 x 15.24 cm; 400 Gramm <br \/> Im Angebot von Amazon.de seit \u200f : \u200e  6. November 2020 <br \/> Hersteller \u200f : \u200e  New Balance Athletics, Inc. <br \/> ASIN \u200f : \u200e  B0817DR3MC <br \/> Modellnummer \u200f : \u200e  MTSHALK <br \/> Kategorie \u200f : \u200e  Herren <\/p>\n<p>Sohle: Gummi<br \/>Verschluss: Kordelzug<br \/>Absatzh\u00f6he: 1.5 Zoll<br \/>Absatzform: Flach<br \/>Materialzusammensetzung: 50% Synthetik, 50% Mesh<br \/>Schuhweite: Schmal<br \/>Nicht wasserfest<br \/>\n<br \/>[ad_2]<\/p>\n","protected":false},"excerpt":{"rendered":"<p>Price: [price_with_discount](as of [price_update_date] &#8211; Details) [ad_1] F\u00fcr Laufausr\u00fcstung, die zu Ihrer furchtlosen Leistung passt, greifen Sie nach dem stilvollen und funktionalen New Balance Shando Trailrunning-Schuh an. Diese vielseitigen Laufschuhe<\/p>\n","protected":false},"featured_media":62750,"comment_status":"open","ping_status":"closed","template":"","meta":[],"product_cat":[234],"product_tag":[235],"class_list":{"0":"post-62749","1":"product","2":"type-product","3":"status-publish","4":"has-post-thumbnail","6":"product_cat-shoes","7":"product_tag-mens-road-running-shoes","9":"first","10":"instock","11":"shipping-taxable","12":"product-type-external"},"aioseo_notices":[],"_links":{"self":[{"href":"https:\/\/topgetestet.de\/index.php?rest_route=\/wp\/v2\/product\/62749","targetHints":{"allow":["GET"]}}],"collection":[{"href":"https:\/\/topgetestet.de\/index.php?rest_route=\/wp\/v2\/product"}],"about":[{"href":"https:\/\/topgetestet.de\/index.php?rest_route=\/wp\/v2\/types\/product"}],"replies":[{"embeddable":true,"href":"https:\/\/topgetestet.de\/index.php?rest_route=%2Fwp%2Fv2%2Fcomments&post=62749"}],"wp:featuredmedia":[{"embeddable":true,"href":"https:\/\/topgetestet.de\/index.php?rest_route=\/wp\/v2\/media\/62750"}],"wp:attachment":[{"href":"https:\/\/topgetestet.de\/index.php?rest_route=%2Fwp%2Fv2%2Fmedia&parent=62749"}],"wp:term":[{"taxonomy":"product_cat","embeddable":true,"href":"https:\/\/topgetestet.de\/index.php?rest_route=%2Fwp%2Fv2%2Fproduct_cat&post=62749"},{"taxonomy":"product_tag","embeddable":true,"href":"https:\/\/topgetestet.de\/index.php?rest_route=%2Fwp%2Fv2%2Fproduct_tag&post=62749"}],"curies":[{"name":"wp","href":"https:\/\/api.w.org\/{rel}","templated":true}]}}