{"id":62677,"date":"2022-10-14T10:02:03","date_gmt":"2022-10-14T10:02:03","guid":{"rendered":"https:\/\/topgetestet.de\/?product=browning-piege-photo-patriot"},"modified":"2022-10-14T10:02:03","modified_gmt":"2022-10-14T10:02:03","slug":"browning-piege-photo-patriot","status":"publish","type":"product","link":"https:\/\/topgetestet.de\/?product=browning-piege-photo-patriot","title":{"rendered":"BROWNING Pi\u00e8ge Photo Patriot"},"content":{"rendered":"<p>Price: <span style=\"color:#b12704\">[price_with_discount]<\/span><br \/><i><small>(as of [price_update_date] &#8211; <span class=\"wp_automatic_amazon_disclaimer\" title=\"Product prices and availability are accurate as of the date\/time indicated and are subject to change. Any price and availability information displayed on [relevant Amazon Site(s), as applicable] at the time of purchase will apply to the purchase of this product.\">Details<\/span>)<\/small><\/i><\/p>\n<p><a href=\"https:\/\/amazon.de\/dp\/B0892T3S36?tag=topgetestet09-21\"><img decoding=\"async\" src=\"https:\/\/i.imgur.com\/ISRHEWs.png\"><\/a><br \/>\n[ad_1]<br \/>\n <span>Die Patriot ist die neueste Erg\u00e4nzung unserer Dual-Objektiv-Familie von Trail-Kameras mit unsichtbarer Infrarot-Beleuchtungstechnologie. Die Patriot Trail-Kamera verf\u00fcgt \u00fcber 2 eingebaute Kamerasensoren und Objektiv-Arrays. Die Kombination aus Sensor und Objektiv f\u00fcr die Tagesfotografie ist fein abgestimmt, um tags\u00fcber klare, gestochen scharfe Bilder und Videos im Feld zu liefern. Der Nachtsichtsensor und das Linsensystem liefern Nachtfotos und Videos mit unsichtbarer Infrarotbeleuchtung. Der Patriot verf\u00fcgt auch \u00fcber einen 5,1 cm gro\u00dfen Farbansichtsbildschirm, einstellbare Nachtbeleuchtungsoptionen und nimmt 1080p Full HD-Videos mit bis zu 60 Bildern pro Sekunde auf. Wenn Sie auf der Suche nach unserer umfangreichsten Trail-Kamera sind, die im Wald v\u00f6llig unsichtbar ist, bei Tag oder Nacht funktioniert, sind Sie hier genau richtig. Kamera-Funktionen: 24 MP \u2013 Dual-Kamera-Objektiv-Technologie \u2013 2 Farb-Bildschirme \u2013 unsichtbare Nacht-IR-Beleuchtung \u2013 33,5 m Beleuchtungsbereich bei Nacht \u2013 27,4 m IR-Erkennungsbereich \u2013 einstellbarer Blitzbereich \u2013 energiesparend, lange Reichweite \u2013 1920 x 1080 Full-HD-Videos mit Ton \u2013 60 fps 5 Sek. \u2013 2 Minuten. L\u00e4nge \u2013 0,15 Sekunden Ausl\u00f6segeschwindigkeit \u2013 0,35 Sekunden Bildwiederherstellungszeit \u2013 Illuma-Smart Technologie passt den IR-Blitz automatisch f\u00fcr perfekte Nachtfotos an \u2013 Halterung aus Stahl \u2013 SD-Karten-Management \u2013 Lange Akkulaufzeit von 8 AA-Batterien nicht im Lieferumfang enthalten \u2013 bis zu 8 Aufnahmen \u2013 Smart IR-Video \u2013 w\u00e4hlbarer Start-\/Stopp-Bild-Timer \u2013 Programmierbare Bildverz\u00f6gerung 1 Sek. 60 Min. &#8211; Bild-Infoleiste zeigt Uhrzeit, Datum, Temperatur, Mondphase, Luftdruck, Kamera-ID &#8211; 12 Volt externe Stromanschluss &#8211; Unterst\u00fctzt bis zu 512 GB SDXC-Speicherkarte nicht im Lieferumfang enthalten &#8211; 1\/4-20 Stativbuchse &#8211; Kompakte Geh\u00e4usegr\u00f6\u00dfe 5 x 3,75 x 2,5 &#8211; Timelapse Plus Kamera-Modus mit IR-ausgel\u00f6sten Bildern &#8211; Kompatibel mit Browning Buck Watch Timelapse Wer-Software<\/span> <br \/>1920 x 1080 Full-HD-Videos mit Sound: Einstellbare Nachtbeleuchtungsoptionen und schie\u00dft 1080p Full-HD-Videos mit bis zu 60 Bildern pro Sekunde.<br \/>Dual-Kamera-Objektiv-Technologie: Die Patriot Trail-Kamera verf\u00fcgt \u00fcber 2 eingebaute Kamerasensoren und Objektiv-Arrays. Diese Kamera verf\u00fcgt \u00fcber eine erstaunliche fortschrittliche Technologie.<br \/>Unsichtbare Infrarot-Beleuchtung: Der milit\u00e4rische Nachtsichtsensor und das Linsensystem liefern Fotos und Videos bei Nacht mit unsichtbarer Infrarotbeleuchtung.<br \/>5,1 cm (2 Zoll) Farbbildschirm: Der Patriot verf\u00fcgt auch \u00fcber einen 5,1 cm (2 Zoll) gro\u00dfen Farbansichtsbildschirm. Klares Auge und einfach zu sehen.<br \/>\n<br \/>[ad_2]<\/p>\n","protected":false},"excerpt":{"rendered":"<p>Price: [price_with_discount](as of [price_update_date] &#8211; Details) [ad_1] Die Patriot ist die neueste Erg\u00e4nzung unserer Dual-Objektiv-Familie von Trail-Kameras mit unsichtbarer Infrarot-Beleuchtungstechnologie. Die Patriot Trail-Kamera verf\u00fcgt \u00fcber 2 eingebaute Kamerasensoren und Objektiv-Arrays.<\/p>\n","protected":false},"featured_media":62678,"comment_status":"open","ping_status":"closed","template":"","meta":[],"product_cat":[225],"product_tag":[],"class_list":{"0":"post-62677","1":"product","2":"type-product","3":"status-publish","4":"has-post-thumbnail","6":"product_cat-electronics","8":"first","9":"instock","10":"shipping-taxable","11":"product-type-external"},"aioseo_notices":[],"_links":{"self":[{"href":"https:\/\/topgetestet.de\/index.php?rest_route=\/wp\/v2\/product\/62677","targetHints":{"allow":["GET"]}}],"collection":[{"href":"https:\/\/topgetestet.de\/index.php?rest_route=\/wp\/v2\/product"}],"about":[{"href":"https:\/\/topgetestet.de\/index.php?rest_route=\/wp\/v2\/types\/product"}],"replies":[{"embeddable":true,"href":"https:\/\/topgetestet.de\/index.php?rest_route=%2Fwp%2Fv2%2Fcomments&post=62677"}],"wp:featuredmedia":[{"embeddable":true,"href":"https:\/\/topgetestet.de\/index.php?rest_route=\/wp\/v2\/media\/62678"}],"wp:attachment":[{"href":"https:\/\/topgetestet.de\/index.php?rest_route=%2Fwp%2Fv2%2Fmedia&parent=62677"}],"wp:term":[{"taxonomy":"product_cat","embeddable":true,"href":"https:\/\/topgetestet.de\/index.php?rest_route=%2Fwp%2Fv2%2Fproduct_cat&post=62677"},{"taxonomy":"product_tag","embeddable":true,"href":"https:\/\/topgetestet.de\/index.php?rest_route=%2Fwp%2Fv2%2Fproduct_tag&post=62677"}],"curies":[{"name":"wp","href":"https:\/\/api.w.org\/{rel}","templated":true}]}}