{"id":62368,"date":"2022-10-14T08:56:19","date_gmt":"2022-10-14T08:56:19","guid":{"rendered":"https:\/\/topgetestet.de\/?product=s-oliver-damen-5-5-23614-37-sneaker"},"modified":"2022-10-14T08:56:19","modified_gmt":"2022-10-14T08:56:19","slug":"s-oliver-damen-5-5-23614-37-sneaker","status":"publish","type":"product","link":"https:\/\/topgetestet.de\/?product=s-oliver-damen-5-5-23614-37-sneaker","title":{"rendered":"s.Oliver Damen 5-5-23614-37 Sneaker"},"content":{"rendered":"<p>Price: <span style=\"color:#b12704\">[price_with_discount]<\/span><br \/><i><small>(as of [price_update_date] &#8211; <span class=\"wp_automatic_amazon_disclaimer\" title=\"Product prices and availability are accurate as of the date\/time indicated and are subject to change. Any price and availability information displayed on [relevant Amazon Site(s), as applicable] at the time of purchase will apply to the purchase of this product.\">Details<\/span>)<\/small><\/i><\/p>\n<p><a href=\"https:\/\/amazon.de\/dp\/B08PDMB64D?tag=topgetestet09-21\"><img decoding=\"async\" src=\"https:\/\/i.imgur.com\/ISRHEWs.png\"><\/a><br \/>\n[ad_1]<br \/>\n <span>s.Oliver f\u00fcllt Ihre W\u00fcnsche mit Leben und pr\u00e4sentiert Mode f\u00fcr die gesamte Familie, stets mit besonderem Fokus auf Tragbarkeit. Moderne Styles, die allen Anforderungen des Alltags gerecht werden und dabei stets den modischen Anspruch im Auge behalten. Mit den Looks von s.Oliver liegen Sie immer richtig. Eine Kollektion, mit der sich garantiert jeder wohl f\u00fchlt.<\/span> <br \/> Verpackungsabmessungen \u200f : \u200e  31.2 x 20.7 x 11.4 cm; 920 Gramm <br \/> Im Angebot von Amazon.de seit \u200f : \u200e  1. Dezember 2020 <br \/> Hersteller \u200f : \u200e  shoe.com GmbH &#038; Co. KG <br \/> ASIN \u200f : \u200e  B08PDMB64D <br \/> Modellnummer \u200f : \u200e  5-5-23614-37 <br \/> Kategorie \u200f : \u200e  Damen <\/p>\n<p>[ad_2]<\/p>\n","protected":false},"excerpt":{"rendered":"<p>Price: [price_with_discount](as of [price_update_date] &#8211; Details) [ad_1] s.Oliver f\u00fcllt Ihre W\u00fcnsche mit Leben und pr\u00e4sentiert Mode f\u00fcr die gesamte Familie, stets mit besonderem Fokus auf Tragbarkeit. Moderne Styles, die allen<\/p>\n","protected":false},"featured_media":62369,"comment_status":"open","ping_status":"closed","template":"","meta":[],"product_cat":[230],"product_tag":[266],"class_list":{"0":"post-62368","1":"product","2":"type-product","3":"status-publish","4":"has-post-thumbnail","6":"product_cat-fashion","7":"product_tag-womens-fashion-sneakers","9":"first","10":"instock","11":"shipping-taxable","12":"product-type-external"},"aioseo_notices":[],"_links":{"self":[{"href":"https:\/\/topgetestet.de\/index.php?rest_route=\/wp\/v2\/product\/62368","targetHints":{"allow":["GET"]}}],"collection":[{"href":"https:\/\/topgetestet.de\/index.php?rest_route=\/wp\/v2\/product"}],"about":[{"href":"https:\/\/topgetestet.de\/index.php?rest_route=\/wp\/v2\/types\/product"}],"replies":[{"embeddable":true,"href":"https:\/\/topgetestet.de\/index.php?rest_route=%2Fwp%2Fv2%2Fcomments&post=62368"}],"wp:featuredmedia":[{"embeddable":true,"href":"https:\/\/topgetestet.de\/index.php?rest_route=\/wp\/v2\/media\/62369"}],"wp:attachment":[{"href":"https:\/\/topgetestet.de\/index.php?rest_route=%2Fwp%2Fv2%2Fmedia&parent=62368"}],"wp:term":[{"taxonomy":"product_cat","embeddable":true,"href":"https:\/\/topgetestet.de\/index.php?rest_route=%2Fwp%2Fv2%2Fproduct_cat&post=62368"},{"taxonomy":"product_tag","embeddable":true,"href":"https:\/\/topgetestet.de\/index.php?rest_route=%2Fwp%2Fv2%2Fproduct_tag&post=62368"}],"curies":[{"name":"wp","href":"https:\/\/api.w.org\/{rel}","templated":true}]}}