{"id":62302,"date":"2022-10-14T08:41:41","date_gmt":"2022-10-14T08:41:41","guid":{"rendered":"https:\/\/topgetestet.de\/?product=tom-tailor-damen-lightweight-steppjacke-mit-kapuze"},"modified":"2022-10-14T08:41:41","modified_gmt":"2022-10-14T08:41:41","slug":"tom-tailor-damen-lightweight-steppjacke-mit-kapuze","status":"publish","type":"product","link":"https:\/\/topgetestet.de\/?product=tom-tailor-damen-lightweight-steppjacke-mit-kapuze","title":{"rendered":"TOM TAILOR Damen Lightweight Steppjacke mit Kapuze"},"content":{"rendered":"<p>Price: <span style=\"color:#b12704\">[price_with_discount]<\/span><br \/><i><small>(as of [price_update_date] &#8211; <span class=\"wp_automatic_amazon_disclaimer\" title=\"Product prices and availability are accurate as of the date\/time indicated and are subject to change. Any price and availability information displayed on [relevant Amazon Site(s), as applicable] at the time of purchase will apply to the purchase of this product.\">Details<\/span>)<\/small><\/i><\/p>\n<p><a href=\"https:\/\/amazon.de\/dp\/B09MMFCFDW?tag=topgetestet09-21\"><img decoding=\"async\" src=\"https:\/\/i.imgur.com\/ISRHEWs.png\"><\/a><br \/>\n[ad_1]<\/p>\n<p>       Produktbeschreibung des Herstellers <\/p>\n<p>              <img decoding=\"async\" alt=\"1032095\" src=\"https:\/\/images-na.ssl-images-amazon.com\/images\/G\/01\/x-locale\/common\/grey-pixel.gif\" class=\"a-lazy-loaded\" data-src=\"https:\/\/m.media-amazon.com\/images\/S\/aplus-media-library-service-media\/3964e204-085a-4757-82f5-35e087cb240a.__CR0,150,970,300_PT0_SX970_V1___.jpg\"><\/p>\n<p>               <img decoding=\"async\" alt=\"1032095\" src=\"https:\/\/m.media-amazon.com\/images\/S\/aplus-media-library-service-media\/3964e204-085a-4757-82f5-35e087cb240a.__CR0,150,970,300_PT0_SX970_V1___.jpg\"><\/p>\n<p>              <img decoding=\"async\" alt=\"1033466\" src=\"https:\/\/images-na.ssl-images-amazon.com\/images\/G\/01\/x-locale\/common\/grey-pixel.gif\" class=\"a-lazy-loaded\" data-src=\"https:\/\/m.media-amazon.com\/images\/S\/aplus-media-library-service-media\/ec6b5fb4-b1f2-469e-8a38-d3ad37988a79.__CR0,14,560,560_PT0_SX300_V1___.jpg\"><\/p>\n<p>               <img decoding=\"async\" alt=\"1033466\" src=\"https:\/\/m.media-amazon.com\/images\/S\/aplus-media-library-service-media\/ec6b5fb4-b1f2-469e-8a38-d3ad37988a79.__CR0,14,560,560_PT0_SX300_V1___.jpg\"><\/p>\n<h3 class=\"a-spacing-mini\"> Produktdetails <\/h3>\n<\/p>\n<p>               Lightweight Jacke mit Kapuze<br \/>\n               Lang\u00e4rmlig mit Rei\u00dfverschluss und Kapuze<br \/>\n               Mit seitlichen Eingrifftaschen<br \/>\n               Mit Logo Badge am \u00c4rmel<br \/>\n               Regular Fit<br \/>\n               Mit stark elastischen Polyamidfasern<\/p>\n<p>              <img decoding=\"async\" alt=\"1033466\" src=\"https:\/\/images-na.ssl-images-amazon.com\/images\/G\/01\/x-locale\/common\/grey-pixel.gif\" class=\"a-lazy-loaded\" data-src=\"https:\/\/m.media-amazon.com\/images\/S\/aplus-media-library-service-media\/1a327fd0-c4de-4c7b-ae29-1ecf02389f61.__CR23,21,509,509_PT0_SX300_V1___.jpg\"><\/p>\n<p>               <img decoding=\"async\" alt=\"1033466\" src=\"https:\/\/m.media-amazon.com\/images\/S\/aplus-media-library-service-media\/1a327fd0-c4de-4c7b-ae29-1ecf02389f61.__CR23,21,509,509_PT0_SX300_V1___.jpg\"><\/p>\n<h3 class=\"a-spacing-mini\"> Waschhinweis <\/h3>\n<\/p>\n<p>               Keine chemische Reinigung m\u00f6glich<br \/>\n               Trocknen mit reduzierter thermischer Beanspruchung<br \/>\n               Kein B\u00fcgeln m\u00f6glich<br \/>\n               Schonwaschgang bei max. 30\u00b0C<\/p>\n<p>          <img decoding=\"async\" alt=\"tt women\" src=\"https:\/\/images-na.ssl-images-amazon.com\/images\/G\/01\/x-locale\/common\/grey-pixel.gif\" class=\"a-spacing-base a-lazy-loaded\" data-src=\"https:\/\/m.media-amazon.com\/images\/S\/aplus-media-library-service-media\/5de1ebed-d352-4e38-a028-ecac20684fdf.__CR231,0,1617,1000_PT0_SX970_V1___.jpg\"><\/p>\n<p>           <img decoding=\"async\" alt=\"tt women\" src=\"https:\/\/m.media-amazon.com\/images\/S\/aplus-media-library-service-media\/5de1ebed-d352-4e38-a028-ecac20684fdf.__CR231,0,1617,1000_PT0_SX970_V1___.jpg\"><\/p>\n<p>[ad_2]<\/p>\n","protected":false},"excerpt":{"rendered":"<p>Price: [price_with_discount](as of [price_update_date] &#8211; Details) [ad_1] Produktbeschreibung des Herstellers Produktdetails Lightweight Jacke mit Kapuze Lang\u00e4rmlig mit Rei\u00dfverschluss und Kapuze Mit seitlichen Eingrifftaschen Mit Logo Badge am \u00c4rmel Regular Fit<\/p>\n","protected":false},"featured_media":62303,"comment_status":"open","ping_status":"closed","template":"","meta":[],"product_cat":[232],"product_tag":[],"class_list":{"0":"post-62302","1":"product","2":"type-product","3":"status-publish","4":"has-post-thumbnail","6":"product_cat-women-fashion","8":"first","9":"instock","10":"shipping-taxable","11":"product-type-external"},"aioseo_notices":[],"_links":{"self":[{"href":"https:\/\/topgetestet.de\/index.php?rest_route=\/wp\/v2\/product\/62302","targetHints":{"allow":["GET"]}}],"collection":[{"href":"https:\/\/topgetestet.de\/index.php?rest_route=\/wp\/v2\/product"}],"about":[{"href":"https:\/\/topgetestet.de\/index.php?rest_route=\/wp\/v2\/types\/product"}],"replies":[{"embeddable":true,"href":"https:\/\/topgetestet.de\/index.php?rest_route=%2Fwp%2Fv2%2Fcomments&post=62302"}],"wp:featuredmedia":[{"embeddable":true,"href":"https:\/\/topgetestet.de\/index.php?rest_route=\/wp\/v2\/media\/62303"}],"wp:attachment":[{"href":"https:\/\/topgetestet.de\/index.php?rest_route=%2Fwp%2Fv2%2Fmedia&parent=62302"}],"wp:term":[{"taxonomy":"product_cat","embeddable":true,"href":"https:\/\/topgetestet.de\/index.php?rest_route=%2Fwp%2Fv2%2Fproduct_cat&post=62302"},{"taxonomy":"product_tag","embeddable":true,"href":"https:\/\/topgetestet.de\/index.php?rest_route=%2Fwp%2Fv2%2Fproduct_tag&post=62302"}],"curies":[{"name":"wp","href":"https:\/\/api.w.org\/{rel}","templated":true}]}}