{"id":62146,"date":"2022-10-14T07:55:12","date_gmt":"2022-10-14T07:55:12","guid":{"rendered":"https:\/\/topgetestet.de\/?product=trust-gaming-21214-gxt-7448b-silikonhulle-joystick-rot"},"modified":"2022-10-14T07:55:12","modified_gmt":"2022-10-14T07:55:12","slug":"trust-gaming-21214-gxt-7448b-silikonhulle-joystick-rot","status":"publish","type":"product","link":"https:\/\/topgetestet.de\/?product=trust-gaming-21214-gxt-7448b-silikonhulle-joystick-rot","title":{"rendered":"Trust Gaming 21214 GXT 7448B Silikonh\u00fclle Joystick rot"},"content":{"rendered":"<p>Price: <span style=\"color:#b12704\">[price_with_discount]<\/span><br \/><i><small>(as of [price_update_date] &#8211; <span class=\"wp_automatic_amazon_disclaimer\" title=\"Product prices and availability are accurate as of the date\/time indicated and are subject to change. Any price and availability information displayed on [relevant Amazon Site(s), as applicable] at the time of purchase will apply to the purchase of this product.\">Details<\/span>)<\/small><\/i><\/p>\n<p><a href=\"https:\/\/amazon.de\/dp\/B01GJHKLSI?tag=topgetestet09-21\"><img decoding=\"async\" src=\"https:\/\/i.imgur.com\/ISRHEWs.png\"><\/a><br \/>\n[ad_1]<br \/>\n <span>Silikonh\u00fclle f\u00fcr hohe Grifffestigkeit und Schutz Ihres Gamepads vor Kratzern Produktmerkmale &#8211; Pers\u00f6nliche Gestaltung Ihres Gamepads &#8211; Besonders griffig &#8211; Sch\u00fctzt Ihr Gamepad vor Kratzern &#8211; Alle Tasten und Anschl\u00fcsse bleiben zug\u00e4nglich &#8211; Waschbar, einfach zu reinigen Lieferumfang: Silikonh\u00fclle; Gaming-Sticker<\/span><br \/>\n<br \/>[ad_2]<\/p>\n","protected":false},"excerpt":{"rendered":"<p>Price: [price_with_discount](as of [price_update_date] &#8211; Details) [ad_1] Silikonh\u00fclle f\u00fcr hohe Grifffestigkeit und Schutz Ihres Gamepads vor Kratzern Produktmerkmale &#8211; Pers\u00f6nliche Gestaltung Ihres Gamepads &#8211; Besonders griffig &#8211; Sch\u00fctzt Ihr Gamepad<\/p>\n","protected":false},"featured_media":62147,"comment_status":"open","ping_status":"closed","template":"","meta":[],"product_cat":[227],"product_tag":[264],"class_list":{"0":"post-62146","1":"product","2":"type-product","3":"status-publish","4":"has-post-thumbnail","6":"product_cat-gaming","7":"product_tag-playstation-4-accessories","9":"first","10":"instock","11":"shipping-taxable","12":"product-type-external"},"aioseo_notices":[],"_links":{"self":[{"href":"https:\/\/topgetestet.de\/index.php?rest_route=\/wp\/v2\/product\/62146","targetHints":{"allow":["GET"]}}],"collection":[{"href":"https:\/\/topgetestet.de\/index.php?rest_route=\/wp\/v2\/product"}],"about":[{"href":"https:\/\/topgetestet.de\/index.php?rest_route=\/wp\/v2\/types\/product"}],"replies":[{"embeddable":true,"href":"https:\/\/topgetestet.de\/index.php?rest_route=%2Fwp%2Fv2%2Fcomments&post=62146"}],"wp:featuredmedia":[{"embeddable":true,"href":"https:\/\/topgetestet.de\/index.php?rest_route=\/wp\/v2\/media\/62147"}],"wp:attachment":[{"href":"https:\/\/topgetestet.de\/index.php?rest_route=%2Fwp%2Fv2%2Fmedia&parent=62146"}],"wp:term":[{"taxonomy":"product_cat","embeddable":true,"href":"https:\/\/topgetestet.de\/index.php?rest_route=%2Fwp%2Fv2%2Fproduct_cat&post=62146"},{"taxonomy":"product_tag","embeddable":true,"href":"https:\/\/topgetestet.de\/index.php?rest_route=%2Fwp%2Fv2%2Fproduct_tag&post=62146"}],"curies":[{"name":"wp","href":"https:\/\/api.w.org\/{rel}","templated":true}]}}