{"id":61962,"date":"2022-10-14T07:15:41","date_gmt":"2022-10-14T07:15:41","guid":{"rendered":"https:\/\/topgetestet.de\/?product=asics-herren-gt-2000-10-lite-show-running-shoe-3"},"modified":"2022-10-14T07:15:41","modified_gmt":"2022-10-14T07:15:41","slug":"asics-herren-gt-2000-10-lite-show-running-shoe-3","status":"publish","type":"product","link":"https:\/\/topgetestet.de\/?product=asics-herren-gt-2000-10-lite-show-running-shoe-3","title":{"rendered":"ASICS Herren Gt-2000 10 Lite-Show Running Shoe"},"content":{"rendered":"<p>Price: <span style=\"color:#b12704\">[price_with_discount]<\/span><br \/><i><small>(as of [price_update_date] &#8211; <span class=\"wp_automatic_amazon_disclaimer\" title=\"Product prices and availability are accurate as of the date\/time indicated and are subject to change. Any price and availability information displayed on [relevant Amazon Site(s), as applicable] at the time of purchase will apply to the purchase of this product.\">Details<\/span>)<\/small><\/i><\/p>\n<p><a href=\"https:\/\/amazon.de\/dp\/B09MJVSWDN?tag=topgetestet09-21\"><img decoding=\"async\" src=\"https:\/\/i.imgur.com\/ISRHEWs.png\"><\/a><br \/>\n[ad_1]<br \/>\n <span>Der GT-2000-Schuh wurde entwickelt, um energiegeladene F\u00fc\u00dfe in Bewegung zu halten. Das LITETRUSS\u2122-St\u00fctzsystem in der Zwischensohle sorgt f\u00fcr mehr Stabilit\u00e4t. E.V.A.-D\u00e4mpfung und GEL\u2122-Technologie sorgen f\u00fcr eine gute Sto\u00dfd\u00e4mpfung und ein weicheres Gef\u00fchl unter den F\u00fc\u00dfen.<\/span> <br \/> Verpackungsabmessungen \u200f : \u200e  32.1 x 20.2 x 12.2 cm; 270 Gramm <br \/> Im Angebot von Amazon.de seit \u200f : \u200e  4. Mai 2022 <br \/> Hersteller \u200f : \u200e  Asics <br \/> ASIN \u200f : \u200e  B097GMKMSX <br \/> Modellnummer \u200f : \u200e  1011B457 <br \/> Kategorie \u200f : \u200e  Herren <\/p>\n<p>[ad_2]<\/p>\n","protected":false},"excerpt":{"rendered":"<p>Price: [price_with_discount](as of [price_update_date] &#8211; Details) [ad_1] Der GT-2000-Schuh wurde entwickelt, um energiegeladene F\u00fc\u00dfe in Bewegung zu halten. Das LITETRUSS\u2122-St\u00fctzsystem in der Zwischensohle sorgt f\u00fcr mehr Stabilit\u00e4t. E.V.A.-D\u00e4mpfung und GEL\u2122-Technologie<\/p>\n","protected":false},"featured_media":61963,"comment_status":"open","ping_status":"closed","template":"","meta":[],"product_cat":[234],"product_tag":[235],"class_list":{"0":"post-61962","1":"product","2":"type-product","3":"status-publish","4":"has-post-thumbnail","6":"product_cat-shoes","7":"product_tag-mens-road-running-shoes","9":"first","10":"instock","11":"shipping-taxable","12":"product-type-external"},"aioseo_notices":[],"_links":{"self":[{"href":"https:\/\/topgetestet.de\/index.php?rest_route=\/wp\/v2\/product\/61962","targetHints":{"allow":["GET"]}}],"collection":[{"href":"https:\/\/topgetestet.de\/index.php?rest_route=\/wp\/v2\/product"}],"about":[{"href":"https:\/\/topgetestet.de\/index.php?rest_route=\/wp\/v2\/types\/product"}],"replies":[{"embeddable":true,"href":"https:\/\/topgetestet.de\/index.php?rest_route=%2Fwp%2Fv2%2Fcomments&post=61962"}],"wp:featuredmedia":[{"embeddable":true,"href":"https:\/\/topgetestet.de\/index.php?rest_route=\/wp\/v2\/media\/61963"}],"wp:attachment":[{"href":"https:\/\/topgetestet.de\/index.php?rest_route=%2Fwp%2Fv2%2Fmedia&parent=61962"}],"wp:term":[{"taxonomy":"product_cat","embeddable":true,"href":"https:\/\/topgetestet.de\/index.php?rest_route=%2Fwp%2Fv2%2Fproduct_cat&post=61962"},{"taxonomy":"product_tag","embeddable":true,"href":"https:\/\/topgetestet.de\/index.php?rest_route=%2Fwp%2Fv2%2Fproduct_tag&post=61962"}],"curies":[{"name":"wp","href":"https:\/\/api.w.org\/{rel}","templated":true}]}}