{"id":61648,"date":"2022-10-14T05:44:40","date_gmt":"2022-10-14T05:44:40","guid":{"rendered":"https:\/\/topgetestet.de\/?product=adidas-herren-duramo-10-sneaker"},"modified":"2022-10-14T05:44:40","modified_gmt":"2022-10-14T05:44:40","slug":"adidas-herren-duramo-10-sneaker","status":"publish","type":"product","link":"https:\/\/topgetestet.de\/?product=adidas-herren-duramo-10-sneaker","title":{"rendered":"adidas Herren Duramo 10 Sneaker"},"content":{"rendered":"<p>Price: <span style=\"color:#b12704\">[price_with_discount]<\/span><br \/><i><small>(as of [price_update_date] &#8211; <span class=\"wp_automatic_amazon_disclaimer\" title=\"Product prices and availability are accurate as of the date\/time indicated and are subject to change. Any price and availability information displayed on [relevant Amazon Site(s), as applicable] at the time of purchase will apply to the purchase of this product.\">Details<\/span>)<\/small><\/i><\/p>\n<p><a href=\"https:\/\/amazon.de\/dp\/B0B2WYMRTX?tag=topgetestet09-21\"><img decoding=\"async\" src=\"https:\/\/i.imgur.com\/ISRHEWs.png\"><\/a><br \/>\n[ad_1]<br \/>\n <span>Leichtigkeit und Komfort mit Netzstruktur. Trainiere, wo du willst, wie du willst. Diese adidas Laufschuhe bieten die Vielseitigkeit, nach der Sie suchen, um den Weg in der Freiheit zu w\u00e4hlen. Laufband, Stadt oder Pfad im Freien, folgen Sie der Inspiration des Augenblicks. Das leichte Masch -Obermaterial und die weiche D\u00e4mpfung sorgen f\u00fcr Frische und Komfort auch an den hei\u00dfesten Tagen.<\/span> <br \/> Verpackungsabmessungen \u200f : \u200e  31.3 x 21.6 x 12.2 cm; 670 Gramm <br \/> Im Angebot von Amazon.de seit \u200f : \u200e  2. Juni 2022 <br \/> Hersteller \u200f : \u200e  Adidas <br \/> ASIN \u200f : \u200e  B0B31GNBXK <br \/> Modellnummer \u200f : \u200e  GW4081 <br \/> Kategorie \u200f : \u200e  Herren <\/p>\n<p>Innenmaterial: Textil<br \/>Sohle: Gummi<br \/>Verschluss: Schn\u00fcrung<br \/>Absatzform: Kein Absatz<br \/>Schuhweite: Medium<br \/>Nicht wasserfest<br \/>Ankle Strap<br \/>\n<br \/>[ad_2]<\/p>\n","protected":false},"excerpt":{"rendered":"<p>Price: [price_with_discount](as of [price_update_date] &#8211; Details) [ad_1] Leichtigkeit und Komfort mit Netzstruktur. Trainiere, wo du willst, wie du willst. Diese adidas Laufschuhe bieten die Vielseitigkeit, nach der Sie suchen, um<\/p>\n","protected":false},"featured_media":61649,"comment_status":"open","ping_status":"closed","template":"","meta":[],"product_cat":[234],"product_tag":[235],"class_list":{"0":"post-61648","1":"product","2":"type-product","3":"status-publish","4":"has-post-thumbnail","6":"product_cat-shoes","7":"product_tag-mens-road-running-shoes","9":"first","10":"instock","11":"shipping-taxable","12":"product-type-external"},"aioseo_notices":[],"_links":{"self":[{"href":"https:\/\/topgetestet.de\/index.php?rest_route=\/wp\/v2\/product\/61648","targetHints":{"allow":["GET"]}}],"collection":[{"href":"https:\/\/topgetestet.de\/index.php?rest_route=\/wp\/v2\/product"}],"about":[{"href":"https:\/\/topgetestet.de\/index.php?rest_route=\/wp\/v2\/types\/product"}],"replies":[{"embeddable":true,"href":"https:\/\/topgetestet.de\/index.php?rest_route=%2Fwp%2Fv2%2Fcomments&post=61648"}],"wp:featuredmedia":[{"embeddable":true,"href":"https:\/\/topgetestet.de\/index.php?rest_route=\/wp\/v2\/media\/61649"}],"wp:attachment":[{"href":"https:\/\/topgetestet.de\/index.php?rest_route=%2Fwp%2Fv2%2Fmedia&parent=61648"}],"wp:term":[{"taxonomy":"product_cat","embeddable":true,"href":"https:\/\/topgetestet.de\/index.php?rest_route=%2Fwp%2Fv2%2Fproduct_cat&post=61648"},{"taxonomy":"product_tag","embeddable":true,"href":"https:\/\/topgetestet.de\/index.php?rest_route=%2Fwp%2Fv2%2Fproduct_tag&post=61648"}],"curies":[{"name":"wp","href":"https:\/\/api.w.org\/{rel}","templated":true}]}}