{"id":61383,"date":"2022-10-14T04:34:36","date_gmt":"2022-10-14T04:34:36","guid":{"rendered":"https:\/\/topgetestet.de\/?product=vaude-damen-womens-essential-top-top"},"modified":"2022-10-14T04:34:36","modified_gmt":"2022-10-14T04:34:36","slug":"vaude-damen-womens-essential-top-top","status":"publish","type":"product","link":"https:\/\/topgetestet.de\/?product=vaude-damen-womens-essential-top-top","title":{"rendered":"VAUDE Damen Women&#8217;s Essential Top Top"},"content":{"rendered":"<p>Price: <span style=\"color:#b12704\">[price_with_discount]<\/span><br \/><i><small>(as of [price_update_date] &#8211; <span class=\"wp_automatic_amazon_disclaimer\" title=\"Product prices and availability are accurate as of the date\/time indicated and are subject to change. Any price and availability information displayed on [relevant Amazon Site(s), as applicable] at the time of purchase will apply to the purchase of this product.\">Details<\/span>)<\/small><\/i><\/p>\n<p><a href=\"https:\/\/amazon.de\/dp\/B09JSP1D4D?tag=topgetestet09-21\"><img decoding=\"async\" src=\"https:\/\/i.imgur.com\/ISRHEWs.png\"><\/a><br \/>\n[ad_1]<br \/>\n <span>Back to Basic: Funktionelles, \u00e4rmelloses T-Shirt mit hohem Tragekomfort. Absolut pflegeleicht und schnelltrocknend. Ein ideales Funktionstop f\u00fcr sommerliche Aktivit\u00e4ten.<\/span> <br \/> Verpackungsabmessungen \u200f : \u200e  27.9 x 16.6 x 3.3 cm; 90 Gramm <br \/> Im Angebot von Amazon.de seit \u200f : \u200e  19. Oktober 2021 <br \/> Hersteller \u200f : \u200e  VAUDE <br \/> ASIN \u200f : \u200e  B09JSQ8JQC <br \/> Modellnummer \u200f : \u200e  413301790340 <br \/> Kategorie \u200f : \u200e  Damen <\/p>\n<p>Funktionelles, \u00e4rmelloses T-Shirt mit hohem Tragekomfort: Absolut pflegeleicht und schnelltrocknend<br \/>Kragenform: Flachkragen<br \/>\u00c4rmellos<br \/>Verschluss: Pull-On<br \/>Hauptmaterial: 100% recyceltes Polyester<br \/>Top<br \/>\n<br \/>[ad_2]<\/p>\n","protected":false},"excerpt":{"rendered":"<p>Price: [price_with_discount](as of [price_update_date] &#8211; Details) [ad_1] Back to Basic: Funktionelles, \u00e4rmelloses T-Shirt mit hohem Tragekomfort. Absolut pflegeleicht und schnelltrocknend. Ein ideales Funktionstop f\u00fcr sommerliche Aktivit\u00e4ten. Verpackungsabmessungen \u200f : \u200e<\/p>\n","protected":false},"featured_media":61384,"comment_status":"open","ping_status":"closed","template":"","meta":[],"product_cat":[232],"product_tag":[],"class_list":{"0":"post-61383","1":"product","2":"type-product","3":"status-publish","4":"has-post-thumbnail","6":"product_cat-women-fashion","8":"first","9":"instock","10":"shipping-taxable","11":"product-type-external"},"aioseo_notices":[],"_links":{"self":[{"href":"https:\/\/topgetestet.de\/index.php?rest_route=\/wp\/v2\/product\/61383","targetHints":{"allow":["GET"]}}],"collection":[{"href":"https:\/\/topgetestet.de\/index.php?rest_route=\/wp\/v2\/product"}],"about":[{"href":"https:\/\/topgetestet.de\/index.php?rest_route=\/wp\/v2\/types\/product"}],"replies":[{"embeddable":true,"href":"https:\/\/topgetestet.de\/index.php?rest_route=%2Fwp%2Fv2%2Fcomments&post=61383"}],"wp:featuredmedia":[{"embeddable":true,"href":"https:\/\/topgetestet.de\/index.php?rest_route=\/wp\/v2\/media\/61384"}],"wp:attachment":[{"href":"https:\/\/topgetestet.de\/index.php?rest_route=%2Fwp%2Fv2%2Fmedia&parent=61383"}],"wp:term":[{"taxonomy":"product_cat","embeddable":true,"href":"https:\/\/topgetestet.de\/index.php?rest_route=%2Fwp%2Fv2%2Fproduct_cat&post=61383"},{"taxonomy":"product_tag","embeddable":true,"href":"https:\/\/topgetestet.de\/index.php?rest_route=%2Fwp%2Fv2%2Fproduct_tag&post=61383"}],"curies":[{"name":"wp","href":"https:\/\/api.w.org\/{rel}","templated":true}]}}