{"id":61129,"date":"2022-10-14T03:21:47","date_gmt":"2022-10-14T03:21:47","guid":{"rendered":"https:\/\/topgetestet.de\/?product=ubisoft-assassins-creed-valhalla"},"modified":"2022-10-14T03:21:47","modified_gmt":"2022-10-14T03:21:47","slug":"ubisoft-assassins-creed-valhalla","status":"publish","type":"product","link":"https:\/\/topgetestet.de\/?product=ubisoft-assassins-creed-valhalla","title":{"rendered":"Ubisoft Assassin&#8217;s Creed: Valhalla"},"content":{"rendered":"<p>Price: <span style=\"color:#b12704\">[price_with_discount]<\/span><br \/><i><small>(as of [price_update_date] &#8211; <span class=\"wp_automatic_amazon_disclaimer\" title=\"Product prices and availability are accurate as of the date\/time indicated and are subject to change. Any price and availability information displayed on [relevant Amazon Site(s), as applicable] at the time of purchase will apply to the purchase of this product.\">Details<\/span>)<\/small><\/i><\/p>\n<p><a href=\"https:\/\/amazon.de\/dp\/B08MRDDQXD?tag=topgetestet09-21\"><img decoding=\"async\" src=\"https:\/\/i.imgur.com\/ISRHEWs.png\"><\/a><br \/>\n[ad_1]<br \/>\n <span>Werbung aus dem 9. Jahrhundert Angetrieben aus Norwegen von endlosen Kriegen und schwindenden Ressourcen, f\u00fchrt ein Viking Raider, Eivor, einen Clan von Norsemen \u00fcber die eisige Nordsee in die reichen L\u00e4nder der gebrochenen K\u00f6nigreiche. Ihre Mission: Schaffen Sie ein neues dauerhaftes Zuhause, unabh\u00e4ngig von den Kosten. <\/span><br \/> Produktabmessungen \u200f : \u200e  13.5 x 1.5 x 17.2 cm; 100 Gramm <br \/> Erscheinungstermin \u200f : \u200e  10. November 2020 <br \/> ASIN \u200f : \u200e  B08MRDDQXD <br \/> Modellnummer \u200f : \u200e  300117064 <\/p>\n<p>La m\u00e9canique RPG avanc\u00e9e vous permet de fa\u00e7onner la croissance de votre personnage et d&#8217;influencer le monde qui vous entoure.<br \/>Double maniement d&#8217;armes puissantes telles que les haches, les \u00e9p\u00e9es et m\u00eame les boucliers pour revivre le style de combat impitoyable des guerriers vikings.<br \/>Lancez des assauts massifs contre les troupes saxonnes et les fortesses dans toute l&#8217;Angleterre<br \/>Naviguez sur les c\u00f4tes rudes et myst\u00e9rieuses de la Norv\u00e8ge aux royaumes magnifiques mais interdits d&#8217;Angleterre et au-del\u00e0. Un monde ouvert de l&#8217;\u00e9poque sombre voit des c\u00f4tes difficiles et myst\u00e9rieuses de la Norv\u00e8ge aux royaumes magnifiques mais interdits d&#8217;Angleterre et au-del\u00e0. Menez les ra\u00efdes \u00e9piques lance des assauts massives contre les troupes saxons dans toute l&#8217;Angleterre. Faites pousser toute l&#8217;Angleterre.<br \/>\n<br \/>[ad_2]<\/p>\n","protected":false},"excerpt":{"rendered":"<p>Price: [price_with_discount](as of [price_update_date] &#8211; Details) [ad_1] Werbung aus dem 9. Jahrhundert Angetrieben aus Norwegen von endlosen Kriegen und schwindenden Ressourcen, f\u00fchrt ein Viking Raider, Eivor, einen Clan von Norsemen<\/p>\n","protected":false},"featured_media":61130,"comment_status":"open","ping_status":"closed","template":"","meta":[],"product_cat":[227],"product_tag":[261],"class_list":{"0":"post-61129","1":"product","2":"type-product","3":"status-publish","4":"has-post-thumbnail","6":"product_cat-gaming","7":"product_tag-playstation-legacy-games","9":"first","10":"instock","11":"sale","12":"shipping-taxable","13":"product-type-external"},"aioseo_notices":[],"_links":{"self":[{"href":"https:\/\/topgetestet.de\/index.php?rest_route=\/wp\/v2\/product\/61129","targetHints":{"allow":["GET"]}}],"collection":[{"href":"https:\/\/topgetestet.de\/index.php?rest_route=\/wp\/v2\/product"}],"about":[{"href":"https:\/\/topgetestet.de\/index.php?rest_route=\/wp\/v2\/types\/product"}],"replies":[{"embeddable":true,"href":"https:\/\/topgetestet.de\/index.php?rest_route=%2Fwp%2Fv2%2Fcomments&post=61129"}],"wp:featuredmedia":[{"embeddable":true,"href":"https:\/\/topgetestet.de\/index.php?rest_route=\/wp\/v2\/media\/61130"}],"wp:attachment":[{"href":"https:\/\/topgetestet.de\/index.php?rest_route=%2Fwp%2Fv2%2Fmedia&parent=61129"}],"wp:term":[{"taxonomy":"product_cat","embeddable":true,"href":"https:\/\/topgetestet.de\/index.php?rest_route=%2Fwp%2Fv2%2Fproduct_cat&post=61129"},{"taxonomy":"product_tag","embeddable":true,"href":"https:\/\/topgetestet.de\/index.php?rest_route=%2Fwp%2Fv2%2Fproduct_tag&post=61129"}],"curies":[{"name":"wp","href":"https:\/\/api.w.org\/{rel}","templated":true}]}}