{"id":61061,"date":"2022-10-14T03:02:19","date_gmt":"2022-10-14T03:02:19","guid":{"rendered":"https:\/\/topgetestet.de\/?product=peppercorn-damen-rosalinda-spitzenkleid"},"modified":"2022-10-14T03:02:19","modified_gmt":"2022-10-14T03:02:19","slug":"peppercorn-damen-rosalinda-spitzenkleid","status":"publish","type":"product","link":"https:\/\/topgetestet.de\/?product=peppercorn-damen-rosalinda-spitzenkleid","title":{"rendered":"Peppercorn Damen Rosalinda Spitzenkleid"},"content":{"rendered":"<p>Price: <span style=\"color:#b12704\">[price_with_discount]<\/span><br \/><i><small>(as of [price_update_date] &#8211; <span class=\"wp_automatic_amazon_disclaimer\" title=\"Product prices and availability are accurate as of the date\/time indicated and are subject to change. Any price and availability information displayed on [relevant Amazon Site(s), as applicable] at the time of purchase will apply to the purchase of this product.\">Details<\/span>)<\/small><\/i><\/p>\n<p><a href=\"https:\/\/amazon.de\/dp\/B099ZKWXYH?tag=topgetestet09-21\"><img decoding=\"async\" src=\"https:\/\/i.imgur.com\/ISRHEWs.png\"><\/a><br \/>\n[ad_1]<br \/>\n <span>Das Rosalinda Kleid im NOOS-Stil ist Teil unserer NOOS-Kollektion. Es ist ein wundersch\u00f6nes Tr\u00e4gerkleid, das in jeden Kleiderschrank geh\u00f6rt Die Grundfarben sind immer auf Lager. Das Tr\u00e4gerkleid ist schlicht und aus einer superweichen Stretch-Qualit\u00e4t gefertigt. Rosalinda sorgt mit seiner sch\u00f6nen Spitze am V-Ausschnitt f\u00fcr den perfekten femininen Touch. Passform: Enge Passform.<\/span> <br \/> Verpackungsabmessungen \u200f : \u200e  29.3 x 25.1 x 3.6 cm; 100 Gramm <br \/> Im Angebot von Amazon.de seit \u200f : \u200e  21. Juli 2021 <br \/> Hersteller \u200f : \u200e  Redefined Fashion <br \/> ASIN \u200f : \u200e  B099ZL3YX6 <br \/> Modellnummer \u200f : \u200e  PC1068 <br \/> Kategorie \u200f : \u200e  Damen <\/p>\n<p>[ad_2]<\/p>\n","protected":false},"excerpt":{"rendered":"<p>Price: [price_with_discount](as of [price_update_date] &#8211; Details) [ad_1] Das Rosalinda Kleid im NOOS-Stil ist Teil unserer NOOS-Kollektion. Es ist ein wundersch\u00f6nes Tr\u00e4gerkleid, das in jeden Kleiderschrank geh\u00f6rt Die Grundfarben sind immer<\/p>\n","protected":false},"featured_media":61062,"comment_status":"open","ping_status":"closed","template":"","meta":[],"product_cat":[232],"product_tag":[],"class_list":{"0":"post-61061","1":"product","2":"type-product","3":"status-publish","4":"has-post-thumbnail","6":"product_cat-women-fashion","8":"first","9":"instock","10":"shipping-taxable","11":"product-type-external"},"aioseo_notices":[],"_links":{"self":[{"href":"https:\/\/topgetestet.de\/index.php?rest_route=\/wp\/v2\/product\/61061","targetHints":{"allow":["GET"]}}],"collection":[{"href":"https:\/\/topgetestet.de\/index.php?rest_route=\/wp\/v2\/product"}],"about":[{"href":"https:\/\/topgetestet.de\/index.php?rest_route=\/wp\/v2\/types\/product"}],"replies":[{"embeddable":true,"href":"https:\/\/topgetestet.de\/index.php?rest_route=%2Fwp%2Fv2%2Fcomments&post=61061"}],"wp:featuredmedia":[{"embeddable":true,"href":"https:\/\/topgetestet.de\/index.php?rest_route=\/wp\/v2\/media\/61062"}],"wp:attachment":[{"href":"https:\/\/topgetestet.de\/index.php?rest_route=%2Fwp%2Fv2%2Fmedia&parent=61061"}],"wp:term":[{"taxonomy":"product_cat","embeddable":true,"href":"https:\/\/topgetestet.de\/index.php?rest_route=%2Fwp%2Fv2%2Fproduct_cat&post=61061"},{"taxonomy":"product_tag","embeddable":true,"href":"https:\/\/topgetestet.de\/index.php?rest_route=%2Fwp%2Fv2%2Fproduct_tag&post=61061"}],"curies":[{"name":"wp","href":"https:\/\/api.w.org\/{rel}","templated":true}]}}