{"id":60960,"date":"2022-10-14T02:25:45","date_gmt":"2022-10-14T02:25:45","guid":{"rendered":"https:\/\/topgetestet.de\/?product=apple-iphone-8-64gb-space-grau-entriegelte-generaluberholt"},"modified":"2022-10-14T02:25:45","modified_gmt":"2022-10-14T02:25:45","slug":"apple-iphone-8-64gb-space-grau-entriegelte-generaluberholt","status":"publish","type":"product","link":"https:\/\/topgetestet.de\/?product=apple-iphone-8-64gb-space-grau-entriegelte-generaluberholt","title":{"rendered":"Apple iPhone 8 64GB &#8211; Space Grau &#8211; Entriegelte (General\u00fcberholt)"},"content":{"rendered":"<p>Price: <span style=\"color:#b12704\">[price_with_discount]<\/span><br \/><i><small>(as of [price_update_date] &#8211; <span class=\"wp_automatic_amazon_disclaimer\" title=\"Product prices and availability are accurate as of the date\/time indicated and are subject to change. Any price and availability information displayed on [relevant Amazon Site(s), as applicable] at the time of purchase will apply to the purchase of this product.\">Details<\/span>)<\/small><\/i><\/p>\n<p><a href=\"https:\/\/amazon.de\/dp\/B0798H46CM?tag=topgetestet09-21\"><img decoding=\"async\" src=\"https:\/\/i.imgur.com\/ISRHEWs.png\"><\/a><br \/>\n[ad_1]<br \/>\n Zum zehnj\u00e4hrigen Jubil\u00e4um stellt Apple sein neues iPhone vor. Das iPhone 8 \u00fcberzeugt mit seiner eleganten Glasoberfl\u00e4che, dem leistungsf\u00e4higen Prozessor und der hochwertigen Kamera. Die neuen und verbesserten Features sowie die M\u00f6glichkeit zum kabellosen Laden machen die neue iPhone Generation jetzt noch besser. <br \/> Batterien \u200f : \u200e  1 C Batterien erforderlich. <br \/> Auslaufartikel (Produktion durch Hersteller eingestellt) \u200f : \u200e  Nein <br \/> Produktabmessungen \u200f : \u200e  7.62 x 0.51 x 12.7 cm; 150 Gramm <br \/> Im Angebot von Amazon.de seit \u200f : \u200e  24. Januar 2018 <br \/> Hersteller \u200f : \u200e  Apple Computer <br \/> ASIN \u200f : \u200e  B0798H46CM <br \/> Modellnummer \u200f : \u200e  8_PARENT <\/p>\n<p>4,7&#8243; Widescreen LCD Multi-Touch Display (11,94\u00a0cm Diagonale) mit IPS\u00a0Technologie<br \/>12 Megapixel Kamera mit optischer Bildstabilisierung und 4K Video und 7 Megapixel FaceTime HD Kamera mit Retina Blitz<br \/>Touch ID. In die Hometaste integrierter Finger\u00adabdruck\u00adsensor der 2. Generation<br \/>IP67 Wasser- und Staubschutzkategorie (bis zu 30 Minuten und in einer Tiefe von bis zu 1 Meter)<br \/>\n<br \/>[ad_2]<\/p>\n","protected":false},"excerpt":{"rendered":"<p>Price: [price_with_discount](as of [price_update_date] &#8211; Details) [ad_1] Zum zehnj\u00e4hrigen Jubil\u00e4um stellt Apple sein neues iPhone vor. Das iPhone 8 \u00fcberzeugt mit seiner eleganten Glasoberfl\u00e4che, dem leistungsf\u00e4higen Prozessor und der hochwertigen<\/p>\n","protected":false},"featured_media":60961,"comment_status":"open","ping_status":"closed","template":"","meta":[],"product_cat":[225],"product_tag":[],"class_list":{"0":"post-60960","1":"product","2":"type-product","3":"status-publish","4":"has-post-thumbnail","6":"product_cat-electronics","8":"first","9":"instock","10":"sale","11":"shipping-taxable","12":"product-type-external"},"aioseo_notices":[],"_links":{"self":[{"href":"https:\/\/topgetestet.de\/index.php?rest_route=\/wp\/v2\/product\/60960","targetHints":{"allow":["GET"]}}],"collection":[{"href":"https:\/\/topgetestet.de\/index.php?rest_route=\/wp\/v2\/product"}],"about":[{"href":"https:\/\/topgetestet.de\/index.php?rest_route=\/wp\/v2\/types\/product"}],"replies":[{"embeddable":true,"href":"https:\/\/topgetestet.de\/index.php?rest_route=%2Fwp%2Fv2%2Fcomments&post=60960"}],"wp:featuredmedia":[{"embeddable":true,"href":"https:\/\/topgetestet.de\/index.php?rest_route=\/wp\/v2\/media\/60961"}],"wp:attachment":[{"href":"https:\/\/topgetestet.de\/index.php?rest_route=%2Fwp%2Fv2%2Fmedia&parent=60960"}],"wp:term":[{"taxonomy":"product_cat","embeddable":true,"href":"https:\/\/topgetestet.de\/index.php?rest_route=%2Fwp%2Fv2%2Fproduct_cat&post=60960"},{"taxonomy":"product_tag","embeddable":true,"href":"https:\/\/topgetestet.de\/index.php?rest_route=%2Fwp%2Fv2%2Fproduct_tag&post=60960"}],"curies":[{"name":"wp","href":"https:\/\/api.w.org\/{rel}","templated":true}]}}