{"id":60924,"date":"2022-10-14T02:18:57","date_gmt":"2022-10-14T02:18:57","guid":{"rendered":"https:\/\/topgetestet.de\/?product=adidas-damen-run-60s-2-0-sneaker"},"modified":"2022-10-14T02:18:57","modified_gmt":"2022-10-14T02:18:57","slug":"adidas-damen-run-60s-2-0-sneaker","status":"publish","type":"product","link":"https:\/\/topgetestet.de\/?product=adidas-damen-run-60s-2-0-sneaker","title":{"rendered":"adidas Damen Run 60s 2.0 Sneaker"},"content":{"rendered":"<p>Price: <span style=\"color:#b12704\">[price_with_discount]<\/span><br \/><i><small>(as of [price_update_date] &#8211; <span class=\"wp_automatic_amazon_disclaimer\" title=\"Product prices and availability are accurate as of the date\/time indicated and are subject to change. Any price and availability information displayed on [relevant Amazon Site(s), as applicable] at the time of purchase will apply to the purchase of this product.\">Details<\/span>)<\/small><\/i><\/p>\n<p><a href=\"https:\/\/amazon.de\/dp\/B0B31K2RC2?tag=topgetestet09-21\"><img decoding=\"async\" src=\"https:\/\/i.imgur.com\/ISRHEWs.png\"><\/a><br \/>\n[ad_1]<br \/>\n <span>Inspiriert von den legend\u00e4ren adidas Laufschuhen aus, die diese Turnschuhe ausstrahlen und starke 3-Studien-Vibrationen ausstrahlen. Das Design l\u00e4sst sich von den besten Sportmodellen inspirieren und f\u00fcgt die klaren Linien zeitgen\u00f6ssischer Stra\u00dfenw\u00e4sche hinzu. Das Ergebnis? Ein l\u00e4ssiger und vielseitiger Look in Ihrem t\u00e4glichen Leben. Die CloudFoam -Inter -Tank bietet h\u00f6here Weichheit.<\/span> <br \/> Verpackungsabmessungen \u200f : \u200e  28.45 x 19.81 x 11.43 cm; 550 Gramm <br \/> Im Angebot von Amazon.de seit \u200f : \u200e  30. Juni 2022 <br \/> Hersteller \u200f : \u200e  Adidas <br \/> ASIN \u200f : \u200e  B096ZTS156 <br \/> Modellnummer \u200f : \u200e  LEC99 <br \/> Kategorie \u200f : \u200e  Damen <\/p>\n<p>[ad_2]<\/p>\n","protected":false},"excerpt":{"rendered":"<p>Price: [price_with_discount](as of [price_update_date] &#8211; Details) [ad_1] Inspiriert von den legend\u00e4ren adidas Laufschuhen aus, die diese Turnschuhe ausstrahlen und starke 3-Studien-Vibrationen ausstrahlen. Das Design l\u00e4sst sich von den besten Sportmodellen<\/p>\n","protected":false},"featured_media":60925,"comment_status":"open","ping_status":"closed","template":"","meta":[],"product_cat":[230],"product_tag":[266],"class_list":{"0":"post-60924","1":"product","2":"type-product","3":"status-publish","4":"has-post-thumbnail","6":"product_cat-fashion","7":"product_tag-womens-fashion-sneakers","9":"first","10":"instock","11":"shipping-taxable","12":"product-type-external"},"aioseo_notices":[],"_links":{"self":[{"href":"https:\/\/topgetestet.de\/index.php?rest_route=\/wp\/v2\/product\/60924","targetHints":{"allow":["GET"]}}],"collection":[{"href":"https:\/\/topgetestet.de\/index.php?rest_route=\/wp\/v2\/product"}],"about":[{"href":"https:\/\/topgetestet.de\/index.php?rest_route=\/wp\/v2\/types\/product"}],"replies":[{"embeddable":true,"href":"https:\/\/topgetestet.de\/index.php?rest_route=%2Fwp%2Fv2%2Fcomments&post=60924"}],"wp:featuredmedia":[{"embeddable":true,"href":"https:\/\/topgetestet.de\/index.php?rest_route=\/wp\/v2\/media\/60925"}],"wp:attachment":[{"href":"https:\/\/topgetestet.de\/index.php?rest_route=%2Fwp%2Fv2%2Fmedia&parent=60924"}],"wp:term":[{"taxonomy":"product_cat","embeddable":true,"href":"https:\/\/topgetestet.de\/index.php?rest_route=%2Fwp%2Fv2%2Fproduct_cat&post=60924"},{"taxonomy":"product_tag","embeddable":true,"href":"https:\/\/topgetestet.de\/index.php?rest_route=%2Fwp%2Fv2%2Fproduct_tag&post=60924"}],"curies":[{"name":"wp","href":"https:\/\/api.w.org\/{rel}","templated":true}]}}