{"id":60599,"date":"2022-10-14T00:43:15","date_gmt":"2022-10-14T00:43:15","guid":{"rendered":"https:\/\/topgetestet.de\/?product=canon-zink-fotopapier-50-blatt-packung"},"modified":"2022-10-14T00:43:15","modified_gmt":"2022-10-14T00:43:15","slug":"canon-zink-fotopapier-50-blatt-packung","status":"publish","type":"product","link":"https:\/\/topgetestet.de\/?product=canon-zink-fotopapier-50-blatt-packung","title":{"rendered":"Canon Zink-Fotopapier, 50-Blatt-Packung"},"content":{"rendered":"<p>Price: <span style=\"color:#b12704\">[price_with_discount]<\/span><br \/><i><small>(as of [price_update_date] &#8211; <span class=\"wp_automatic_amazon_disclaimer\" title=\"Product prices and availability are accurate as of the date\/time indicated and are subject to change. Any price and availability information displayed on [relevant Amazon Site(s), as applicable] at the time of purchase will apply to the purchase of this product.\">Details<\/span>)<\/small><\/i><\/p>\n<p><a href=\"https:\/\/amazon.de\/dp\/B07C68MJGR?tag=topgetestet09-21\"><img decoding=\"async\" src=\"https:\/\/i.imgur.com\/ISRHEWs.png\"><\/a><br \/>\n[ad_1]<br \/>\n <span>Canon Fotopapier (5,1 x 7,6 cm) mit Sticky-R\u00fcckseite f\u00fcr Canon Ivy tragbaren Fotodrucker. Erstellen Sie wisch- und rei\u00dffeste Drucke, um Ihr Zimmer, Ihre Sachen zu dekorieren oder einfach nur mit Ihren Freunden zu teilen.<\/span> <br \/>Selbstklebendes Zink-Fotopapier.<br \/>F\u00fcr Canon Ivy Mini-Fotodrucker<br \/>50 Blatt<br \/>\n<br \/>[ad_2]<\/p>\n","protected":false},"excerpt":{"rendered":"<p>Price: [price_with_discount](as of [price_update_date] &#8211; Details) [ad_1] Canon Fotopapier (5,1 x 7,6 cm) mit Sticky-R\u00fcckseite f\u00fcr Canon Ivy tragbaren Fotodrucker. Erstellen Sie wisch- und rei\u00dffeste Drucke, um Ihr Zimmer, Ihre<\/p>\n","protected":false},"featured_media":60600,"comment_status":"open","ping_status":"closed","template":"","meta":[],"product_cat":[225],"product_tag":[],"class_list":{"0":"post-60599","1":"product","2":"type-product","3":"status-publish","4":"has-post-thumbnail","6":"product_cat-electronics","8":"first","9":"instock","10":"shipping-taxable","11":"product-type-external"},"aioseo_notices":[],"_links":{"self":[{"href":"https:\/\/topgetestet.de\/index.php?rest_route=\/wp\/v2\/product\/60599","targetHints":{"allow":["GET"]}}],"collection":[{"href":"https:\/\/topgetestet.de\/index.php?rest_route=\/wp\/v2\/product"}],"about":[{"href":"https:\/\/topgetestet.de\/index.php?rest_route=\/wp\/v2\/types\/product"}],"replies":[{"embeddable":true,"href":"https:\/\/topgetestet.de\/index.php?rest_route=%2Fwp%2Fv2%2Fcomments&post=60599"}],"wp:featuredmedia":[{"embeddable":true,"href":"https:\/\/topgetestet.de\/index.php?rest_route=\/wp\/v2\/media\/60600"}],"wp:attachment":[{"href":"https:\/\/topgetestet.de\/index.php?rest_route=%2Fwp%2Fv2%2Fmedia&parent=60599"}],"wp:term":[{"taxonomy":"product_cat","embeddable":true,"href":"https:\/\/topgetestet.de\/index.php?rest_route=%2Fwp%2Fv2%2Fproduct_cat&post=60599"},{"taxonomy":"product_tag","embeddable":true,"href":"https:\/\/topgetestet.de\/index.php?rest_route=%2Fwp%2Fv2%2Fproduct_tag&post=60599"}],"curies":[{"name":"wp","href":"https:\/\/api.w.org\/{rel}","templated":true}]}}