{"id":60534,"date":"2022-10-14T00:17:31","date_gmt":"2022-10-14T00:17:31","guid":{"rendered":"https:\/\/topgetestet.de\/?post_type=product&#038;p=60534"},"modified":"2022-10-14T00:17:31","modified_gmt":"2022-10-14T00:17:31","slug":"rollei-kabelfernausloser-amazon-basics-ir-fernausloser-fur-nikon-slr-digitalkameras","status":"publish","type":"product","link":"https:\/\/topgetestet.de\/?product=rollei-kabelfernausloser-amazon-basics-ir-fernausloser-fur-nikon-slr-digitalkameras","title":{"rendered":"Rollei Kabelfernausl\u00f6ser &#038; Amazon Basics IR-Fernausl\u00f6ser f\u00fcr Nikon SLR-Digitalkameras"},"content":{"rendered":"<p>Price: <span style=\"color:#b12704\">[price_with_discount]<\/span><br \/><i><small>(as of [price_update_date] &#8211; <span class=\"wp_automatic_amazon_disclaimer\" title=\"Product prices and availability are accurate as of the date\/time indicated and are subject to change. Any price and availability information displayed on [relevant Amazon Site(s), as applicable] at the time of purchase will apply to the purchase of this product.\">Details<\/span>)<\/small><\/i><\/p>\n<p><a href=\"https:\/\/amazon.de\/dp\/B07V29G7B9?tag=topgetestet09-21\"><img decoding=\"async\" src=\"https:\/\/i.imgur.com\/ISRHEWs.png\"><\/a><br \/>\n[ad_1]<br \/>\n <span>Rollei Kabelfernausl\u00f6ser f\u00fcr NikonSie arbeiten gerne mit Filtern, um beeindruckende Langzeitaufnahmen zu realisieren? Dann sollten Sie nicht nur ein stabiles Stativ und verschiedene Neutraldichte-Filter mit aufs Shooting nehmen, sondern auch den Rollei Kabelfernausl\u00f6ser f\u00fcr Nikon. Unabh\u00e4ngig von der montierten Filterauswahl und v\u00f6llig vibrationsfrei k\u00f6nnen Sie s\u00e4mtliche notwendigen Parameter frei steuern.Robuste Kabelverbindung f\u00fcr pr\u00e4zise ZeitsteuerungMit dem Rollei Kabelfernausl\u00f6ser f\u00fcr Nikon stellen Sie jederzeit eine st\u00f6rungsfreie und direkte Verbindung zu Ihrer Kamera her \u2013 unbeeindruckt vom Vorhandensein unterschiedlichster Funk-Sender und -Empf\u00e4nger in Ihrer Umgebung. Das auch bei schlechten Lichtverh\u00e4ltnissen sehr gut ablesbare, beleuchtete LCD-Display h\u00e4lt alle notwendigen Daten bereit und wartet auf Ihre Einstellungen. Ein akustischer Signalton erg\u00e4nzt die optischen Informationen, Sie k\u00f6nnen sich also auch bei Dunkelheit, Sonnenauf- oder untergang vollkommen auf das Motiv konzentrieren.Zwischen 1 Sekunde und 100 Stunden lang belichtenNur Sie entscheiden, was und wie lange Sie aufnehmen wollen. S\u00e4mtliche Technik dient nur der Umsetzung Ihrer Ideen. Mit dem Rollei Kabelfernausl\u00f6ser f\u00fcr Nikon haben Sie alle Optionen zwischen einer Sekunde und 100 Stunden stufenlos zur Auswahl. Auch Belichtungsreihen von einem bis zu 399 Bildern k\u00f6nnen unkompliziert programmiert und ausgef\u00fchrt werden. Selbst wissenschaftliche Dokumentationen sind mit einer solchen Bandbreite m\u00f6glich. Sie m\u00f6chten ein bestimmtes Zeit-Intervall f\u00fcr unendlich viele Aufnahmen einstellen? Auch kein Problem!Absolut kompatibel mit \u00fcber 30 Nikon ModellenSie verf\u00fcgen \u00fcber mehrere Nikon DSLRs und wollen den Rollei Kabelfernausl\u00f6ser an all Ihren Kameras verwenden? Genau f\u00fcr diesen Zweck haben wir verschiedene Adapter dem Lieferumfang beigelegt&#8230;.<\/span> <br \/> Im Angebot von Amazon.de seit \u200f : \u200e  10. Juli 2019 <br \/> ASIN \u200f : \u200e  B07V29G7B9 <\/p>\n<p>Produkt 1: \u2705 Der Rollei Kabelfernausl\u00f6ser erm\u00f6glicht Programmierung von Startzeit, Belichtungsdauer und Intervalls bis zu 100 Stunden im Voraus. Die Belichtungsdauer k\u00f6nnen Sie bis zu 100 Stunden einstellen.<br \/>Produkt 1: \u2705 Manuelle Langzeitbelichtung mit Zeitanzeige. Die Belichtungskontrolle wird zus\u00e4tzlich mit Signalton unterst\u00fctzt. Bis zu 399 Serienbilder k\u00f6nnen per Knopfdruck geschossen werden.<br \/>Produkt 1: \u2705 Der Rollei Kabelfernausl\u00f6ser f\u00fcr Nikon DSLM\/ DSLR Kameras ist mit einem sehr gut ablesbaren und beleuchtetem LCD-Display ausgestattet und zeichnet sich durch seine einfache Bedienun aus.<br \/>Produkt 1: \u2705 Kompatible Ger\u00e4te: Nikon D1, D1H, D1X, D2, D2H, D2HS, D2X, D3, D3S, D3X, D4, D4S, D5, D90, D100, D200, D300, D300S, D500, D600, D610, D700, D750, D800, D800E, D810, D850, D3100, D3200, D3300, D5000, D5100, D5200, D5300, D5500, D5600, D7000, D7100, D7200, D7500, DF, P7700, P7800, V1, Coolpix A<br \/>Produkt 2: Verwendung als Fernausl\u00f6ser mit dem Bonus, dass man sich selbst vor der Linse positionieren und den Ausl\u00f6ser mit der Fernbedienung bet\u00e4tigen kann.<br \/>Produkt 2: Geeignet f\u00fcr die Nikon-Modelle P7000, D3000, D40, D40x, D50, D5000, D5100, D5200 , D60, D70, D7000, D70s, D80 und D90<br \/>Produkt 2: Batteriebetrieben: 5 Meter Reichweite<br \/>Produkt 2: Verwenden Sie diese Option f\u00fcr eine breite Palette von Bildern, z. B. f\u00fcr Portr\u00e4ts bei schlechten Lichtverh\u00e4ltnissen und f\u00fcr Familienportr\u00e4ts<br \/>\n<br \/>[ad_2]<\/p>\n","protected":false},"excerpt":{"rendered":"<p>Price: [price_with_discount](as of [price_update_date] &#8211; Details) [ad_1] Rollei Kabelfernausl\u00f6ser f\u00fcr NikonSie arbeiten gerne mit Filtern, um beeindruckende Langzeitaufnahmen zu realisieren? Dann sollten Sie nicht nur ein stabiles Stativ und verschiedene<\/p>\n","protected":false},"featured_media":60535,"comment_status":"open","ping_status":"closed","template":"","meta":[],"product_cat":[226],"product_tag":[245],"class_list":{"0":"post-60534","1":"product","2":"type-product","3":"status-publish","4":"has-post-thumbnail","6":"product_cat-cameras","7":"product_tag-dslr-cameras","9":"first","10":"instock","11":"shipping-taxable","12":"product-type-external"},"aioseo_notices":[],"_links":{"self":[{"href":"https:\/\/topgetestet.de\/index.php?rest_route=\/wp\/v2\/product\/60534","targetHints":{"allow":["GET"]}}],"collection":[{"href":"https:\/\/topgetestet.de\/index.php?rest_route=\/wp\/v2\/product"}],"about":[{"href":"https:\/\/topgetestet.de\/index.php?rest_route=\/wp\/v2\/types\/product"}],"replies":[{"embeddable":true,"href":"https:\/\/topgetestet.de\/index.php?rest_route=%2Fwp%2Fv2%2Fcomments&post=60534"}],"wp:featuredmedia":[{"embeddable":true,"href":"https:\/\/topgetestet.de\/index.php?rest_route=\/wp\/v2\/media\/60535"}],"wp:attachment":[{"href":"https:\/\/topgetestet.de\/index.php?rest_route=%2Fwp%2Fv2%2Fmedia&parent=60534"}],"wp:term":[{"taxonomy":"product_cat","embeddable":true,"href":"https:\/\/topgetestet.de\/index.php?rest_route=%2Fwp%2Fv2%2Fproduct_cat&post=60534"},{"taxonomy":"product_tag","embeddable":true,"href":"https:\/\/topgetestet.de\/index.php?rest_route=%2Fwp%2Fv2%2Fproduct_tag&post=60534"}],"curies":[{"name":"wp","href":"https:\/\/api.w.org\/{rel}","templated":true}]}}