{"id":60441,"date":"2022-10-13T23:44:20","date_gmt":"2022-10-13T23:44:20","guid":{"rendered":"https:\/\/topgetestet.de\/?product=amazon-essentials-herren-langarmeliges-flanellhemd-schmale-passform"},"modified":"2022-10-13T23:44:20","modified_gmt":"2022-10-13T23:44:20","slug":"amazon-essentials-herren-langarmeliges-flanellhemd-schmale-passform","status":"publish","type":"product","link":"https:\/\/topgetestet.de\/?product=amazon-essentials-herren-langarmeliges-flanellhemd-schmale-passform","title":{"rendered":"Amazon Essentials Herren Lang\u00e4rmeliges Flanellhemd, Schmale Passform"},"content":{"rendered":"<p>Price: <span style=\"color:#b12704\">[price_with_discount]<\/span><br \/><i><small>(as of [price_update_date] &#8211; <span class=\"wp_automatic_amazon_disclaimer\" title=\"Product prices and availability are accurate as of the date\/time indicated and are subject to change. Any price and availability information displayed on [relevant Amazon Site(s), as applicable] at the time of purchase will apply to the purchase of this product.\">Details<\/span>)<\/small><\/i><\/p>\n<p><a href=\"https:\/\/amazon.de\/dp\/B08X5D93XS?tag=topgetestet09-21\"><img decoding=\"async\" src=\"https:\/\/i.imgur.com\/ISRHEWs.png\"><\/a><br \/>\n[ad_1]<\/p>\n<p>       Produktbeschreibung des Herstellers <\/p>\n<p>            <img decoding=\"async\" alt=\" \" src=\"https:\/\/images-na.ssl-images-amazon.com\/images\/G\/01\/x-locale\/common\/grey-pixel.gif\" class=\"a-lazy-loaded\" data-src=\"https:\/\/m.media-amazon.com\/images\/W\/IMAGERENDERING_521856-T2\/images\/S\/aplus-media\/sota\/135118c3-bb78-4852-b772-232ffbf47a31.__CR0,0,1464,600_PT0_SX1464_V1___.jpg\"><\/p>\n<p>             <img decoding=\"async\" alt=\" \" src=\"https:\/\/m.media-amazon.com\/images\/W\/IMAGERENDERING_521856-T2\/images\/S\/aplus-media\/sota\/135118c3-bb78-4852-b772-232ffbf47a31.__CR0,0,1464,600_PT0_SX1464_V1___.jpg\"><\/p>\n<p>                   <img decoding=\"async\" alt=\" \" src=\"https:\/\/m.media-amazon.com\/images\/W\/IMAGERENDERING_521856-T2\/images\/S\/aplus-media\/sota\/85822376-3986-4a04-aa46-94fe43ed3ba9.__CR0,0,1464,600_PT0_SX1464_V1___.jpg\"> <\/p>\n<h3 class=\"aplus-p3\"> Disney x AE <\/h3>\n<p>                        Dessins Disney  <\/p>\n<p class=\"description aplus-p1\"> Diese exklusiv bei Amazon erh\u00e4ltlichen Disney-Styles f\u00fcr die ganze Familie vers\u00fc\u00dfen den Alltag. <\/p>\n<p>                   <img decoding=\"async\" alt=\" \" src=\"https:\/\/m.media-amazon.com\/images\/W\/IMAGERENDERING_521856-T2\/images\/S\/aplus-media\/sota\/7c37a4bb-4b68-481e-b350-3113b59ecc4f.__CR0,0,1464,600_PT0_SX1464_V1___.jpg\"> <\/p>\n<h3 class=\"aplus-p3\"> Amazon Essentials <\/h3>\n<p>                        Damen-Essentials  <\/p>\n<p class=\"description aplus-p1\"> Moderne Kleider und viele andere Styles f\u00fcr jeden Anlass. <\/p>\n<p>                   <img decoding=\"async\" alt=\" \" src=\"https:\/\/m.media-amazon.com\/images\/W\/IMAGERENDERING_521856-T2\/images\/S\/aplus-media\/sota\/efb70389-7fcd-4f89-8740-a2187602241f.__CR0,0,1464,600_PT0_SX1464_V1___.jpg\"> <\/p>\n<h3 class=\"aplus-p3\"> Amazon Essentials <\/h3>\n<p>                        Herren-Essentials  <\/p>\n<p class=\"description aplus-p1\"> Ob l\u00e4ssig oder elegant, unserer Auswahl an Tops l\u00e4sst keine W\u00fcnsche offen. <\/p>\n<p>                   <img decoding=\"async\" alt=\" \" src=\"https:\/\/m.media-amazon.com\/images\/W\/IMAGERENDERING_521856-T2\/images\/S\/aplus-media\/sota\/a427f612-68a9-4a69-a1cb-495d3a5bca40.__CR0,0,1464,600_PT0_SX1464_V1___.jpg\"> <\/p>\n<h3 class=\"aplus-p3\"> Amazon Essentials <\/h3>\n<p>                        Styles f\u00fcr die Kleinen entdecken  <\/p>\n<p class=\"description aplus-p1\"> Sommeroutfits f\u00fcr Kinder zu Preisen, die Sie lieben werden <\/p>\n<p>             1 Disney x AE<br \/>\n             2  Damen<br \/>\n             3 Herren<br \/>\n             4  Kinder\/Baby  <\/p>\n<p> Verpackungsabmessungen \u200f : \u200e  33.3 x 25.81 x 4.19 cm; 290 Gramm <br \/> Im Angebot von Amazon.de seit \u200f : \u200e  8. November 2018 <br \/> Hersteller \u200f : \u200e  Amazon Essentials <br \/> ASIN \u200f : \u200e  B07BJKRD6Y <br \/> Modellnummer \u200f : \u200e  MAE25003FL18 <br \/> Kategorie \u200f : \u200e  Herren <\/p>\n<p>[ad_2]<\/p>\n","protected":false},"excerpt":{"rendered":"<p>Price: [price_with_discount](as of [price_update_date] &#8211; Details) [ad_1] Produktbeschreibung des Herstellers Disney x AE Dessins Disney Diese exklusiv bei Amazon erh\u00e4ltlichen Disney-Styles f\u00fcr die ganze Familie vers\u00fc\u00dfen den Alltag. Amazon Essentials<\/p>\n","protected":false},"featured_media":60442,"comment_status":"open","ping_status":"closed","template":"","meta":[],"product_cat":[231],"product_tag":[],"class_list":{"0":"post-60441","1":"product","2":"type-product","3":"status-publish","4":"has-post-thumbnail","6":"product_cat-mens-fashion","8":"first","9":"instock","10":"shipping-taxable","11":"product-type-external"},"aioseo_notices":[],"_links":{"self":[{"href":"https:\/\/topgetestet.de\/index.php?rest_route=\/wp\/v2\/product\/60441","targetHints":{"allow":["GET"]}}],"collection":[{"href":"https:\/\/topgetestet.de\/index.php?rest_route=\/wp\/v2\/product"}],"about":[{"href":"https:\/\/topgetestet.de\/index.php?rest_route=\/wp\/v2\/types\/product"}],"replies":[{"embeddable":true,"href":"https:\/\/topgetestet.de\/index.php?rest_route=%2Fwp%2Fv2%2Fcomments&post=60441"}],"wp:featuredmedia":[{"embeddable":true,"href":"https:\/\/topgetestet.de\/index.php?rest_route=\/wp\/v2\/media\/60442"}],"wp:attachment":[{"href":"https:\/\/topgetestet.de\/index.php?rest_route=%2Fwp%2Fv2%2Fmedia&parent=60441"}],"wp:term":[{"taxonomy":"product_cat","embeddable":true,"href":"https:\/\/topgetestet.de\/index.php?rest_route=%2Fwp%2Fv2%2Fproduct_cat&post=60441"},{"taxonomy":"product_tag","embeddable":true,"href":"https:\/\/topgetestet.de\/index.php?rest_route=%2Fwp%2Fv2%2Fproduct_tag&post=60441"}],"curies":[{"name":"wp","href":"https:\/\/api.w.org\/{rel}","templated":true}]}}