{"id":60238,"date":"2022-10-13T22:34:53","date_gmt":"2022-10-13T22:34:53","guid":{"rendered":"https:\/\/topgetestet.de\/?product=vaude-strathcona-ii-wanderhose-damen-3"},"modified":"2022-10-13T22:34:53","modified_gmt":"2022-10-13T22:34:53","slug":"vaude-strathcona-ii-wanderhose-damen-3","status":"publish","type":"product","link":"https:\/\/topgetestet.de\/?product=vaude-strathcona-ii-wanderhose-damen-3","title":{"rendered":"VAUDE Strathcona II &#8211; Wanderhose Damen"},"content":{"rendered":"<p>Price: <span style=\"color:#b12704\">[price_with_discount]<\/span><br \/><i><small>(as of [price_update_date] &#8211; <span class=\"wp_automatic_amazon_disclaimer\" title=\"Product prices and availability are accurate as of the date\/time indicated and are subject to change. Any price and availability information displayed on [relevant Amazon Site(s), as applicable] at the time of purchase will apply to the purchase of this product.\">Details<\/span>)<\/small><\/i><\/p>\n<p><a href=\"https:\/\/amazon.de\/dp\/B092921L38?tag=topgetestet09-21\"><img decoding=\"async\" src=\"https:\/\/i.imgur.com\/ISRHEWs.png\"><\/a><br \/>\n[ad_1]<br \/>\n <span>Bequem, strapazierf\u00e4hig und vielseitig: Die Wanderhose Strathcona Pants II wurde in ihrer neuen Ausf\u00fchrung in der Passform ergonomisch verfeinert und modernisiert. Der Beinabschluss ist zus\u00e4tzlich mit einem Kordelzug in der Weite verstellbar. Das robuste, doppelt gewebte Material wurde aus recyceltem Material erstellt und macht durch seinen hohen Elasthan-Anteil jede Bewegung mit. Das ist vor allem f\u00fcr kurze Kletterstrecken auf der Wanderung oder beim Trekkingurlaub unabdingbar. Die Damen Wanderhose ist extrem winddicht und trotzdem hoch atmungsaktiv, was zu einem angenehmen K\u00f6rperklima beitr\u00e4gt. Die softshell\u00e4hnliche Hose ist mit verdeckten Rei\u00dfverschluss-Eingrifftaschen, einer Beintasche und einer Ges\u00e4\u00dftasche ausgestattet. Diese Hose ist mit Eco Finish umweltfreundlich wasserabweisend ohne Fluorcarbone (PFC) hergestellt, sie h\u00e4lt somit problemlos jeden Nieselregen und Schneeschauer aus und ist schnelltrocknend. Das VAUDE Green Shape-Label steht f\u00fcr ein umweltfreundliches, funktionelles Produkt aus nachhaltigen, bluesign zertifizierten Materialien.<\/span> <br \/> Verpackungsabmessungen \u200f : \u200e  32.1 x 20.6 x 15.7 cm; 490 Gramm <br \/> Im Angebot von Amazon.de seit \u200f : \u200e  12. April 2021 <br \/> Hersteller \u200f : \u200e  Vaude <br \/> ASIN \u200f : \u200e  B09291V4YF <br \/> Modellnummer \u200f : \u200e  42410 <br \/> Kategorie \u200f : \u200e  Damen <\/p>\n<p>[ad_2]<\/p>\n","protected":false},"excerpt":{"rendered":"<p>Price: [price_with_discount](as of [price_update_date] &#8211; Details) [ad_1] Bequem, strapazierf\u00e4hig und vielseitig: Die Wanderhose Strathcona Pants II wurde in ihrer neuen Ausf\u00fchrung in der Passform ergonomisch verfeinert und modernisiert. Der Beinabschluss<\/p>\n","protected":false},"featured_media":60239,"comment_status":"open","ping_status":"closed","template":"","meta":[],"product_cat":[232],"product_tag":[],"class_list":{"0":"post-60238","1":"product","2":"type-product","3":"status-publish","4":"has-post-thumbnail","6":"product_cat-women-fashion","8":"first","9":"instock","10":"shipping-taxable","11":"product-type-external"},"aioseo_notices":[],"_links":{"self":[{"href":"https:\/\/topgetestet.de\/index.php?rest_route=\/wp\/v2\/product\/60238","targetHints":{"allow":["GET"]}}],"collection":[{"href":"https:\/\/topgetestet.de\/index.php?rest_route=\/wp\/v2\/product"}],"about":[{"href":"https:\/\/topgetestet.de\/index.php?rest_route=\/wp\/v2\/types\/product"}],"replies":[{"embeddable":true,"href":"https:\/\/topgetestet.de\/index.php?rest_route=%2Fwp%2Fv2%2Fcomments&post=60238"}],"wp:featuredmedia":[{"embeddable":true,"href":"https:\/\/topgetestet.de\/index.php?rest_route=\/wp\/v2\/media\/60239"}],"wp:attachment":[{"href":"https:\/\/topgetestet.de\/index.php?rest_route=%2Fwp%2Fv2%2Fmedia&parent=60238"}],"wp:term":[{"taxonomy":"product_cat","embeddable":true,"href":"https:\/\/topgetestet.de\/index.php?rest_route=%2Fwp%2Fv2%2Fproduct_cat&post=60238"},{"taxonomy":"product_tag","embeddable":true,"href":"https:\/\/topgetestet.de\/index.php?rest_route=%2Fwp%2Fv2%2Fproduct_tag&post=60238"}],"curies":[{"name":"wp","href":"https:\/\/api.w.org\/{rel}","templated":true}]}}