{"id":60040,"date":"2022-10-13T20:58:02","date_gmt":"2022-10-13T20:58:02","guid":{"rendered":"https:\/\/topgetestet.de\/?product=tommy-jeans-damen-tjw-slim-jersey-v-neck-t-shirt"},"modified":"2022-10-13T20:58:02","modified_gmt":"2022-10-13T20:58:02","slug":"tommy-jeans-damen-tjw-slim-jersey-v-neck-t-shirt","status":"publish","type":"product","link":"https:\/\/topgetestet.de\/?product=tommy-jeans-damen-tjw-slim-jersey-v-neck-t-shirt","title":{"rendered":"Tommy Jeans Damen Tjw Slim Jersey V Neck T-Shirt"},"content":{"rendered":"<p>Price: <span style=\"color:#b12704\">[price_with_discount]<\/span><br \/><i><small>(as of [price_update_date] &#8211; <span class=\"wp_automatic_amazon_disclaimer\" title=\"Product prices and availability are accurate as of the date\/time indicated and are subject to change. Any price and availability information displayed on [relevant Amazon Site(s), as applicable] at the time of purchase will apply to the purchase of this product.\">Details<\/span>)<\/small><\/i><\/p>\n<p><a href=\"https:\/\/amazon.de\/dp\/B08FC6XL85?tag=topgetestet09-21\"><img decoding=\"async\" src=\"https:\/\/i.imgur.com\/ISRHEWs.png\"><\/a><br \/>\n[ad_1]<br \/>\n <span>Schlicht und doch intelligent, dieses T-Shirt aus Bio-Baumwolle verf\u00fcgt \u00fcber einen schmeichelhaften V-Ausschnitt und einen bunten Flaggenaufn\u00e4her f\u00fcr einen Hauch von Interesse.<\/span> <br \/> Verpackungsabmessungen \u200f : \u200e  22.4 x 17 x 1.8 cm; 100 Gramm <br \/> Im Angebot von Amazon.de seit \u200f : \u200e  7. Juli 2021 <br \/> Hersteller \u200f : \u200e  PVH <br \/> ASIN \u200f : \u200e  B098TYMTXJ <br \/> Modellnummer \u200f : \u200e  DW0DW09195 <br \/> Kategorie \u200f : \u200e  Damen <\/p>\n<p>[ad_2]<\/p>\n","protected":false},"excerpt":{"rendered":"<p>Price: [price_with_discount](as of [price_update_date] &#8211; Details) [ad_1] Schlicht und doch intelligent, dieses T-Shirt aus Bio-Baumwolle verf\u00fcgt \u00fcber einen schmeichelhaften V-Ausschnitt und einen bunten Flaggenaufn\u00e4her f\u00fcr einen Hauch von Interesse. Verpackungsabmessungen<\/p>\n","protected":false},"featured_media":60041,"comment_status":"open","ping_status":"closed","template":"","meta":[],"product_cat":[232],"product_tag":[],"class_list":{"0":"post-60040","1":"product","2":"type-product","3":"status-publish","4":"has-post-thumbnail","6":"product_cat-women-fashion","8":"first","9":"instock","10":"shipping-taxable","11":"product-type-external"},"aioseo_notices":[],"_links":{"self":[{"href":"https:\/\/topgetestet.de\/index.php?rest_route=\/wp\/v2\/product\/60040","targetHints":{"allow":["GET"]}}],"collection":[{"href":"https:\/\/topgetestet.de\/index.php?rest_route=\/wp\/v2\/product"}],"about":[{"href":"https:\/\/topgetestet.de\/index.php?rest_route=\/wp\/v2\/types\/product"}],"replies":[{"embeddable":true,"href":"https:\/\/topgetestet.de\/index.php?rest_route=%2Fwp%2Fv2%2Fcomments&post=60040"}],"wp:featuredmedia":[{"embeddable":true,"href":"https:\/\/topgetestet.de\/index.php?rest_route=\/wp\/v2\/media\/60041"}],"wp:attachment":[{"href":"https:\/\/topgetestet.de\/index.php?rest_route=%2Fwp%2Fv2%2Fmedia&parent=60040"}],"wp:term":[{"taxonomy":"product_cat","embeddable":true,"href":"https:\/\/topgetestet.de\/index.php?rest_route=%2Fwp%2Fv2%2Fproduct_cat&post=60040"},{"taxonomy":"product_tag","embeddable":true,"href":"https:\/\/topgetestet.de\/index.php?rest_route=%2Fwp%2Fv2%2Fproduct_tag&post=60040"}],"curies":[{"name":"wp","href":"https:\/\/api.w.org\/{rel}","templated":true}]}}