{"id":59775,"date":"2022-10-13T19:04:31","date_gmt":"2022-10-13T19:04:31","guid":{"rendered":"https:\/\/topgetestet.de\/?product=dualsense-ladestation-playstation-5"},"modified":"2022-10-13T19:04:31","modified_gmt":"2022-10-13T19:04:31","slug":"dualsense-ladestation-playstation-5","status":"publish","type":"product","link":"https:\/\/topgetestet.de\/?product=dualsense-ladestation-playstation-5","title":{"rendered":"DualSense-Ladestation [PlayStation 5]"},"content":{"rendered":"<p>Price: <span style=\"color:#b12704\">[price_with_discount]<\/span><br \/><i><small>(as of [price_update_date] &#8211; <span class=\"wp_automatic_amazon_disclaimer\" title=\"Product prices and availability are accurate as of the date\/time indicated and are subject to change. Any price and availability information displayed on [relevant Amazon Site(s), as applicable] at the time of purchase will apply to the purchase of this product.\">Details<\/span>)<\/small><\/i><\/p>\n<p><a href=\"https:\/\/amazon.de\/dp\/B08H97WTBL?tag=topgetestet09-21\"><img decoding=\"async\" src=\"https:\/\/i.imgur.com\/ISRHEWs.png\"><\/a><br \/>\n[ad_1]<br \/>\n <span>SONY DualSense(TM)-Ladestation Playstation-Zubeh\u00f6r PlayStation 5 Controller 9374107<\/p>\n<p>Andocken. Laden. Spielen.<br \/>Lade bis zu zwei DualSense(TM) Wireless-Controller gleichzeitig auf und schlie\u00dfe sie schnell und einfach mit dem Click-in-Design an die Ladestation an. Deine Controller laden so schnell auf wie bei Verbindung mit deiner PS5(TM)-Konsole &#8211; du kannst also USB-Ports ohne Leistungseinbu\u00dfen freihalten.<br \/>Lade zwei Controller<br \/>Lade zwei DualSense(TM) Wireless-Controller gleichzeitig auf, ohne sie mit deiner PlayStation5-Konsole verbinden zu m\u00fcssen.<br \/>Halte deine USB-Ports frei<br \/>Deine Controller laden so schnell auf wie bei Verbindung mit deiner PS5(TM)-Konsole &#8211; du kannst also USB-Ports ohne Leistungseinbu\u00dfen freihalten.<br \/>Click-in-Design<br \/>Schlie\u00dfe deine DualSense Wireless-Controller mit dem Click-in-Design schnell und einfach an die Ladestation an und lade sie auf, wenn es dir passt.<\/p>\n<p>Highlights<br \/>Lade zwei ControllerHalte deine USB-Ports freiClick-in-Design<\/p>\n<p>Funktionen<br \/>Anzahl: 1Anzahl unterst\u00fctzter Controller (max.): 2Gamingplattformen unterst\u00fctzt: PlayStation 5Intelligentes, ergonomisches Design: JaMarkenkompatibilit\u00e4t: SonyProduktfarbe: Schwarz, Wei\u00dfProdukttyp: Ladestation<\/span> <br \/> Alterseinstufung \u200f : \u200e  Nicht gepr\u00fcft <br \/> Sprache \u200f : \u200e  Polnisch <br \/> Produktabmessungen \u200f : \u200e  12 x 9 x 19 cm; 0.49 Gramm <br \/> Erscheinungstermin \u200f : \u200e  12. November 2020 <br \/> ASIN \u200f : \u200e  B08H97WTBL <br \/> Herstellerreferenz \u200f : \u200e  PS719374107 <\/p>\n<p>Lade zwei DualSense Wireless-Controller gleichzeitig auf, ohne sie mit deiner PlayStation5-Konsole verbinden zu m\u00fcssen<br \/>Deine Controller laden so schnell auf wie bei Verbindung mit deiner PS5-Konsole &#8211; du kannst also USB-Ports ohne Leistungseinbu\u00dfen freihalten.<br \/>Schlie\u00dfe deine DualSense Wireless-Controller mit dem Click-in-Design schnell und einfach an die Ladestation an und lade sie auf, wenn es dir passt.<br \/>Lieferumfang: DualSense-Ladestation, Netzanschluss, Netzkabel, Bedienungsanleitung<br \/>\n<br \/>[ad_2]<\/p>\n","protected":false},"excerpt":{"rendered":"<p>Price: [price_with_discount](as of [price_update_date] &#8211; Details) [ad_1] SONY DualSense(TM)-Ladestation Playstation-Zubeh\u00f6r PlayStation 5 Controller 9374107 Andocken. Laden. Spielen.Lade bis zu zwei DualSense(TM) Wireless-Controller gleichzeitig auf und schlie\u00dfe sie schnell und einfach<\/p>\n","protected":false},"featured_media":59776,"comment_status":"open","ping_status":"closed","template":"","meta":[],"product_cat":[227],"product_tag":[264],"class_list":{"0":"post-59775","1":"product","2":"type-product","3":"status-publish","4":"has-post-thumbnail","6":"product_cat-gaming","7":"product_tag-playstation-4-accessories","9":"first","10":"instock","11":"sale","12":"shipping-taxable","13":"product-type-external"},"aioseo_notices":[],"_links":{"self":[{"href":"https:\/\/topgetestet.de\/index.php?rest_route=\/wp\/v2\/product\/59775","targetHints":{"allow":["GET"]}}],"collection":[{"href":"https:\/\/topgetestet.de\/index.php?rest_route=\/wp\/v2\/product"}],"about":[{"href":"https:\/\/topgetestet.de\/index.php?rest_route=\/wp\/v2\/types\/product"}],"replies":[{"embeddable":true,"href":"https:\/\/topgetestet.de\/index.php?rest_route=%2Fwp%2Fv2%2Fcomments&post=59775"}],"wp:featuredmedia":[{"embeddable":true,"href":"https:\/\/topgetestet.de\/index.php?rest_route=\/wp\/v2\/media\/59776"}],"wp:attachment":[{"href":"https:\/\/topgetestet.de\/index.php?rest_route=%2Fwp%2Fv2%2Fmedia&parent=59775"}],"wp:term":[{"taxonomy":"product_cat","embeddable":true,"href":"https:\/\/topgetestet.de\/index.php?rest_route=%2Fwp%2Fv2%2Fproduct_cat&post=59775"},{"taxonomy":"product_tag","embeddable":true,"href":"https:\/\/topgetestet.de\/index.php?rest_route=%2Fwp%2Fv2%2Fproduct_tag&post=59775"}],"curies":[{"name":"wp","href":"https:\/\/api.w.org\/{rel}","templated":true}]}}