{"id":59645,"date":"2022-10-13T18:13:04","date_gmt":"2022-10-13T18:13:04","guid":{"rendered":"https:\/\/topgetestet.de\/?product=fujifilm-instax-sq-6-zubehorset-schwarz"},"modified":"2022-10-13T18:13:04","modified_gmt":"2022-10-13T18:13:04","slug":"fujifilm-instax-sq-6-zubehorset-schwarz","status":"publish","type":"product","link":"https:\/\/topgetestet.de\/?product=fujifilm-instax-sq-6-zubehorset-schwarz","title":{"rendered":"Fujifilm instax SQ 6 Zubeh\u00f6rset Schwarz"},"content":{"rendered":"<p>Price: <span style=\"color:#b12704\">[price_with_discount]<\/span><br \/><i><small>(as of [price_update_date] &#8211; <span class=\"wp_automatic_amazon_disclaimer\" title=\"Product prices and availability are accurate as of the date\/time indicated and are subject to change. Any price and availability information displayed on [relevant Amazon Site(s), as applicable] at the time of purchase will apply to the purchase of this product.\">Details<\/span>)<\/small><\/i><\/p>\n<p><a href=\"https:\/\/amazon.de\/dp\/B07DZW4QK2?tag=topgetestet09-21\"><img decoding=\"async\" src=\"https:\/\/i.imgur.com\/ISRHEWs.png\"><\/a><br \/>\n[ad_1]<br \/>\n <span>Das instax SQUARE SQ 6 Zubeh\u00f6r Set besteht aus einer stylischen Tasche f\u00fcr die instax SQUARE SQ 6, ein Album f\u00fcr Sofortbilder im SQUAREformat und einem Acrylrahmen f\u00fcr Sofortbilder im SQUAREformat<\/span> <br \/> Produktabmessungen \u200f : \u200e  3 x 12 x 20.5 cm; 535 Gramm <br \/> Im Angebot von Amazon.de seit \u200f : \u200e  27. Juni 2018 <br \/> Hersteller \u200f : \u200e  FUJIFILM <br \/> ASIN \u200f : \u200e  B07DZW4QK2 <br \/> Modellnummer \u200f : \u200e  70100140731 <br \/> Herkunftsland \u200f : \u200e  China <\/p>\n<p>[ad_2]<\/p>\n","protected":false},"excerpt":{"rendered":"<p>Price: [price_with_discount](as of [price_update_date] &#8211; Details) [ad_1] Das instax SQUARE SQ 6 Zubeh\u00f6r Set besteht aus einer stylischen Tasche f\u00fcr die instax SQUARE SQ 6, ein Album f\u00fcr Sofortbilder im<\/p>\n","protected":false},"featured_media":59646,"comment_status":"open","ping_status":"closed","template":"","meta":[],"product_cat":[225],"product_tag":[],"class_list":{"0":"post-59645","1":"product","2":"type-product","3":"status-publish","4":"has-post-thumbnail","6":"product_cat-electronics","8":"first","9":"instock","10":"sale","11":"shipping-taxable","12":"product-type-external"},"aioseo_notices":[],"_links":{"self":[{"href":"https:\/\/topgetestet.de\/index.php?rest_route=\/wp\/v2\/product\/59645","targetHints":{"allow":["GET"]}}],"collection":[{"href":"https:\/\/topgetestet.de\/index.php?rest_route=\/wp\/v2\/product"}],"about":[{"href":"https:\/\/topgetestet.de\/index.php?rest_route=\/wp\/v2\/types\/product"}],"replies":[{"embeddable":true,"href":"https:\/\/topgetestet.de\/index.php?rest_route=%2Fwp%2Fv2%2Fcomments&post=59645"}],"wp:featuredmedia":[{"embeddable":true,"href":"https:\/\/topgetestet.de\/index.php?rest_route=\/wp\/v2\/media\/59646"}],"wp:attachment":[{"href":"https:\/\/topgetestet.de\/index.php?rest_route=%2Fwp%2Fv2%2Fmedia&parent=59645"}],"wp:term":[{"taxonomy":"product_cat","embeddable":true,"href":"https:\/\/topgetestet.de\/index.php?rest_route=%2Fwp%2Fv2%2Fproduct_cat&post=59645"},{"taxonomy":"product_tag","embeddable":true,"href":"https:\/\/topgetestet.de\/index.php?rest_route=%2Fwp%2Fv2%2Fproduct_tag&post=59645"}],"curies":[{"name":"wp","href":"https:\/\/api.w.org\/{rel}","templated":true}]}}