{"id":59295,"date":"2022-10-13T09:06:31","date_gmt":"2022-10-13T09:06:31","guid":{"rendered":"https:\/\/topgetestet.de\/?product=ultra-pure-solutions-pearl-gold-facial-nano-spray-75-ml"},"modified":"2022-10-13T09:06:31","modified_gmt":"2022-10-13T09:06:31","slug":"ultra-pure-solutions-pearl-gold-facial-nano-spray-75-ml","status":"publish","type":"product","link":"https:\/\/topgetestet.de\/?product=ultra-pure-solutions-pearl-gold-facial-nano-spray-75-ml","title":{"rendered":"Ultra Pure Solutions Pearl &#038; Gold Facial Nano Spray 75 Ml"},"content":{"rendered":"<p>Price: <span style=\"color:#b12704\">[price_with_discount]<\/span><br \/><i><small>(as of [price_update_date] &#8211; <span class=\"wp_automatic_amazon_disclaimer\" title=\"Product prices and availability are accurate as of the date\/time indicated and are subject to change. Any price and availability information displayed on [relevant Amazon Site(s), as applicable] at the time of purchase will apply to the purchase of this product.\">Details<\/span>)<\/small><\/i><\/p>\n<p><a href=\"https:\/\/amazon.de\/dp\/B00796O7E8?tag=topgetestet09-21\"><img decoding=\"async\" src=\"https:\/\/i.imgur.com\/ISRHEWs.png\"><\/a><br \/>\n[ad_1]<br \/>\n <span>Nano-pflegespray von M2 Beaut\u00e9 wirkt vitalisierend, feuchtigkeitsspendend und sorgt dabei f\u00fcr ein feines, reines und strahlendes Hautbild. Hautunregelm\u00e4\u00dfigkeiten und Pigmentflecken werden reduziert.<\/span> <br \/>F\u00fcr leuchtenden Teint<br \/>Lindert Hautunregelm\u00e4\u00dfigkeiten<br \/>Wirkt aufhellend und verfeinernd<br \/>\n<br \/>[ad_2]<\/p>\n","protected":false},"excerpt":{"rendered":"<p>Price: [price_with_discount](as of [price_update_date] &#8211; Details) [ad_1] Nano-pflegespray von M2 Beaut\u00e9 wirkt vitalisierend, feuchtigkeitsspendend und sorgt dabei f\u00fcr ein feines, reines und strahlendes Hautbild. Hautunregelm\u00e4\u00dfigkeiten und Pigmentflecken werden reduziert. F\u00fcr<\/p>\n","protected":false},"featured_media":59296,"comment_status":"open","ping_status":"closed","template":"","meta":[],"product_cat":[228],"product_tag":[246],"class_list":{"0":"post-59295","1":"product","2":"type-product","3":"status-publish","4":"has-post-thumbnail","6":"product_cat-beauty","7":"product_tag-facial-skin-care-products","9":"first","10":"instock","11":"shipping-taxable","12":"product-type-external"},"aioseo_notices":[],"_links":{"self":[{"href":"https:\/\/topgetestet.de\/index.php?rest_route=\/wp\/v2\/product\/59295","targetHints":{"allow":["GET"]}}],"collection":[{"href":"https:\/\/topgetestet.de\/index.php?rest_route=\/wp\/v2\/product"}],"about":[{"href":"https:\/\/topgetestet.de\/index.php?rest_route=\/wp\/v2\/types\/product"}],"replies":[{"embeddable":true,"href":"https:\/\/topgetestet.de\/index.php?rest_route=%2Fwp%2Fv2%2Fcomments&post=59295"}],"wp:featuredmedia":[{"embeddable":true,"href":"https:\/\/topgetestet.de\/index.php?rest_route=\/wp\/v2\/media\/59296"}],"wp:attachment":[{"href":"https:\/\/topgetestet.de\/index.php?rest_route=%2Fwp%2Fv2%2Fmedia&parent=59295"}],"wp:term":[{"taxonomy":"product_cat","embeddable":true,"href":"https:\/\/topgetestet.de\/index.php?rest_route=%2Fwp%2Fv2%2Fproduct_cat&post=59295"},{"taxonomy":"product_tag","embeddable":true,"href":"https:\/\/topgetestet.de\/index.php?rest_route=%2Fwp%2Fv2%2Fproduct_tag&post=59295"}],"curies":[{"name":"wp","href":"https:\/\/api.w.org\/{rel}","templated":true}]}}