{"id":59267,"date":"2022-10-13T07:52:01","date_gmt":"2022-10-13T07:52:01","guid":{"rendered":"https:\/\/topgetestet.de\/?product=oculus-quest-2-elite-strap-with-battery"},"modified":"2022-10-13T07:52:01","modified_gmt":"2022-10-13T07:52:01","slug":"oculus-quest-2-elite-strap-with-battery","status":"publish","type":"product","link":"https:\/\/topgetestet.de\/?product=oculus-quest-2-elite-strap-with-battery","title":{"rendered":"Oculus Quest 2 Elite Strap with Battery"},"content":{"rendered":"<p>Price: <span style=\"color:#b12704\">[price_with_discount]<\/span><br \/><i><small>(as of [price_update_date] &#8211; <span class=\"wp_automatic_amazon_disclaimer\" title=\"Product prices and availability are accurate as of the date\/time indicated and are subject to change. Any price and availability information displayed on [relevant Amazon Site(s), as applicable] at the time of purchase will apply to the purchase of this product.\">Details<\/span>)<\/small><\/i><\/p>\n<p><a href=\"https:\/\/amazon.de\/dp\/B09CZ4QV5S?tag=topgetestet09-21\"><img decoding=\"async\" src=\"https:\/\/i.imgur.com\/ISRHEWs.png\"><\/a><br \/>\n[ad_1]<br \/>\n Um die Gesamtbewertung der Sterne und die prozentuale Aufschl\u00fcsselung nach Sternen zu berechnen, verwenden wir keinen einfachen Durchschnitt. Stattdessen ber\u00fccksichtigt unser System beispielsweise, wie aktuell eine Bewertung ist und ob der Pr\u00fcfer den Artikel bei Amazon gekauft hat. Es wurden auch Bewertungen analysiert, um die Vertrauensw\u00fcrdigkeit zu \u00fcberpr\u00fcfen. <br \/> Batterien \u200f : \u200e  1 Lithium-Ionen Batterien erforderlich (enthalten). <br \/> Alterseinstufung \u200f : \u200e  Nicht gepr\u00fcft <br \/> Sprache \u200f : \u200e  Englisch, Italienisch <br \/> Handbuch \u200f : \u200e  Italienisch <br \/> Produktabmessungen \u200f : \u200e  12.4 x 29.3 x 20 cm; 317.51 Gramm <br \/> Erscheinungstermin \u200f : \u200e  26. Oktober 2021 <br \/> Untertitel: \u200f : \u200e  Italienisch <br \/> ASIN \u200f : \u200e  B09CZ4QV5S <br \/> Modellnummer \u200f : \u200e  899-00208-01 <br \/> Herkunftsland \u200f : \u200e  China <\/p>\n<p>[ad_2]<\/p>\n","protected":false},"excerpt":{"rendered":"<p>Price: [price_with_discount](as of [price_update_date] &#8211; Details) [ad_1] Um die Gesamtbewertung der Sterne und die prozentuale Aufschl\u00fcsselung nach Sternen zu berechnen, verwenden wir keinen einfachen Durchschnitt. Stattdessen ber\u00fccksichtigt unser System beispielsweise,<\/p>\n","protected":false},"featured_media":59268,"comment_status":"open","ping_status":"closed","template":"","meta":[],"product_cat":[227],"product_tag":[264],"class_list":{"0":"post-59267","1":"product","2":"type-product","3":"status-publish","4":"has-post-thumbnail","6":"product_cat-gaming","7":"product_tag-playstation-4-accessories","9":"first","10":"instock","11":"shipping-taxable","12":"product-type-external"},"aioseo_notices":[],"_links":{"self":[{"href":"https:\/\/topgetestet.de\/index.php?rest_route=\/wp\/v2\/product\/59267","targetHints":{"allow":["GET"]}}],"collection":[{"href":"https:\/\/topgetestet.de\/index.php?rest_route=\/wp\/v2\/product"}],"about":[{"href":"https:\/\/topgetestet.de\/index.php?rest_route=\/wp\/v2\/types\/product"}],"replies":[{"embeddable":true,"href":"https:\/\/topgetestet.de\/index.php?rest_route=%2Fwp%2Fv2%2Fcomments&post=59267"}],"wp:featuredmedia":[{"embeddable":true,"href":"https:\/\/topgetestet.de\/index.php?rest_route=\/wp\/v2\/media\/59268"}],"wp:attachment":[{"href":"https:\/\/topgetestet.de\/index.php?rest_route=%2Fwp%2Fv2%2Fmedia&parent=59267"}],"wp:term":[{"taxonomy":"product_cat","embeddable":true,"href":"https:\/\/topgetestet.de\/index.php?rest_route=%2Fwp%2Fv2%2Fproduct_cat&post=59267"},{"taxonomy":"product_tag","embeddable":true,"href":"https:\/\/topgetestet.de\/index.php?rest_route=%2Fwp%2Fv2%2Fproduct_tag&post=59267"}],"curies":[{"name":"wp","href":"https:\/\/api.w.org\/{rel}","templated":true}]}}