{"id":59167,"date":"2022-10-13T00:12:22","date_gmt":"2022-10-13T00:12:22","guid":{"rendered":"https:\/\/topgetestet.de\/?product=naruto-shippuden-ultimate-ninja-storm-4-playstation-4"},"modified":"2022-10-13T00:12:22","modified_gmt":"2022-10-13T00:12:22","slug":"naruto-shippuden-ultimate-ninja-storm-4-playstation-4","status":"publish","type":"product","link":"https:\/\/topgetestet.de\/?product=naruto-shippuden-ultimate-ninja-storm-4-playstation-4","title":{"rendered":"Naruto Shippuden Ultimate Ninja Storm 4 &#8211; PlayStation 4"},"content":{"rendered":"<p>Price: <span style=\"color:#b12704\">[price_with_discount]<\/span><br \/><i><small>(as of [price_update_date] &#8211; <span class=\"wp_automatic_amazon_disclaimer\" title=\"Product prices and availability are accurate as of the date\/time indicated and are subject to change. Any price and availability information displayed on [relevant Amazon Site(s), as applicable] at the time of purchase will apply to the purchase of this product.\">Details<\/span>)<\/small><\/i><\/p>\n<p><a href=\"https:\/\/amazon.de\/dp\/B00RHI62OG?tag=topgetestet09-21\"><img decoding=\"async\" src=\"https:\/\/i.imgur.com\/ISRHEWs.png\"><\/a><br \/>\n[ad_1]<br \/>\n Um die Gesamtbewertung der Sterne und die prozentuale Aufschl\u00fcsselung nach Sternen zu berechnen, verwenden wir keinen einfachen Durchschnitt. Stattdessen ber\u00fccksichtigt unser System beispielsweise, wie aktuell eine Bewertung ist und ob der Pr\u00fcfer den Artikel bei Amazon gekauft hat. Es wurden auch Bewertungen analysiert, um die Vertrauensw\u00fcrdigkeit zu \u00fcberpr\u00fcfen. <br \/> Auslaufartikel (Produktion durch Hersteller eingestellt) \u200f : \u200e  Nein <br \/> Produktabmessungen \u200f : \u200e  1.52 x 13.46 x 17.02 cm; 68.04 Gramm <br \/> Erscheinungstermin \u200f : \u200e  9. Februar 2016 <br \/> ASIN \u200f : \u200e  B00RHI62OG <br \/> Modellnummer \u200f : \u200e  12012 <\/p>\n<p>Change Leader System &#8211; Stellen Sie alle legend\u00e4ren Teams von Naruto Shippuden nach, oder erstellen Sie Ihr eigenes Team. Die Spieler k\u00f6nnen w\u00e4hrend des Kampfes die Figuren wechseln<br \/>Neue Funktionen \u2013 Genie\u00dfen Sie rasante K\u00e4mpfe mit dem Wall-Run!<br \/>Unglaublicher Roster &#8211; Die beeindruckendste Sammlung in der Geschichte der Naruto-Spiele spannt den Naruto Shippuden Story-Arc und f\u00e4ngt die neuesten Charakterauftritte aus dem Anime ein.<br \/>Original Voiceover-Support \u2013 beinhaltet die japanische, amerikanische, mexikanische und brasilianische Stimme<br \/>\n<br \/>[ad_2]<\/p>\n","protected":false},"excerpt":{"rendered":"<p>Price: [price_with_discount](as of [price_update_date] &#8211; Details) [ad_1] Um die Gesamtbewertung der Sterne und die prozentuale Aufschl\u00fcsselung nach Sternen zu berechnen, verwenden wir keinen einfachen Durchschnitt. Stattdessen ber\u00fccksichtigt unser System beispielsweise,<\/p>\n","protected":false},"featured_media":59168,"comment_status":"open","ping_status":"closed","template":"","meta":[],"product_cat":[227],"product_tag":[261],"class_list":{"0":"post-59167","1":"product","2":"type-product","3":"status-publish","4":"has-post-thumbnail","6":"product_cat-gaming","7":"product_tag-playstation-legacy-games","9":"first","10":"instock","11":"shipping-taxable","12":"product-type-external"},"aioseo_notices":[],"_links":{"self":[{"href":"https:\/\/topgetestet.de\/index.php?rest_route=\/wp\/v2\/product\/59167","targetHints":{"allow":["GET"]}}],"collection":[{"href":"https:\/\/topgetestet.de\/index.php?rest_route=\/wp\/v2\/product"}],"about":[{"href":"https:\/\/topgetestet.de\/index.php?rest_route=\/wp\/v2\/types\/product"}],"replies":[{"embeddable":true,"href":"https:\/\/topgetestet.de\/index.php?rest_route=%2Fwp%2Fv2%2Fcomments&post=59167"}],"wp:featuredmedia":[{"embeddable":true,"href":"https:\/\/topgetestet.de\/index.php?rest_route=\/wp\/v2\/media\/59168"}],"wp:attachment":[{"href":"https:\/\/topgetestet.de\/index.php?rest_route=%2Fwp%2Fv2%2Fmedia&parent=59167"}],"wp:term":[{"taxonomy":"product_cat","embeddable":true,"href":"https:\/\/topgetestet.de\/index.php?rest_route=%2Fwp%2Fv2%2Fproduct_cat&post=59167"},{"taxonomy":"product_tag","embeddable":true,"href":"https:\/\/topgetestet.de\/index.php?rest_route=%2Fwp%2Fv2%2Fproduct_tag&post=59167"}],"curies":[{"name":"wp","href":"https:\/\/api.w.org\/{rel}","templated":true}]}}