{"id":58743,"date":"2022-10-12T04:51:30","date_gmt":"2022-10-12T04:51:30","guid":{"rendered":"https:\/\/topgetestet.de\/?product=asics-herren-gel-cumulus-24-sneaker-8"},"modified":"2022-10-12T04:51:30","modified_gmt":"2022-10-12T04:51:30","slug":"asics-herren-gel-cumulus-24-sneaker-8","status":"publish","type":"product","link":"https:\/\/topgetestet.de\/?product=asics-herren-gel-cumulus-24-sneaker-8","title":{"rendered":"ASICS Herren Gel-Cumulus 24 Sneaker"},"content":{"rendered":"<p>Price: <span style=\"color:#b12704\">[price_with_discount]<\/span><br \/><i><small>(as of [price_update_date] &#8211; <span class=\"wp_automatic_amazon_disclaimer\" title=\"Product prices and availability are accurate as of the date\/time indicated and are subject to change. Any price and availability information displayed on [relevant Amazon Site(s), as applicable] at the time of purchase will apply to the purchase of this product.\">Details<\/span>)<\/small><\/i><\/p>\n<p><a href=\"https:\/\/amazon.de\/dp\/B095W5V598?tag=topgetestet09-21\"><img decoding=\"async\" src=\"https:\/\/i.imgur.com\/ISRHEWs.png\"><\/a><br \/>\n[ad_1]<br \/>\n <span>Der Schuh des Gel-Cumulus \u2122 24 soll ein noch fl\u00fcssigeres und weicheres Rennen garantieren und gleichzeitig spezifische Technologien durch Geschlecht bei m\u00e4nnlichen und weiblichen Modellen implementieren. Wir lie\u00dfen uns weiterhin von den kumuliformen Wolken inspirieren und \u00fcberlegte die Bildung des Oberen und der zwischenmenschlichen Rennschuh, indem wir eine Herangehensweise an das ganzheitlichere Design anwenden, das sich an die Anatomie des sich bewegenden L\u00e4ufers anpasst. Durch das Wickeln des Fu\u00dfes mit einem noch gr\u00f6\u00dferen Gef\u00fchl der Weichheit f\u00fcgt das aufw\u00e4ndige Hemd -Obermaterial strategische Unterst\u00fctzung in gezielten Bereichen hinzu, um einige offenere Fasern zu erhalten, um die Atmungsaktivit\u00e4t zu verbessern.<\/span> <br \/> Verpackungsabmessungen \u200f : \u200e  32.79 x 20 x 12.2 cm; 640 Gramm <br \/> Im Angebot von Amazon.de seit \u200f : \u200e  1. Mai 2022 <br \/> Hersteller \u200f : \u200e  ASICS <br \/> ASIN \u200f : \u200e  B095W5HKD3 <br \/> Modellnummer \u200f : \u200e  1011B366-002 <br \/> Kategorie \u200f : \u200e  Herren <\/p>\n<p>[ad_2]<\/p>\n","protected":false},"excerpt":{"rendered":"<p>Price: [price_with_discount](as of [price_update_date] &#8211; Details) [ad_1] Der Schuh des Gel-Cumulus \u2122 24 soll ein noch fl\u00fcssigeres und weicheres Rennen garantieren und gleichzeitig spezifische Technologien durch Geschlecht bei m\u00e4nnlichen und<\/p>\n","protected":false},"featured_media":58744,"comment_status":"open","ping_status":"closed","template":"","meta":[],"product_cat":[234],"product_tag":[235],"class_list":{"0":"post-58743","1":"product","2":"type-product","3":"status-publish","4":"has-post-thumbnail","6":"product_cat-shoes","7":"product_tag-mens-road-running-shoes","9":"first","10":"instock","11":"shipping-taxable","12":"product-type-external"},"aioseo_notices":[],"_links":{"self":[{"href":"https:\/\/topgetestet.de\/index.php?rest_route=\/wp\/v2\/product\/58743","targetHints":{"allow":["GET"]}}],"collection":[{"href":"https:\/\/topgetestet.de\/index.php?rest_route=\/wp\/v2\/product"}],"about":[{"href":"https:\/\/topgetestet.de\/index.php?rest_route=\/wp\/v2\/types\/product"}],"replies":[{"embeddable":true,"href":"https:\/\/topgetestet.de\/index.php?rest_route=%2Fwp%2Fv2%2Fcomments&post=58743"}],"wp:featuredmedia":[{"embeddable":true,"href":"https:\/\/topgetestet.de\/index.php?rest_route=\/wp\/v2\/media\/58744"}],"wp:attachment":[{"href":"https:\/\/topgetestet.de\/index.php?rest_route=%2Fwp%2Fv2%2Fmedia&parent=58743"}],"wp:term":[{"taxonomy":"product_cat","embeddable":true,"href":"https:\/\/topgetestet.de\/index.php?rest_route=%2Fwp%2Fv2%2Fproduct_cat&post=58743"},{"taxonomy":"product_tag","embeddable":true,"href":"https:\/\/topgetestet.de\/index.php?rest_route=%2Fwp%2Fv2%2Fproduct_tag&post=58743"}],"curies":[{"name":"wp","href":"https:\/\/api.w.org\/{rel}","templated":true}]}}