{"id":58712,"date":"2022-10-12T02:22:14","date_gmt":"2022-10-12T02:22:14","guid":{"rendered":"https:\/\/topgetestet.de\/?product=apple-lightning-auf-usb-3-kamera-adapter"},"modified":"2022-10-12T02:22:14","modified_gmt":"2022-10-12T02:22:14","slug":"apple-lightning-auf-usb-3-kamera-adapter","status":"publish","type":"product","link":"https:\/\/topgetestet.de\/?product=apple-lightning-auf-usb-3-kamera-adapter","title":{"rendered":"Apple Lightning auf USB\u00a03 Kamera-Adapter"},"content":{"rendered":"<p>Price: <span style=\"color:#b12704\">[price_with_discount]<\/span><br \/><i><small>(as of [price_update_date] &#8211; <span class=\"wp_automatic_amazon_disclaimer\" title=\"Product prices and availability are accurate as of the date\/time indicated and are subject to change. Any price and availability information displayed on [relevant Amazon Site(s), as applicable] at the time of purchase will apply to the purchase of this product.\">Details<\/span>)<\/small><\/i><\/p>\n<p><a href=\"https:\/\/amazon.de\/dp\/B01DGDNL2G?tag=topgetestet09-21\"><img decoding=\"async\" src=\"https:\/\/i.imgur.com\/ISRHEWs.png\"><\/a><br \/>\n[ad_1]<br \/>\n<br \/>Nachdem du den Lightning auf USB 3 Kamera-Adapter angeschlossen hast, \u00f6ffnet dein iPad Pro automatisch die Fotos App. Sie l\u00e4sst dich die Fotos und Videos ausw\u00e4hlen, die du importieren m\u00f6chtest, und sortiert sie dann in Alben.<br \/>F\u00fcge deinem iPad Pro noch mehr M\u00f6glichkeiten hinzu, indem du den Lightning auf USB 3 Kamera- Adapter mit einem USB Netzteil betreibst. Damit kannst du USB Zubeh\u00f6r wie Hubs, Ethernet Adapter, Audio\/MIDI Interfaces und Kartenleseger\u00e4te f\u00fcr CompactFlash, SD, microSD und mehr anschlie\u00dfen.<br \/>Der Lightning auf USB 3 Kamera-Adapter unterst\u00fctzt standardm\u00e4\u00dfige Fotoformate, inklusive JPEG und RAW, sowie SD und HD Videoformate wie H.264 und MPEG\u20104. Das 12,9&#8243; iPad Pro und das 10,5&#8243; iPad Pro \u00fcbertragen Daten mit Geschwindigkeiten bis zu USB 3, das 9,7&#8243; iPad Pro nutzt USB 2<br \/>Kompatibilit\u00e4t iPhone Modelle: iPhone 5 &#8211; iPhone 12 \/ 12 mini \/ 12 Pro \/ 12 Pro Max<br \/>Kompatibilit\u00e4t iPad Modelle: 12,9&#8243; iPad Pro (1. und 2. Generation), 10,5&#8243; iPad Pro, 9,7&#8243; iPad Pro iPad (5., 6. und 7. Generation) iPad Air (3., 2. und 1. Generation), iPad mini (1., 2., 3., 4. und 5. Generation)<br \/>\n<br \/>[ad_2]<\/p>\n","protected":false},"excerpt":{"rendered":"<p>Price: [price_with_discount](as of [price_update_date] &#8211; Details) [ad_1] Nachdem du den Lightning auf USB 3 Kamera-Adapter angeschlossen hast, \u00f6ffnet dein iPad Pro automatisch die Fotos App. Sie l\u00e4sst dich die Fotos<\/p>\n","protected":false},"featured_media":58713,"comment_status":"open","ping_status":"closed","template":"","meta":[],"product_cat":[225],"product_tag":[],"class_list":{"0":"post-58712","1":"product","2":"type-product","3":"status-publish","4":"has-post-thumbnail","6":"product_cat-electronics","8":"first","9":"instock","10":"sale","11":"shipping-taxable","12":"product-type-external"},"aioseo_notices":[],"_links":{"self":[{"href":"https:\/\/topgetestet.de\/index.php?rest_route=\/wp\/v2\/product\/58712","targetHints":{"allow":["GET"]}}],"collection":[{"href":"https:\/\/topgetestet.de\/index.php?rest_route=\/wp\/v2\/product"}],"about":[{"href":"https:\/\/topgetestet.de\/index.php?rest_route=\/wp\/v2\/types\/product"}],"replies":[{"embeddable":true,"href":"https:\/\/topgetestet.de\/index.php?rest_route=%2Fwp%2Fv2%2Fcomments&post=58712"}],"wp:featuredmedia":[{"embeddable":true,"href":"https:\/\/topgetestet.de\/index.php?rest_route=\/wp\/v2\/media\/58713"}],"wp:attachment":[{"href":"https:\/\/topgetestet.de\/index.php?rest_route=%2Fwp%2Fv2%2Fmedia&parent=58712"}],"wp:term":[{"taxonomy":"product_cat","embeddable":true,"href":"https:\/\/topgetestet.de\/index.php?rest_route=%2Fwp%2Fv2%2Fproduct_cat&post=58712"},{"taxonomy":"product_tag","embeddable":true,"href":"https:\/\/topgetestet.de\/index.php?rest_route=%2Fwp%2Fv2%2Fproduct_tag&post=58712"}],"curies":[{"name":"wp","href":"https:\/\/api.w.org\/{rel}","templated":true}]}}