{"id":58636,"date":"2022-10-11T20:01:22","date_gmt":"2022-10-11T20:01:22","guid":{"rendered":"https:\/\/topgetestet.de\/?product=warriors-orochi-4-xbox-one"},"modified":"2022-10-11T20:01:22","modified_gmt":"2022-10-11T20:01:22","slug":"warriors-orochi-4-xbox-one","status":"publish","type":"product","link":"https:\/\/topgetestet.de\/?product=warriors-orochi-4-xbox-one","title":{"rendered":"Warriors Orochi 4 [Xbox One]"},"content":{"rendered":"<p>Price: <span style=\"color:#b12704\">[price_with_discount]<\/span><br \/><i><small>(as of [price_update_date] &#8211; <span class=\"wp_automatic_amazon_disclaimer\" title=\"Product prices and availability are accurate as of the date\/time indicated and are subject to change. Any price and availability information displayed on [relevant Amazon Site(s), as applicable] at the time of purchase will apply to the purchase of this product.\">Details<\/span>)<\/small><\/i><\/p>\n<p><a href=\"https:\/\/amazon.de\/dp\/B07FDVCJ8W?tag=topgetestet09-21\"><img decoding=\"async\" src=\"https:\/\/i.imgur.com\/ISRHEWs.png\"><\/a><br \/>\n[ad_1]<br \/>\n <span>Warriors Orochi 4 verbindet die Universen von Dynasty sowie Samurai Warriors und bietet somit eine bemerkenswerte Anzahl von 170 spielbaren Charakteren, mit denen die Spieler einzeln oder im Coop-Modus in die Action ziehen k\u00f6nnen.<\/p>\n<p>Dar\u00fcber hinaus k\u00f6nnen Spieler in Warriors Orochi 4 erstmals Magie nutzen, um m\u00e4chtige sowie visuell beeindruckende Angriffe gegen ihre Herausforderer auszuf\u00fchren. Diese neuen Kr\u00e4fte stammen aus den Artefakten der G\u00f6tter, den sogenannten Sacred Treasures, mit denen alle Charaktere in Warriors Orochi 4 gesegnet wurden. Mit ihrer Hilfe entfachen die Spieler magische F\u00e4higkeiten und k\u00f6nnen zus\u00e4tzlich die bekannten Legacy-Moves sowie ihre Spezialangriffe verst\u00e4rken.<\/p>\n<p>Neben zahlreichen bekannten Figuren der Warriors-Serie, finden sich neue Charaktere in Warriors Orochi 4, wie den Vater des griechischen Pantheons wieder. Zeus hat die Macht, ein verheerendes Gewitter herbeizurufen und \u00fcber seine Gegner zu entladen. Zusammen mit weiteren neuen und vertrauten Gesichtern der Warriors-Serie, wird er sich einem noch unbekannten Gegner gegen\u00fcberstellen.<\/p>\n<p>Features:<br \/>&#8211; Warriors Orochi 4 spannende Geschichte kann durch die Augen von 170 Charakter, davon 165 beliebte R\u00fcckkehrer aus den DYNASTY WARRIORS, SAMURAI WARRIORS und Warriors Orochi Universum und f\u00fcnf brandneue Charaktere, erlebt werden<br \/>&#8211; Komplett neue Aspekte kommen zur bekannten Einer-gegen-Tausend-Erfolgsformel hinzu; neue Magie-Action kann auf dem Schlachtfeld entfesselt werden neben bekannten Standardattacken, um verheerende Kombos auszul\u00f6sen!<br \/>&#8211; Der lokale Co-Op Modus kehrt zur Warriors-Reihe zur\u00fcck und erlaubt es den Spielern zu zweit das epische Action-Abenteuer zu erleben<\/span> <br \/> Alterseinstufung \u200f : \u200e  USK ab 12 freigegeben <br \/> Sprache \u200f : \u200e  Japanisch <br \/> Handbuch \u200f : \u200e  Deutsch <br \/> Produktabmessungen \u200f : \u200e  13.9 x 1.4 x 17.3 cm; 72 Gramm <br \/> Erscheinungstermin \u200f : \u200e  19. Oktober 2018 <br \/> Untertitel: \u200f : \u200e  Englisch <br \/> ASIN \u200f : \u200e  B07FDVCJ8W <br \/> Herstellerreferenz \u200f : \u200e  1029130 <\/p>\n<p>Lokaler 2-Spieler-Koop erm\u00f6glicht das gemeinsame Durchspielen<br \/>Erstmalig in der Reihe kann Magie genutzt werden und erweitert die taktische Tiefe um ein Vielfaches<br \/>Das sch\u00f6nste Warriors Orochi aller Zeiten<br \/>\n<br \/>[ad_2]<\/p>\n","protected":false},"excerpt":{"rendered":"<p>Price: [price_with_discount](as of [price_update_date] &#8211; Details) [ad_1] Warriors Orochi 4 verbindet die Universen von Dynasty sowie Samurai Warriors und bietet somit eine bemerkenswerte Anzahl von 170 spielbaren Charakteren, mit denen<\/p>\n","protected":false},"featured_media":58637,"comment_status":"open","ping_status":"closed","template":"","meta":[],"product_cat":[227],"product_tag":[261],"class_list":{"0":"post-58636","1":"product","2":"type-product","3":"status-publish","4":"has-post-thumbnail","6":"product_cat-gaming","7":"product_tag-playstation-legacy-games","9":"first","10":"instock","11":"shipping-taxable","12":"product-type-external"},"aioseo_notices":[],"_links":{"self":[{"href":"https:\/\/topgetestet.de\/index.php?rest_route=\/wp\/v2\/product\/58636","targetHints":{"allow":["GET"]}}],"collection":[{"href":"https:\/\/topgetestet.de\/index.php?rest_route=\/wp\/v2\/product"}],"about":[{"href":"https:\/\/topgetestet.de\/index.php?rest_route=\/wp\/v2\/types\/product"}],"replies":[{"embeddable":true,"href":"https:\/\/topgetestet.de\/index.php?rest_route=%2Fwp%2Fv2%2Fcomments&post=58636"}],"wp:featuredmedia":[{"embeddable":true,"href":"https:\/\/topgetestet.de\/index.php?rest_route=\/wp\/v2\/media\/58637"}],"wp:attachment":[{"href":"https:\/\/topgetestet.de\/index.php?rest_route=%2Fwp%2Fv2%2Fmedia&parent=58636"}],"wp:term":[{"taxonomy":"product_cat","embeddable":true,"href":"https:\/\/topgetestet.de\/index.php?rest_route=%2Fwp%2Fv2%2Fproduct_cat&post=58636"},{"taxonomy":"product_tag","embeddable":true,"href":"https:\/\/topgetestet.de\/index.php?rest_route=%2Fwp%2Fv2%2Fproduct_tag&post=58636"}],"curies":[{"name":"wp","href":"https:\/\/api.w.org\/{rel}","templated":true}]}}