{"id":5863,"date":"2022-08-31T19:09:52","date_gmt":"2022-08-31T19:09:52","guid":{"rendered":"https:\/\/topgetestet.de\/?product=altra-paradigm-6-laufschuhe-herren-schwarz-2022-laufsport-schuhe"},"modified":"2022-08-31T19:09:52","modified_gmt":"2022-08-31T19:09:52","slug":"altra-paradigm-6-laufschuhe-herren-schwarz-2022-laufsport-schuhe","status":"publish","type":"product","link":"https:\/\/topgetestet.de\/?product=altra-paradigm-6-laufschuhe-herren-schwarz-2022-laufsport-schuhe","title":{"rendered":"ALTRA Paradigm 6 Laufschuhe Herren schwarz 2022 Laufsport Schuhe"},"content":{"rendered":"<p>Price: <span style=\"color:#b12704\">[price_with_discount]<\/span><br \/><i><small>(as of [price_update_date] &#8211; <span class=\"wp_automatic_amazon_disclaimer\" title=\"Product prices and availability are accurate as of the date\/time indicated and are subject to change. Any price and availability information displayed on [relevant Amazon Site(s), as applicable] at the time of purchase will apply to the purchase of this product.\">Details<\/span>)<\/small><\/i><\/p>\n<p><a href=\"https:\/\/amazon.de\/dp\/B096FG28PZ?tag=topgetestet09-21\"><img decoding=\"async\" src=\"https:\/\/i.imgur.com\/ISRHEWs.png\"><\/a><br \/>\n[ad_1]<br \/>\n <span>Der erste Altra, der von einer Athletin inspiriert und mit ihr entwickelt wurde: Entdecke den Paradigm 6, ein Schuh, der die Grenze zwischen Support-Schuh und Alltags-Trainer verwischt. Die Elite-Athletin und zweifache Olympionikin Kara Goucher hat Altra geholfen, diesen Schuh aufs n\u00e4chste Level zu bringen. Mit ihrem Input haben&nbsp;sie die Altra EGO MAX Zwischensohle eingebaut, das gesamte Design reduziert und zugleich die wichtigsten Support Featues beibehalten.FootShape Zehenbox Traditionelle Laufschuhe verf\u00fcgen \u00fcber spitze Zehenboxen, die die Zehen aus ihrer nat\u00fcrlichen Position herausdr\u00fccken &#8211; ein erh\u00f6htes Risiko f\u00fcr Ballen, Hammerzehen und Plantarfasziitis. Mit der FootShape Zehenbox von Altra k\u00f6nnen sich die Zehen auf nat\u00fcrliche Weise entspannen und ausbreiten und die Gro\u00dfzehe bleibt in einer geraden Position. Dies reduziert die \u00dcberpronation, erh\u00f6ht die Stabilit\u00e4t und sorgt f\u00fcr einen kraftvollen Antrieb, um die Laufleistung zu maximieren.Balanced Cushioning Platform Platziert deine Ferse und deinen Vorderfu\u00df im gleichen Abstand zum Boden, um eine korrekte und schonende Haltung w\u00e4hrend deines Trail-Laufs zu gew\u00e4hrleisten.GuideRail&nbsp;&nbsp; &nbsp; &nbsp; &nbsp; &nbsp; &nbsp; &nbsp; &nbsp; &nbsp; &nbsp; &nbsp; &nbsp; &nbsp; &nbsp; &nbsp; &nbsp; &nbsp; &nbsp; &nbsp; &nbsp; &nbsp; &nbsp; &nbsp; &nbsp; &nbsp; &nbsp; &nbsp; &nbsp; &nbsp; &nbsp; &nbsp; &nbsp; &nbsp; &nbsp; &nbsp; &nbsp; &nbsp; &nbsp; &nbsp; &nbsp; &nbsp; &nbsp; &nbsp; &nbsp; &nbsp; &nbsp; &nbsp; &nbsp; &nbsp; &nbsp; &nbsp; &nbsp; &nbsp; &nbsp; &nbsp; &nbsp; &nbsp; &nbsp; &nbsp; &nbsp; &nbsp; &nbsp; &nbsp; &nbsp; &nbsp; &nbsp; &nbsp; &nbsp; &nbsp; &nbsp; &nbsp; &nbsp; &nbsp; &nbsp; &nbsp; &nbsp; &nbsp; &nbsp; &nbsp; &nbsp; &nbsp; &nbsp; &nbsp; &nbsp; &nbsp; &nbsp; &nbsp; &nbsp; &nbsp; &nbsp; &nbsp; Eine Funktion, die auf Altras dynamischen Support-Schuhen zu finden ist, die wie eine Stra\u00dfenf\u00fchrungsschiene funktioniert und nur dann F\u00fchrungshilfe bietet, wenn du sie brauchst.Altra EGO Dual-Natur-Mittelsohlenmischung mit einem reaktionsschnellen und dennoch weichem Gef\u00fchl f\u00fcr eine erh\u00f6hte Energier\u00fcckgabe. Material Typ Obermaterial: Mesh Obermaterial: atmungsaktives hochentwickeltes Mesh Typ Innenfutter: Textil Ausstattung Fu\u00dfbett\/Innensohle: vorgeformtes&#8230;<\/span> <br \/> Verpackungsabmessungen \u200f : \u200e  35.71 x 31.6 x 11.71 cm; 762 Gramm <br \/> Im Angebot von Amazon.de seit \u200f : \u200e  11. Juli 2022 <br \/> ASIN \u200f : \u200e  B09Q7QVDTP <br \/> Modellnummer \u200f : \u200e  AL0A5471 <br \/> Kategorie \u200f : \u200e  Herren <\/p>\n<p>Verschluss: Schn\u00fcrung<br \/>Absatzform: Flach<br \/>Schuhweite: Schmal<br \/>\n<br \/>[ad_2]<\/p>\n","protected":false},"excerpt":{"rendered":"<p>Price: [price_with_discount](as of [price_update_date] &#8211; Details) [ad_1] Der erste Altra, der von einer Athletin inspiriert und mit ihr entwickelt wurde: Entdecke den Paradigm 6, ein Schuh, der die Grenze zwischen<\/p>\n","protected":false},"featured_media":5864,"comment_status":"open","ping_status":"closed","template":"","meta":[],"product_cat":[234],"product_tag":[235],"class_list":{"0":"post-5863","1":"product","2":"type-product","3":"status-publish","4":"has-post-thumbnail","6":"product_cat-shoes","7":"product_tag-mens-road-running-shoes","9":"first","10":"instock","11":"shipping-taxable","12":"product-type-external"},"aioseo_notices":[],"_links":{"self":[{"href":"https:\/\/topgetestet.de\/index.php?rest_route=\/wp\/v2\/product\/5863","targetHints":{"allow":["GET"]}}],"collection":[{"href":"https:\/\/topgetestet.de\/index.php?rest_route=\/wp\/v2\/product"}],"about":[{"href":"https:\/\/topgetestet.de\/index.php?rest_route=\/wp\/v2\/types\/product"}],"replies":[{"embeddable":true,"href":"https:\/\/topgetestet.de\/index.php?rest_route=%2Fwp%2Fv2%2Fcomments&post=5863"}],"wp:featuredmedia":[{"embeddable":true,"href":"https:\/\/topgetestet.de\/index.php?rest_route=\/wp\/v2\/media\/5864"}],"wp:attachment":[{"href":"https:\/\/topgetestet.de\/index.php?rest_route=%2Fwp%2Fv2%2Fmedia&parent=5863"}],"wp:term":[{"taxonomy":"product_cat","embeddable":true,"href":"https:\/\/topgetestet.de\/index.php?rest_route=%2Fwp%2Fv2%2Fproduct_cat&post=5863"},{"taxonomy":"product_tag","embeddable":true,"href":"https:\/\/topgetestet.de\/index.php?rest_route=%2Fwp%2Fv2%2Fproduct_tag&post=5863"}],"curies":[{"name":"wp","href":"https:\/\/api.w.org\/{rel}","templated":true}]}}