{"id":58533,"date":"2022-10-11T17:03:33","date_gmt":"2022-10-11T17:03:33","guid":{"rendered":"https:\/\/topgetestet.de\/?product=clarks-damen-hero-walk-derbys"},"modified":"2022-10-11T17:03:33","modified_gmt":"2022-10-11T17:03:33","slug":"clarks-damen-hero-walk-derbys","status":"publish","type":"product","link":"https:\/\/topgetestet.de\/?product=clarks-damen-hero-walk-derbys","title":{"rendered":"Clarks Damen Hero Walk. Derbys"},"content":{"rendered":"<p>Price: <span style=\"color:#b12704\">[price_with_discount]<\/span><br \/><i><small>(as of [price_update_date] &#8211; <span class=\"wp_automatic_amazon_disclaimer\" title=\"Product prices and availability are accurate as of the date\/time indicated and are subject to change. Any price and availability information displayed on [relevant Amazon Site(s), as applicable] at the time of purchase will apply to the purchase of this product.\">Details<\/span>)<\/small><\/i><\/p>\n<p><a href=\"https:\/\/amazon.de\/dp\/B07TKSLT1L?tag=topgetestet09-21\"><img decoding=\"async\" src=\"https:\/\/i.imgur.com\/ISRHEWs.png\"><\/a><br \/>\n[ad_1]<\/p>\n<p>       Produktbeschreibung des Herstellers <\/p>\n<p>              <img decoding=\"async\" alt=\"Kinderschuhe, Erwachsenenschuhe, leichte Schuhe, Elastische Schuhe, robuste Schuhe, Clarks\" src=\"https:\/\/images-na.ssl-images-amazon.com\/images\/G\/01\/x-locale\/common\/grey-pixel.gif\" class=\"a-lazy-loaded\" data-src=\"https:\/\/m.media-amazon.com\/images\/S\/aplus-media\/sota\/0cfef1b8-b765-4882-a5d1-569f34fa90db.__CR0,0,970,300_PT0_SX970_V1___.jpg\"><\/p>\n<p>               <img decoding=\"async\" alt=\"Kinderschuhe, Erwachsenenschuhe, leichte Schuhe, Elastische Schuhe, robuste Schuhe, Clarks\" src=\"https:\/\/m.media-amazon.com\/images\/S\/aplus-media\/sota\/0cfef1b8-b765-4882-a5d1-569f34fa90db.__CR0,0,970,300_PT0_SX970_V1___.jpg\"><\/p>\n<p> <img decoding=\"async\" alt=\"Kinderschuhe, Erwachsenenschuhe, leichte Schuhe, Elastische Schuhe, robuste Schuhe, Clarks\" src=\"https:\/\/images-na.ssl-images-amazon.com\/images\/G\/01\/x-locale\/common\/grey-pixel.gif\" class=\"a-lazy-loaded\" data-src=\"https:\/\/m.media-amazon.com\/images\/S\/aplus-media-library-service-media\/bb68efe3-e958-4098-9ee8-3aca988755f0.__CR0,0,220,220_PT0_SX220_V1___.jpg\">\n                     <\/p>\n<p>                      <img decoding=\"async\" alt=\"Kinderschuhe, Erwachsenenschuhe, leichte Schuhe, Elastische Schuhe, robuste Schuhe, Clarks\" src=\"https:\/\/m.media-amazon.com\/images\/S\/aplus-media-library-service-media\/bb68efe3-e958-4098-9ee8-3aca988755f0.__CR0,0,220,220_PT0_SX220_V1___.jpg\"><\/p>\n<p> <img decoding=\"async\" alt=\"Kinderschuhe, Erwachsenenschuhe, leichte Schuhe, Elastische Schuhe, robuste Schuhe, Clarks\" src=\"https:\/\/images-na.ssl-images-amazon.com\/images\/G\/01\/x-locale\/common\/grey-pixel.gif\" class=\"a-lazy-loaded\" data-src=\"https:\/\/m.media-amazon.com\/images\/S\/aplus-media-library-service-media\/bd928559-55cd-4acc-8cce-d5e38987c225.__CR0,0,220,220_PT0_SX220_V1___.jpg\">\n                     <\/p>\n<p>                      <img decoding=\"async\" alt=\"Kinderschuhe, Erwachsenenschuhe, leichte Schuhe, Elastische Schuhe, robuste Schuhe, Clarks\" src=\"https:\/\/m.media-amazon.com\/images\/S\/aplus-media-library-service-media\/bd928559-55cd-4acc-8cce-d5e38987c225.__CR0,0,220,220_PT0_SX220_V1___.jpg\"><\/p>\n<p> <img decoding=\"async\" alt=\"Kinderschuhe, Erwachsenenschuhe, leichte Schuhe, Elastische Schuhe, robuste Schuhe, Clarks\" src=\"https:\/\/images-na.ssl-images-amazon.com\/images\/G\/01\/x-locale\/common\/grey-pixel.gif\" class=\"a-lazy-loaded\" data-src=\"https:\/\/m.media-amazon.com\/images\/S\/aplus-media-library-service-media\/d5f59f4d-c297-4ecf-95a4-681b0f704d83.__CR0,0,220,220_PT0_SX220_V1___.jpg\">\n                     <\/p>\n<p>                      <img decoding=\"async\" alt=\"Kinderschuhe, Erwachsenenschuhe, leichte Schuhe, Elastische Schuhe, robuste Schuhe, Clarks\" src=\"https:\/\/m.media-amazon.com\/images\/S\/aplus-media-library-service-media\/d5f59f4d-c297-4ecf-95a4-681b0f704d83.__CR0,0,220,220_PT0_SX220_V1___.jpg\"><\/p>\n<p> <img decoding=\"async\" alt=\"Kinderschuhe, Erwachsenenschuhe, leichte Schuhe, Elastische Schuhe, robuste Schuhe, Clarks\" src=\"https:\/\/images-na.ssl-images-amazon.com\/images\/G\/01\/x-locale\/common\/grey-pixel.gif\" class=\"a-lazy-loaded\" data-src=\"https:\/\/m.media-amazon.com\/images\/S\/aplus-media-library-service-media\/02a563cb-5564-4f39-be09-412dede9e0f0.__CR0,0,220,220_PT0_SX220_V1___.jpg\">\n                     <\/p>\n<p>                      <img decoding=\"async\" alt=\"Kinderschuhe, Erwachsenenschuhe, leichte Schuhe, Elastische Schuhe, robuste Schuhe, Clarks\" src=\"https:\/\/m.media-amazon.com\/images\/S\/aplus-media-library-service-media\/02a563cb-5564-4f39-be09-412dede9e0f0.__CR0,0,220,220_PT0_SX220_V1___.jpg\"><\/p>\n<p class=\"a-size-small\"> Entdecken Sie unsere neueste Damenschuhkollektion. Handgeschnitzte Schuhleisten, gefertigt aus hochwertigen Materialien, spiegeln unsere anhaltende Leidenschaft f\u00fcr das Schuhmacherhandwerk wider. <\/p>\n<p class=\"a-size-small\"> Unsere neueste Herrenschuhkollektion vereint die Vision unserer Designer und die Kreation unserer technischen Experten. <\/p>\n<p class=\"a-size-small\"> St\u00f6bern Sie in der Kollektion, um die neuesten Mini-Me-Ank\u00f6mmlinge zu finden, die mit Komfort und Stil entworfen wurden. <\/p>\n<p class=\"a-size-small\"> Unsere fachm\u00e4nnisch gestalteten Schulschuhe halten neugierige F\u00fc\u00dfe gesund, gl\u00fccklich und bequem. <\/p>\n<p>              <img decoding=\"async\" alt=\"Kinderschuhe, Erwachsenenschuhe, leichte Schuhe, Elastische Schuhe, robuste Schuhe, Clarks\" src=\"https:\/\/images-na.ssl-images-amazon.com\/images\/G\/01\/x-locale\/common\/grey-pixel.gif\" class=\"a-lazy-loaded\" data-src=\"https:\/\/m.media-amazon.com\/images\/S\/aplus-media-library-service-media\/a86f46d6-083d-4698-81b6-e46898c028c9.__CR0,0,2022,625_PT0_SX970_V1___.jpg\"><\/p>\n<p>               <img decoding=\"async\" alt=\"Kinderschuhe, Erwachsenenschuhe, leichte Schuhe, Elastische Schuhe, robuste Schuhe, Clarks\" src=\"https:\/\/m.media-amazon.com\/images\/S\/aplus-media-library-service-media\/a86f46d6-083d-4698-81b6-e46898c028c9.__CR0,0,2022,625_PT0_SX970_V1___.jpg\"><\/p>\n<p> Entdecken Sie die offizielle Clarks-Markenseite mit einer Vielzahl von Schuhen f\u00fcr Kinder und Erwachsene. Entdecken Sie eine Auswahl von Gr\u00f6\u00dfen und Modellen \u2013 f\u00fcr jeden ist etwas dabei. <\/p>\n<p> Verpackungsabmessungen \u200f : \u200e  28.4 x 16.4 x 10.4 cm; 800 Gramm <br \/> Im Angebot von Amazon.de seit \u200f : \u200e  27. Juni 2019 <br \/> Hersteller \u200f : \u200e  Clarks <br \/> ASIN \u200f : \u200e  B07TLP4HP3 <br \/> Modellnummer \u200f : \u200e  261495374 <br \/> Kategorie \u200f : \u200e  Damen <\/p>\n<p>[ad_2]<\/p>\n","protected":false},"excerpt":{"rendered":"<p>Price: [price_with_discount](as of [price_update_date] &#8211; Details) [ad_1] Produktbeschreibung des Herstellers Entdecken Sie unsere neueste Damenschuhkollektion. Handgeschnitzte Schuhleisten, gefertigt aus hochwertigen Materialien, spiegeln unsere anhaltende Leidenschaft f\u00fcr das Schuhmacherhandwerk wider. Unsere<\/p>\n","protected":false},"featured_media":58534,"comment_status":"open","ping_status":"closed","template":"","meta":[],"product_cat":[230],"product_tag":[266],"class_list":{"0":"post-58533","1":"product","2":"type-product","3":"status-publish","4":"has-post-thumbnail","6":"product_cat-fashion","7":"product_tag-womens-fashion-sneakers","9":"first","10":"instock","11":"shipping-taxable","12":"product-type-external"},"aioseo_notices":[],"_links":{"self":[{"href":"https:\/\/topgetestet.de\/index.php?rest_route=\/wp\/v2\/product\/58533","targetHints":{"allow":["GET"]}}],"collection":[{"href":"https:\/\/topgetestet.de\/index.php?rest_route=\/wp\/v2\/product"}],"about":[{"href":"https:\/\/topgetestet.de\/index.php?rest_route=\/wp\/v2\/types\/product"}],"replies":[{"embeddable":true,"href":"https:\/\/topgetestet.de\/index.php?rest_route=%2Fwp%2Fv2%2Fcomments&post=58533"}],"wp:featuredmedia":[{"embeddable":true,"href":"https:\/\/topgetestet.de\/index.php?rest_route=\/wp\/v2\/media\/58534"}],"wp:attachment":[{"href":"https:\/\/topgetestet.de\/index.php?rest_route=%2Fwp%2Fv2%2Fmedia&parent=58533"}],"wp:term":[{"taxonomy":"product_cat","embeddable":true,"href":"https:\/\/topgetestet.de\/index.php?rest_route=%2Fwp%2Fv2%2Fproduct_cat&post=58533"},{"taxonomy":"product_tag","embeddable":true,"href":"https:\/\/topgetestet.de\/index.php?rest_route=%2Fwp%2Fv2%2Fproduct_tag&post=58533"}],"curies":[{"name":"wp","href":"https:\/\/api.w.org\/{rel}","templated":true}]}}