{"id":58405,"date":"2022-10-11T12:50:41","date_gmt":"2022-10-11T12:50:41","guid":{"rendered":"https:\/\/topgetestet.de\/?product=adidas-damen-hose"},"modified":"2022-10-11T12:50:41","modified_gmt":"2022-10-11T12:50:41","slug":"adidas-damen-hose","status":"publish","type":"product","link":"https:\/\/topgetestet.de\/?product=adidas-damen-hose","title":{"rendered":"adidas Damen Hose"},"content":{"rendered":"<p>Price: <span style=\"color:#b12704\">[price_with_discount]<\/span><br \/><i><small>(as of [price_update_date] &#8211; <span class=\"wp_automatic_amazon_disclaimer\" title=\"Product prices and availability are accurate as of the date\/time indicated and are subject to change. Any price and availability information displayed on [relevant Amazon Site(s), as applicable] at the time of purchase will apply to the purchase of this product.\">Details<\/span>)<\/small><\/i><\/p>\n<p><a href=\"https:\/\/amazon.de\/dp\/B08Y5PPCDS?tag=topgetestet09-21\"><img decoding=\"async\" src=\"https:\/\/i.imgur.com\/ISRHEWs.png\"><\/a><br \/>\n[ad_1]<\/p>\n<p>       Produktbeschreibung des Herstellers <\/p>\n<p>              <img decoding=\"async\" alt=\"Adidas\" src=\"https:\/\/images-na.ssl-images-amazon.com\/images\/G\/01\/x-locale\/common\/grey-pixel.gif\" class=\"a-lazy-loaded\" data-src=\"https:\/\/m.media-amazon.com\/images\/S\/aplus-media\/sota\/92bb5bd7-85ea-424d-9226-a4cc49816860.__CR0,0,970,300_PT0_SX970_V1___.jpg\"><\/p>\n<p>               <img decoding=\"async\" alt=\"Adidas\" src=\"https:\/\/m.media-amazon.com\/images\/S\/aplus-media\/sota\/92bb5bd7-85ea-424d-9226-a4cc49816860.__CR0,0,970,300_PT0_SX970_V1___.jpg\"><\/p>\n<h3 class=\"a-spacing-small\"> So finden Sie Ihre passende Gr\u00f6\u00dfe <\/h3>\n<p> <img decoding=\"async\" alt=\"Gr\u00f6\u00dfe ermitteln\" src=\"https:\/\/images-na.ssl-images-amazon.com\/images\/G\/01\/x-locale\/common\/grey-pixel.gif\" class=\"a-spacing-mini a-lazy-loaded\" data-src=\"https:\/\/m.media-amazon.com\/images\/S\/aplus-media\/sota\/7cbf7b5e-c19b-4f57-b54f-5db0e59b095a.__CR0,0,300,300_PT0_SX300_V1___.png\">\n                   <\/p>\n<p>                    <img decoding=\"async\" alt=\"Gr\u00f6\u00dfe ermitteln\" src=\"https:\/\/m.media-amazon.com\/images\/S\/aplus-media\/sota\/7cbf7b5e-c19b-4f57-b54f-5db0e59b095a.__CR0,0,300,300_PT0_SX300_V1___.png\"><\/p>\n<p> <img decoding=\"async\" alt=\"Tallie\" src=\"https:\/\/images-na.ssl-images-amazon.com\/images\/G\/01\/x-locale\/common\/grey-pixel.gif\" class=\"a-spacing-mini a-lazy-loaded\" data-src=\"https:\/\/m.media-amazon.com\/images\/S\/aplus-media\/sota\/d6d701bc-53a3-419f-9e93-42f4022fe091.__CR0,0,300,300_PT0_SX300_V1___.png\">\n                   <\/p>\n<p>                    <img decoding=\"async\" alt=\"Tallie\" src=\"https:\/\/m.media-amazon.com\/images\/S\/aplus-media\/sota\/d6d701bc-53a3-419f-9e93-42f4022fe091.__CR0,0,300,300_PT0_SX300_V1___.png\"><\/p>\n<p> <img decoding=\"async\" alt=\"Beinl\u00e4nge\" src=\"https:\/\/images-na.ssl-images-amazon.com\/images\/G\/01\/x-locale\/common\/grey-pixel.gif\" class=\"a-spacing-mini a-lazy-loaded\" data-src=\"https:\/\/m.media-amazon.com\/images\/S\/aplus-media\/sota\/2f27bd43-707b-412a-8f91-098334914bff.__CR0,0,300,300_PT0_SX300_V1___.png\">\n                   <\/p>\n<p>                    <img decoding=\"async\" alt=\"Beinl\u00e4nge\" src=\"https:\/\/m.media-amazon.com\/images\/S\/aplus-media\/sota\/2f27bd43-707b-412a-8f91-098334914bff.__CR0,0,300,300_PT0_SX300_V1___.png\"><\/p>\n<p>                   1. Taillenumfang messen  <\/p>\n<p> F\u00fchren Sie das Ma\u00dfband um die Taille &#8211; an der schmalsten Stelle, kurz \u00fcber dem Bauchnabel. Achten Sie darauf, dass das Ma\u00dfband nicht einschneidet. <\/p>\n<p> Tipp: Sie sollten nur d\u00fcnne Kleidung beim vermessen tragen, um die Werte nicht zu verf\u00e4lschen. <\/p>\n<p>                   2. H\u00fcftumfang messen  <\/p>\n<p> F\u00fchren Sie das Ma\u00dfband um die H\u00fcfte &#8211; an der breitesten Stelle von H\u00fcfte und Ges\u00e4\u00df. Achten Sie darauf, dass das Ma\u00dfband auf Ihrer R\u00fcckseite nicht herunterh\u00e4ngt oder absteht. <\/p>\n<p>                   3. Innenbeinl\u00e4nge messen  <\/p>\n<p> Messen Sie Ihre Schrittl\u00e4nge, indem Sie ein Ende des Ma\u00dfbandes oben auf Ihrer Beininnenseite und das andere auf dem Boden neben Ihrem Kn\u00f6chel platzieren. <\/p>\n<p> Tipp: Nehmen Sie eine gut sitzende Hose und legen Sie diese auf einen ebenen Untergrund, um die Schrittl\u00e4nge entlang der Innennaht zu messen. <\/p>\n<p>          <img decoding=\"async\" alt=\"Adidas Sizechart Bottoms\" src=\"https:\/\/images-na.ssl-images-amazon.com\/images\/G\/01\/x-locale\/common\/grey-pixel.gif\" class=\"a-spacing-base a-lazy-loaded\" data-src=\"https:\/\/m.media-amazon.com\/images\/S\/aplus-media\/sota\/2a40e3c1-cba2-457f-8165-7e278a3428fa.__CR0,0,970,600_PT0_SX970_V1___.png\"><\/p>\n<p>           <img decoding=\"async\" alt=\"Adidas Sizechart Bottoms\" src=\"https:\/\/m.media-amazon.com\/images\/S\/aplus-media\/sota\/2a40e3c1-cba2-457f-8165-7e278a3428fa.__CR0,0,970,600_PT0_SX970_V1___.png\"><\/p>\n<p class=\"a-spacing-base\"> Hinweise: <\/p>\n<p class=\"a-spacing-base\"> Wenn Sie zwischen zwei Gr\u00f6\u00dfen liegen, bestellen Sie die kleinere Gr\u00f6\u00dfe f\u00fcr eine engere Passform oder die gr\u00f6\u00dfere Gr\u00f6\u00dfe f\u00fcr eine weitere Passform. Wenn Sie f\u00fcr Ihre Ma\u00dfe f\u00fcr H\u00fcft- und Taillenumfang zwei unterschiedliche Gr\u00f6\u00dfenvorschl\u00e4ge erhalten, bestellen Sie die Gr\u00f6\u00dfe nach Ihrem H\u00fcftumfang. <\/p>\n<p class=\"a-spacing-base\"> Tipp: Wenn Sie kein Ma\u00dfband zur Hand haben, k\u00f6nnen Sie zum Beispiel einen Faden verwenden und seine markierte L\u00e4nge anschlie\u00dfend mit dem Lineal vermessen. <\/p>\n<p>              <img decoding=\"async\" alt=\"Adidas Logo\" src=\"https:\/\/images-na.ssl-images-amazon.com\/images\/G\/01\/x-locale\/common\/grey-pixel.gif\" class=\"a-lazy-loaded\" data-src=\"https:\/\/m.media-amazon.com\/images\/S\/aplus-media\/sota\/d1b6f83a-a5cd-46e2-a501-2386e3e61736.__CR0,0,970,300_PT0_SX970_V1___.jpg\"><\/p>\n<p>               <img decoding=\"async\" alt=\"Adidas Logo\" src=\"https:\/\/m.media-amazon.com\/images\/S\/aplus-media\/sota\/d1b6f83a-a5cd-46e2-a501-2386e3e61736.__CR0,0,970,300_PT0_SX970_V1___.jpg\"><\/p>\n<p> Produktabmessungen \u200f : \u200e  37.6 x 24.6 x 3 cm; 290 Gramm <br \/> Im Angebot von Amazon.de seit \u200f : \u200e  2. Juni 2021 <br \/> Hersteller \u200f : \u200e  adidas <br \/> ASIN \u200f : \u200e  B08Y4RJHB4 <br \/> Modellnummer \u200f : \u200e  GL4058 <br \/> Kategorie \u200f : \u200e  Damen <\/p>\n<p>[ad_2]<\/p>\n","protected":false},"excerpt":{"rendered":"<p>Price: [price_with_discount](as of [price_update_date] &#8211; Details) [ad_1] Produktbeschreibung des Herstellers So finden Sie Ihre passende Gr\u00f6\u00dfe 1. Taillenumfang messen F\u00fchren Sie das Ma\u00dfband um die Taille &#8211; an der schmalsten<\/p>\n","protected":false},"featured_media":58406,"comment_status":"open","ping_status":"closed","template":"","meta":[],"product_cat":[232],"product_tag":[],"class_list":{"0":"post-58405","1":"product","2":"type-product","3":"status-publish","4":"has-post-thumbnail","6":"product_cat-women-fashion","8":"first","9":"instock","10":"shipping-taxable","11":"product-type-external"},"aioseo_notices":[],"_links":{"self":[{"href":"https:\/\/topgetestet.de\/index.php?rest_route=\/wp\/v2\/product\/58405","targetHints":{"allow":["GET"]}}],"collection":[{"href":"https:\/\/topgetestet.de\/index.php?rest_route=\/wp\/v2\/product"}],"about":[{"href":"https:\/\/topgetestet.de\/index.php?rest_route=\/wp\/v2\/types\/product"}],"replies":[{"embeddable":true,"href":"https:\/\/topgetestet.de\/index.php?rest_route=%2Fwp%2Fv2%2Fcomments&post=58405"}],"wp:featuredmedia":[{"embeddable":true,"href":"https:\/\/topgetestet.de\/index.php?rest_route=\/wp\/v2\/media\/58406"}],"wp:attachment":[{"href":"https:\/\/topgetestet.de\/index.php?rest_route=%2Fwp%2Fv2%2Fmedia&parent=58405"}],"wp:term":[{"taxonomy":"product_cat","embeddable":true,"href":"https:\/\/topgetestet.de\/index.php?rest_route=%2Fwp%2Fv2%2Fproduct_cat&post=58405"},{"taxonomy":"product_tag","embeddable":true,"href":"https:\/\/topgetestet.de\/index.php?rest_route=%2Fwp%2Fv2%2Fproduct_tag&post=58405"}],"curies":[{"name":"wp","href":"https:\/\/api.w.org\/{rel}","templated":true}]}}