{"id":58173,"date":"2022-10-11T07:53:16","date_gmt":"2022-10-11T07:53:16","guid":{"rendered":"https:\/\/topgetestet.de\/?product=puma-damen-nova-90s-bloc-wns-sneaker"},"modified":"2022-10-11T07:53:16","modified_gmt":"2022-10-11T07:53:16","slug":"puma-damen-nova-90s-bloc-wns-sneaker","status":"publish","type":"product","link":"https:\/\/topgetestet.de\/?product=puma-damen-nova-90s-bloc-wns-sneaker","title":{"rendered":"PUMA Damen Nova 90&#8217;s Bloc WN&#8217;s Sneaker"},"content":{"rendered":"<p>Price: <span style=\"color:#b12704\">[price_with_discount]<\/span><br \/><i><small>(as of [price_update_date] &#8211; <span class=\"wp_automatic_amazon_disclaimer\" title=\"Product prices and availability are accurate as of the date\/time indicated and are subject to change. Any price and availability information displayed on [relevant Amazon Site(s), as applicable] at the time of purchase will apply to the purchase of this product.\">Details<\/span>)<\/small><\/i><\/p>\n<p><a href=\"https:\/\/amazon.de\/dp\/B07DC22BTC?tag=topgetestet09-21\"><img decoding=\"async\" src=\"https:\/\/i.imgur.com\/ISRHEWs.png\"><\/a><br \/>\n[ad_1]<br \/>\n <span>Wie w\u00e4re es mal wieder mit einem Sneaker-Style inspiriert von den gro\u00dfartigen 90ern? kontrastierende Farben und Texturen, extra dick es Sohlen Design und \u00fcberdimensionierte Proportionen \u2013 der Nova &#8217;90s bloc ist dein Schuh, wenn du es gerne mal etwas auff\u00e4lliger magst.<\/span> <br \/> Auslaufartikel (Produktion durch Hersteller eingestellt) \u200f : \u200e  Nein <br \/> Verpackungsabmessungen \u200f : \u200e  30.6 x 19.2 x 11 cm; 399.16 Gramm <br \/> Im Angebot von Amazon.de seit \u200f : \u200e  4. Dezember 2018 <br \/> Hersteller \u200f : \u200e  Puma <br \/> ASIN \u200f : \u200e  B07DC1S1FQ <br \/> Modellnummer \u200f : \u200e  369486 <br \/> Kategorie \u200f : \u200e  Damen <\/p>\n<p>Innenmaterial: Synthetik<br \/>Sohle: Gummi<br \/>Verschluss: Schn\u00fcrung<br \/>Absatzh\u00f6he: 10 Millimeter<br \/>Absatzform: Flach<br \/>Materialzusammensetzung: Obermaterial aus Leder und Textil \/ Textilfutter \/ Gummiau\u00dfensohle<br \/>Schuhweite: Medium<br \/>\n<br \/>[ad_2]<\/p>\n","protected":false},"excerpt":{"rendered":"<p>Price: [price_with_discount](as of [price_update_date] &#8211; Details) [ad_1] Wie w\u00e4re es mal wieder mit einem Sneaker-Style inspiriert von den gro\u00dfartigen 90ern? kontrastierende Farben und Texturen, extra dick es Sohlen Design und<\/p>\n","protected":false},"featured_media":58174,"comment_status":"open","ping_status":"closed","template":"","meta":[],"product_cat":[230],"product_tag":[266],"class_list":{"0":"post-58173","1":"product","2":"type-product","3":"status-publish","4":"has-post-thumbnail","6":"product_cat-fashion","7":"product_tag-womens-fashion-sneakers","9":"first","10":"instock","11":"shipping-taxable","12":"product-type-external"},"aioseo_notices":[],"_links":{"self":[{"href":"https:\/\/topgetestet.de\/index.php?rest_route=\/wp\/v2\/product\/58173","targetHints":{"allow":["GET"]}}],"collection":[{"href":"https:\/\/topgetestet.de\/index.php?rest_route=\/wp\/v2\/product"}],"about":[{"href":"https:\/\/topgetestet.de\/index.php?rest_route=\/wp\/v2\/types\/product"}],"replies":[{"embeddable":true,"href":"https:\/\/topgetestet.de\/index.php?rest_route=%2Fwp%2Fv2%2Fcomments&post=58173"}],"wp:featuredmedia":[{"embeddable":true,"href":"https:\/\/topgetestet.de\/index.php?rest_route=\/wp\/v2\/media\/58174"}],"wp:attachment":[{"href":"https:\/\/topgetestet.de\/index.php?rest_route=%2Fwp%2Fv2%2Fmedia&parent=58173"}],"wp:term":[{"taxonomy":"product_cat","embeddable":true,"href":"https:\/\/topgetestet.de\/index.php?rest_route=%2Fwp%2Fv2%2Fproduct_cat&post=58173"},{"taxonomy":"product_tag","embeddable":true,"href":"https:\/\/topgetestet.de\/index.php?rest_route=%2Fwp%2Fv2%2Fproduct_tag&post=58173"}],"curies":[{"name":"wp","href":"https:\/\/api.w.org\/{rel}","templated":true}]}}