{"id":57876,"date":"2022-10-10T21:30:48","date_gmt":"2022-10-10T21:30:48","guid":{"rendered":"https:\/\/topgetestet.de\/?product=saucony-munchen-04s-strasenlaufschuhe-fur-manner-orange-2"},"modified":"2022-10-10T21:30:48","modified_gmt":"2022-10-10T21:30:48","slug":"saucony-munchen-04s-strasenlaufschuhe-fur-manner-orange-2","status":"publish","type":"product","link":"https:\/\/topgetestet.de\/?product=saucony-munchen-04s-strasenlaufschuhe-fur-manner-orange-2","title":{"rendered":"Saucony Munchen 04S Stra\u00dfenlaufschuhe f\u00fcr M\u00e4nner Orange"},"content":{"rendered":"<p>Price: <span style=\"color:#b12704\">[price_with_discount]<\/span><br \/><i><small>(as of [price_update_date] &#8211; <span class=\"wp_automatic_amazon_disclaimer\" title=\"Product prices and availability are accurate as of the date\/time indicated and are subject to change. Any price and availability information displayed on [relevant Amazon Site(s), as applicable] at the time of purchase will apply to the purchase of this product.\">Details<\/span>)<\/small><\/i><\/p>\n<p><a href=\"https:\/\/amazon.de\/dp\/B09RZWT6LT?tag=topgetestet09-21\"><img decoding=\"async\" src=\"https:\/\/i.imgur.com\/ISRHEWs.png\"><\/a><br \/>\n[ad_1]<br \/>\n <span>Herbst \/ Wintersaison 2021. Fit zum L\u00e4ufer eines Gewichts, mit einer entscheidenden Unterst\u00fctzung bei \u00fcberm\u00e4\u00dfiger Pronation, Sie lieben das Schleifen KM jemals Trost und Schutz<\/span> <br \/> Verpackungsabmessungen \u200f : \u200e  34.1 x 21.6 x 12.4 cm; 278 Gramm <br \/> Im Angebot von Amazon.de seit \u200f : \u200e  8. Februar 2022 <br \/> Hersteller \u200f : \u200e  Saucony <br \/> ASIN \u200f : \u200e  B09RZRKLJ8 <br \/> Modellnummer \u200f : \u200e  20601\/30 <br \/> Kategorie \u200f : \u200e  Herren <\/p>\n<p>[ad_2]<\/p>\n","protected":false},"excerpt":{"rendered":"<p>Price: [price_with_discount](as of [price_update_date] &#8211; Details) [ad_1] Herbst \/ Wintersaison 2021. Fit zum L\u00e4ufer eines Gewichts, mit einer entscheidenden Unterst\u00fctzung bei \u00fcberm\u00e4\u00dfiger Pronation, Sie lieben das Schleifen KM jemals Trost<\/p>\n","protected":false},"featured_media":57877,"comment_status":"open","ping_status":"closed","template":"","meta":[],"product_cat":[234],"product_tag":[235],"class_list":{"0":"post-57876","1":"product","2":"type-product","3":"status-publish","4":"has-post-thumbnail","6":"product_cat-shoes","7":"product_tag-mens-road-running-shoes","9":"first","10":"instock","11":"shipping-taxable","12":"product-type-external"},"aioseo_notices":[],"_links":{"self":[{"href":"https:\/\/topgetestet.de\/index.php?rest_route=\/wp\/v2\/product\/57876","targetHints":{"allow":["GET"]}}],"collection":[{"href":"https:\/\/topgetestet.de\/index.php?rest_route=\/wp\/v2\/product"}],"about":[{"href":"https:\/\/topgetestet.de\/index.php?rest_route=\/wp\/v2\/types\/product"}],"replies":[{"embeddable":true,"href":"https:\/\/topgetestet.de\/index.php?rest_route=%2Fwp%2Fv2%2Fcomments&post=57876"}],"wp:featuredmedia":[{"embeddable":true,"href":"https:\/\/topgetestet.de\/index.php?rest_route=\/wp\/v2\/media\/57877"}],"wp:attachment":[{"href":"https:\/\/topgetestet.de\/index.php?rest_route=%2Fwp%2Fv2%2Fmedia&parent=57876"}],"wp:term":[{"taxonomy":"product_cat","embeddable":true,"href":"https:\/\/topgetestet.de\/index.php?rest_route=%2Fwp%2Fv2%2Fproduct_cat&post=57876"},{"taxonomy":"product_tag","embeddable":true,"href":"https:\/\/topgetestet.de\/index.php?rest_route=%2Fwp%2Fv2%2Fproduct_tag&post=57876"}],"curies":[{"name":"wp","href":"https:\/\/api.w.org\/{rel}","templated":true}]}}