{"id":5785,"date":"2022-08-31T18:53:35","date_gmt":"2022-08-31T18:53:35","guid":{"rendered":"https:\/\/topgetestet.de\/?product=puma-herren-axelion-ls-laufschuhe"},"modified":"2022-08-31T18:53:35","modified_gmt":"2022-08-31T18:53:35","slug":"puma-herren-axelion-ls-laufschuhe","status":"publish","type":"product","link":"https:\/\/topgetestet.de\/?product=puma-herren-axelion-ls-laufschuhe","title":{"rendered":"PUMA Herren Axelion Ls Laufschuhe"},"content":{"rendered":"<p>Price: <span style=\"color:#b12704\">[price_with_discount]<\/span><br \/><i><small>(as of [price_update_date] &#8211; <span class=\"wp_automatic_amazon_disclaimer\" title=\"Product prices and availability are accurate as of the date\/time indicated and are subject to change. Any price and availability information displayed on [relevant Amazon Site(s), as applicable] at the time of purchase will apply to the purchase of this product.\">Details<\/span>)<\/small><\/i><\/p>\n<p><a href=\"https:\/\/amazon.de\/dp\/B08MQRCB2W?tag=topgetestet09-21\"><img decoding=\"async\" src=\"https:\/\/i.imgur.com\/ISRHEWs.png\"><\/a><br \/>\n[ad_1]<br \/>\n <span>Die Kombi aus progressivem Design und funktionalem Schaumstoff macht aus dem Axelion LS einen Laufschuh mit Spitzen-Performance. Mit der \u00fcberlaufenden Schn\u00fcrung und den sportlichen Logoprints sind diese coolen Schuhe etwas ganz Besonderes. Fersenelement aus Schaumstoff. \u00dcberlaufende Schn\u00fcrung f\u00fcr einen besonders festen Sitz. PUMA Cat Logo auf der Schuhzunge und dem seitlichen Zehenbereich.<\/span> <br \/> Verpackungsabmessungen \u200f : \u200e  31.3 x 19.6 x 11.3 cm; 810 Gramm <br \/> Im Angebot von Amazon.de seit \u200f : \u200e  4. November 2020 <br \/> Hersteller \u200f : \u200e  PUMA <br \/> ASIN \u200f : \u200e  B08MQNQGKF <br \/> Modellnummer \u200f : \u200e  194384 <br \/> Kategorie \u200f : \u200e  Herren <\/p>\n<p>Innenmaterial: Textil<br \/>Sohle: Gummi<br \/>Verschluss: Schn\u00fcrung<br \/>Absatzh\u00f6he: 3 cm<br \/>Absatzform: Flach<br \/>Materialzusammensetzung: Synthetik<br \/>\n<br \/>[ad_2]<\/p>\n","protected":false},"excerpt":{"rendered":"<p>Price: [price_with_discount](as of [price_update_date] &#8211; Details) [ad_1] Die Kombi aus progressivem Design und funktionalem Schaumstoff macht aus dem Axelion LS einen Laufschuh mit Spitzen-Performance. Mit der \u00fcberlaufenden Schn\u00fcrung und den<\/p>\n","protected":false},"featured_media":5786,"comment_status":"open","ping_status":"closed","template":"","meta":[],"product_cat":[234],"product_tag":[235],"class_list":{"0":"post-5785","1":"product","2":"type-product","3":"status-publish","4":"has-post-thumbnail","6":"product_cat-shoes","7":"product_tag-mens-road-running-shoes","9":"first","10":"instock","11":"shipping-taxable","12":"product-type-external"},"aioseo_notices":[],"_links":{"self":[{"href":"https:\/\/topgetestet.de\/index.php?rest_route=\/wp\/v2\/product\/5785","targetHints":{"allow":["GET"]}}],"collection":[{"href":"https:\/\/topgetestet.de\/index.php?rest_route=\/wp\/v2\/product"}],"about":[{"href":"https:\/\/topgetestet.de\/index.php?rest_route=\/wp\/v2\/types\/product"}],"replies":[{"embeddable":true,"href":"https:\/\/topgetestet.de\/index.php?rest_route=%2Fwp%2Fv2%2Fcomments&post=5785"}],"wp:featuredmedia":[{"embeddable":true,"href":"https:\/\/topgetestet.de\/index.php?rest_route=\/wp\/v2\/media\/5786"}],"wp:attachment":[{"href":"https:\/\/topgetestet.de\/index.php?rest_route=%2Fwp%2Fv2%2Fmedia&parent=5785"}],"wp:term":[{"taxonomy":"product_cat","embeddable":true,"href":"https:\/\/topgetestet.de\/index.php?rest_route=%2Fwp%2Fv2%2Fproduct_cat&post=5785"},{"taxonomy":"product_tag","embeddable":true,"href":"https:\/\/topgetestet.de\/index.php?rest_route=%2Fwp%2Fv2%2Fproduct_tag&post=5785"}],"curies":[{"name":"wp","href":"https:\/\/api.w.org\/{rel}","templated":true}]}}