{"id":57785,"date":"2022-10-10T18:52:11","date_gmt":"2022-10-10T18:52:11","guid":{"rendered":"https:\/\/topgetestet.de\/?product=ecotools-classic-foundation-multilingual"},"modified":"2022-10-10T18:52:11","modified_gmt":"2022-10-10T18:52:11","slug":"ecotools-classic-foundation-multilingual","status":"publish","type":"product","link":"https:\/\/topgetestet.de\/?product=ecotools-classic-foundation-multilingual","title":{"rendered":"EcoTools Classic Foundation &#8211; Multilingual"},"content":{"rendered":"<p>Price: <span style=\"color:#b12704\">[price_with_discount]<\/span><br \/><i><small>(as of [price_update_date] &#8211; <span class=\"wp_automatic_amazon_disclaimer\" title=\"Product prices and availability are accurate as of the date\/time indicated and are subject to change. Any price and availability information displayed on [relevant Amazon Site(s), as applicable] at the time of purchase will apply to the purchase of this product.\">Details<\/span>)<\/small><\/i><\/p>\n<p><a href=\"https:\/\/amazon.de\/dp\/B001KYVOJQ?tag=topgetestet09-21\"><img decoding=\"async\" src=\"https:\/\/i.imgur.com\/ISRHEWs.png\"><\/a><br \/>\n[ad_1]<br \/>\n <span>Foundation Brush &#8211; Brocha Para Maquillaje Fluido<\/span> <br \/>Aus nat\u00fcrlichen und recycelten Materialien<br \/>F\u00fcr ein ebenm\u00e4\u00dfiges Finish und einen makellosen Look<br \/>\n<br \/>[ad_2]<\/p>\n","protected":false},"excerpt":{"rendered":"<p>Price: [price_with_discount](as of [price_update_date] &#8211; Details) [ad_1] Foundation Brush &#8211; Brocha Para Maquillaje Fluido Aus nat\u00fcrlichen und recycelten MaterialienF\u00fcr ein ebenm\u00e4\u00dfiges Finish und einen makellosen Look [ad_2]<\/p>\n","protected":false},"featured_media":57786,"comment_status":"open","ping_status":"closed","template":"","meta":[],"product_cat":[228],"product_tag":[241],"class_list":{"0":"post-57785","1":"product","2":"type-product","3":"status-publish","4":"has-post-thumbnail","6":"product_cat-beauty","7":"product_tag-makeup-brushes-tools","9":"first","10":"instock","11":"shipping-taxable","12":"product-type-external"},"aioseo_notices":[],"_links":{"self":[{"href":"https:\/\/topgetestet.de\/index.php?rest_route=\/wp\/v2\/product\/57785","targetHints":{"allow":["GET"]}}],"collection":[{"href":"https:\/\/topgetestet.de\/index.php?rest_route=\/wp\/v2\/product"}],"about":[{"href":"https:\/\/topgetestet.de\/index.php?rest_route=\/wp\/v2\/types\/product"}],"replies":[{"embeddable":true,"href":"https:\/\/topgetestet.de\/index.php?rest_route=%2Fwp%2Fv2%2Fcomments&post=57785"}],"wp:featuredmedia":[{"embeddable":true,"href":"https:\/\/topgetestet.de\/index.php?rest_route=\/wp\/v2\/media\/57786"}],"wp:attachment":[{"href":"https:\/\/topgetestet.de\/index.php?rest_route=%2Fwp%2Fv2%2Fmedia&parent=57785"}],"wp:term":[{"taxonomy":"product_cat","embeddable":true,"href":"https:\/\/topgetestet.de\/index.php?rest_route=%2Fwp%2Fv2%2Fproduct_cat&post=57785"},{"taxonomy":"product_tag","embeddable":true,"href":"https:\/\/topgetestet.de\/index.php?rest_route=%2Fwp%2Fv2%2Fproduct_tag&post=57785"}],"curies":[{"name":"wp","href":"https:\/\/api.w.org\/{rel}","templated":true}]}}