{"id":57746,"date":"2022-10-10T17:05:16","date_gmt":"2022-10-10T17:05:16","guid":{"rendered":"https:\/\/topgetestet.de\/?product=geox-damen-d-nydame-a-sneaker"},"modified":"2022-10-10T17:05:16","modified_gmt":"2022-10-10T17:05:16","slug":"geox-damen-d-nydame-a-sneaker","status":"publish","type":"product","link":"https:\/\/topgetestet.de\/?product=geox-damen-d-nydame-a-sneaker","title":{"rendered":"Geox Damen D Nydame A Sneaker"},"content":{"rendered":"<p>Price: <span style=\"color:#b12704\">[price_with_discount]<\/span><br \/><i><small>(as of [price_update_date] &#8211; <span class=\"wp_automatic_amazon_disclaimer\" title=\"Product prices and availability are accurate as of the date\/time indicated and are subject to change. Any price and availability information displayed on [relevant Amazon Site(s), as applicable] at the time of purchase will apply to the purchase of this product.\">Details<\/span>)<\/small><\/i><\/p>\n<p><a href=\"https:\/\/amazon.de\/dp\/B08QNHB29G?tag=topgetestet09-21\"><img decoding=\"async\" src=\"https:\/\/i.imgur.com\/ISRHEWs.png\"><\/a><br \/>\n[ad_1]<br \/>\n <span>Nydame ist ein vielseitiger Damensneaker mit Keilabsatz, der Tragekomfort verspricht und die Figur optisch streckt. Dieses Modell aus Nappaleder und gepr\u00e4gtem Leder l\u00e4sst sich ideal zu l\u00e4ssigen Outfits kombinieren.<\/span> <br \/> Verpackungsabmessungen \u200f : \u200e  32.2 x 24.9 x 10.8 cm; 860 Gramm <br \/> Im Angebot von Amazon.de seit \u200f : \u200e  15. Dezember 2020 <br \/> Hersteller \u200f : \u200e  Geox <br \/> ASIN \u200f : \u200e  B08QNF458W <br \/> Modellnummer \u200f : \u200e  D620QA085PZC9999 <br \/> Kategorie \u200f : \u200e  Damen <\/p>\n<p>Innenmaterial: Textil<br \/>Sohle: Synthetic<br \/>Verschluss: Klettverschluss<br \/>Absatzh\u00f6he: 0.15<br \/>Absatzform: Wedge Heel<br \/>Schuhweite: medium<br \/>Nicht wasserfest<br \/>\n<br \/>[ad_2]<\/p>\n","protected":false},"excerpt":{"rendered":"<p>Price: [price_with_discount](as of [price_update_date] &#8211; Details) [ad_1] Nydame ist ein vielseitiger Damensneaker mit Keilabsatz, der Tragekomfort verspricht und die Figur optisch streckt. Dieses Modell aus Nappaleder und gepr\u00e4gtem Leder l\u00e4sst<\/p>\n","protected":false},"featured_media":57747,"comment_status":"open","ping_status":"closed","template":"","meta":[],"product_cat":[232],"product_tag":[],"class_list":{"0":"post-57746","1":"product","2":"type-product","3":"status-publish","4":"has-post-thumbnail","6":"product_cat-women-fashion","8":"first","9":"instock","10":"shipping-taxable","11":"product-type-external"},"aioseo_notices":[],"_links":{"self":[{"href":"https:\/\/topgetestet.de\/index.php?rest_route=\/wp\/v2\/product\/57746","targetHints":{"allow":["GET"]}}],"collection":[{"href":"https:\/\/topgetestet.de\/index.php?rest_route=\/wp\/v2\/product"}],"about":[{"href":"https:\/\/topgetestet.de\/index.php?rest_route=\/wp\/v2\/types\/product"}],"replies":[{"embeddable":true,"href":"https:\/\/topgetestet.de\/index.php?rest_route=%2Fwp%2Fv2%2Fcomments&post=57746"}],"wp:featuredmedia":[{"embeddable":true,"href":"https:\/\/topgetestet.de\/index.php?rest_route=\/wp\/v2\/media\/57747"}],"wp:attachment":[{"href":"https:\/\/topgetestet.de\/index.php?rest_route=%2Fwp%2Fv2%2Fmedia&parent=57746"}],"wp:term":[{"taxonomy":"product_cat","embeddable":true,"href":"https:\/\/topgetestet.de\/index.php?rest_route=%2Fwp%2Fv2%2Fproduct_cat&post=57746"},{"taxonomy":"product_tag","embeddable":true,"href":"https:\/\/topgetestet.de\/index.php?rest_route=%2Fwp%2Fv2%2Fproduct_tag&post=57746"}],"curies":[{"name":"wp","href":"https:\/\/api.w.org\/{rel}","templated":true}]}}