{"id":57621,"date":"2022-10-10T16:47:08","date_gmt":"2022-10-10T16:47:08","guid":{"rendered":"https:\/\/topgetestet.de\/?product=phoenix-point-behemoth-edition-playstation-4"},"modified":"2022-10-10T16:47:08","modified_gmt":"2022-10-10T16:47:08","slug":"phoenix-point-behemoth-edition-playstation-4","status":"publish","type":"product","link":"https:\/\/topgetestet.de\/?product=phoenix-point-behemoth-edition-playstation-4","title":{"rendered":"Phoenix Point: Behemoth Edition (Playstation 4)"},"content":{"rendered":"<p>Price: <span style=\"color:#b12704\">[price_with_discount]<\/span><br \/><i><small>(as of [price_update_date] &#8211; <span class=\"wp_automatic_amazon_disclaimer\" title=\"Product prices and availability are accurate as of the date\/time indicated and are subject to change. Any price and availability information displayed on [relevant Amazon Site(s), as applicable] at the time of purchase will apply to the purchase of this product.\">Details<\/span>)<\/small><\/i><\/p>\n<p><a href=\"https:\/\/amazon.de\/dp\/B099BZSCW4?tag=topgetestet09-21\"><img decoding=\"async\" src=\"https:\/\/i.imgur.com\/ISRHEWs.png\"><\/a><br \/>\n[ad_1]<br \/>\n <span>Phoenix Point bietet eine neue Art von rundenbasierter Strategie und Action. Die Erde ist \u00fcberrannt worden. Eine mutierende au\u00dferirdische Macht bedroht die letzten \u00dcberreste der Menschheit. Nur das Phoenix-Projekt, eine geheime Organisation der kl\u00fcgsten K\u00f6pfe und mutigsten Soldaten, kann die Angreifer zur\u00fcckschlagen und die Welt noch retten.<br \/>Es obliegt dem Spieler, den Widerstand auf der Erde anzuf\u00fchren: Sie m\u00fcssen einen verw\u00fcsteten Planeten erforschen, ihre Basis errichten, neue Technologien entwickeln, Ressourcen verwalten und auf globaler Ebene in gro\u00dfangelegten, rundenbasierten, taktischen Schlachten um ihr \u00dcberleben k\u00e4mpfen. Aber sie werden nicht allein sein. Spieler k\u00f6nnen mit verschiedenen Fraktionen kooperieren, um die Menschheit zu vereinen und den Planeten \u00fcber das Diplomatie-System von Phoenix Point zur\u00fcckzuerobern &#8211; oder alle Rivalen mithilfe milit\u00e4rischer St\u00e4rke vernichten. Egal wie sich die Spieler entscheiden, es wartet eine brutale Herausforderung mit endlosem Wiederspielwert. <br \/>Das komplette Phoenix Point-Erlebnis: Die Behemoth Edition enth\u00e4lt das komplette Spiel plus vier gro\u00dfer DLCs (&#8220;Blood and Titanium&#8221;, &#8220;Legacy of the Ancients&#8221;, &#8220;Festering Skies&#8221; auf Disc und das kommende &#8220;Corrupted Horizons&#8221; als Downloadcode) mit zus\u00e4tzlichen Story-Missionen, Karten und anderen Gameplay-Boni, DLC-Waffenpaket und einer Reihe von Updates, Upgrades und von der Community inspirierten Quality-of-Life-Verbesserungen.<\/p>\n<p>Optimiert f\u00fcr Konsolen: \u00dcberarbeitete Benutzeroberfl\u00e4che und Gamepad-Steuerung, die speziell f\u00fcr Konsolen entwickelt wurden.<br \/>Intensive rundenbasierte Squad-Schlachten: Spieler setzen ihren Squad, bestehend aus vier oder mehr Soldaten und Drohnen in taktischen, rundenbasierten Schlachten ein. So hat man direkte Kontrolle \u00fcber die Sch\u00fcsse der Soldaten im Kampf dank des einzigartigen Free-Aiming-Systems &#8211; feindliche Schwachstellen oder Waffen k\u00f6nnen punktgenau anvisiert werden.<br \/>Die Erde muss vor einer mutierenden au\u00dferirdischen Bedrohung verteidigt werden: Spieler nehmen es mit einer au\u00dferirdischen Bedrohung auf, die sich an die Taktik ihres Gegners anpasst und somit eine st\u00e4ndige Herausforderung darstellt. In intensiven Bossk\u00e4mpfen tritt man gegen riesige Monster mit einzigartigen F\u00e4higkeiten an, die pr\u00e4zise Planung und Ausf\u00fchrung erfordern.<br \/>The Geoscape Reborn: Die weltweiten Situationen und Konflikte m\u00fcssen strategisch evaluiert werden, um Operationen zu planen und Ressourcen auf globaler Ebene zu verwalten.<br \/>Tiefgreifend und umfangreiche Soldatenentwicklung: Soldaten k\u00f6nnen mit einzigartigen F\u00e4higkeiten und einer gro\u00dfen Auswahl an Waffen und Ausr\u00fcstung angepasst werden.<br \/>Welche Geheimnisse stecken hinter der Bedrohung?: Man erlebt eine komplexe Geschichte mit mehreren m\u00f6glichen Enden und erf\u00e4hrt durch Erkundung, Diplomatie und Forschung mehr \u00fcber die Urspr\u00fcnge der Krise.<br \/>Diplomatische Beziehungen: Durch die Entscheidungen der Spieler entscheiden sich die Beziehungen zu verschiedenen Fraktionen, die versuchen, die Erde zur\u00fcckzuerobern. Bei Kooperation warten einzigartige Belohnungen wohingegen Opposition weitreichende Konsequenzen haben wird.<br \/>Kostenloses Next-Generation-Upgrade: Erlebe das Spiel in 4K|60 FPS auf PlayStation 5 und Xbox Series X mit einem kostenlosen Upgrade f\u00fcr PlayStation 4- und Xbox One-Besitzer nach dem Launch.<\/span> <br \/> Alterseinstufung \u200f : \u200e  USK ab 16 freigegeben <br \/> Sprache \u200f : \u200e  Englisch <br \/> Handbuch \u200f : \u200e  Deutsch <br \/> Produktabmessungen \u200f : \u200e  13.7 x 1.7 x 17.2 cm; 80 Gramm <br \/> Erscheinungstermin \u200f : \u200e  1. Oktober 2021 <br \/> Untertitel: \u200f : \u200e  Englisch, Franz\u00f6sisch, Deutsch, Italienisch, Polnisch, Russisch, Spanisch <br \/> ASIN \u200f : \u200e  B099BZSCW4 <br \/> Herstellerreferenz \u200f : \u200e  1069844 <br \/> Herkunftsland \u200f : \u200e  Deutschland <\/p>\n<p>Neben der Ausr\u00fcstung und Kommandierung von Einheiten kann man die direkte Kontrolle \u00fcber die Sch\u00fcsse seines Soldaten im Kampf \u00fcbernehmen<br \/>Optimiert f\u00fcr Konsolen: \u00dcberarbeitete Benutzeroberfl\u00e4che und Gamepad-Steuerung, die speziell f\u00fcr Konsolen entwickelt wurden<br \/>Die Behemoth Edition enth\u00e4lt zus\u00e4tzlich zum Spiel 4 DLC-Erweiterungen, ein Waffenpaket und vieles mehr<br \/>\n<br \/>[ad_2]<\/p>\n","protected":false},"excerpt":{"rendered":"<p>Price: [price_with_discount](as of [price_update_date] &#8211; Details) [ad_1] Phoenix Point bietet eine neue Art von rundenbasierter Strategie und Action. Die Erde ist \u00fcberrannt worden. Eine mutierende au\u00dferirdische Macht bedroht die letzten<\/p>\n","protected":false},"featured_media":57622,"comment_status":"open","ping_status":"closed","template":"","meta":[],"product_cat":[227],"product_tag":[261],"class_list":{"0":"post-57621","1":"product","2":"type-product","3":"status-publish","4":"has-post-thumbnail","6":"product_cat-gaming","7":"product_tag-playstation-legacy-games","9":"first","10":"instock","11":"sale","12":"shipping-taxable","13":"product-type-external"},"aioseo_notices":[],"_links":{"self":[{"href":"https:\/\/topgetestet.de\/index.php?rest_route=\/wp\/v2\/product\/57621","targetHints":{"allow":["GET"]}}],"collection":[{"href":"https:\/\/topgetestet.de\/index.php?rest_route=\/wp\/v2\/product"}],"about":[{"href":"https:\/\/topgetestet.de\/index.php?rest_route=\/wp\/v2\/types\/product"}],"replies":[{"embeddable":true,"href":"https:\/\/topgetestet.de\/index.php?rest_route=%2Fwp%2Fv2%2Fcomments&post=57621"}],"wp:featuredmedia":[{"embeddable":true,"href":"https:\/\/topgetestet.de\/index.php?rest_route=\/wp\/v2\/media\/57622"}],"wp:attachment":[{"href":"https:\/\/topgetestet.de\/index.php?rest_route=%2Fwp%2Fv2%2Fmedia&parent=57621"}],"wp:term":[{"taxonomy":"product_cat","embeddable":true,"href":"https:\/\/topgetestet.de\/index.php?rest_route=%2Fwp%2Fv2%2Fproduct_cat&post=57621"},{"taxonomy":"product_tag","embeddable":true,"href":"https:\/\/topgetestet.de\/index.php?rest_route=%2Fwp%2Fv2%2Fproduct_tag&post=57621"}],"curies":[{"name":"wp","href":"https:\/\/api.w.org\/{rel}","templated":true}]}}