{"id":57474,"date":"2022-10-10T14:20:25","date_gmt":"2022-10-10T14:20:25","guid":{"rendered":"https:\/\/topgetestet.de\/?product=kangaroos-damen-k-fort-one-v-sneaker"},"modified":"2022-10-10T14:20:25","modified_gmt":"2022-10-10T14:20:25","slug":"kangaroos-damen-k-fort-one-v-sneaker","status":"publish","type":"product","link":"https:\/\/topgetestet.de\/?product=kangaroos-damen-k-fort-one-v-sneaker","title":{"rendered":"KangaROOS Damen K-Fort One V Sneaker"},"content":{"rendered":"<p>Price: <span style=\"color:#b12704\">[price_with_discount]<\/span><br \/><i><small>(as of [price_update_date] &#8211; <span class=\"wp_automatic_amazon_disclaimer\" title=\"Product prices and availability are accurate as of the date\/time indicated and are subject to change. Any price and availability information displayed on [relevant Amazon Site(s), as applicable] at the time of purchase will apply to the purchase of this product.\">Details<\/span>)<\/small><\/i><\/p>\n<p><a href=\"https:\/\/amazon.de\/dp\/B08N6NHF1F?tag=topgetestet09-21\"><img decoding=\"async\" src=\"https:\/\/i.imgur.com\/ISRHEWs.png\"><\/a><br \/>\n[ad_1]<br \/>\n <span>Trendiger Indoor-Sneaker f\u00fcr Kids und Teenies mit zwei Klettverschlusslaschen. Mit einem Upper aus Mesh und PU. Das WMS-System sorgt f\u00fcr besten Sitz bei jeder Fu\u00dfform. Die Ortholites Einlagentechnologie sorgt f\u00fcr ein atmungsaktives, antimikrobielles Fu\u00dfklima. Ausgestattet ist der Sneaker zudem mit ROOSfit und einer Non-Marking-KangaBounce Sohle. Diese besticht durch sehr hohen Tragekomfort und herausragende D\u00e4mpfungseigenschaften<\/span> <br \/> Verpackungsabmessungen \u200f : \u200e  33 x 22 x 11 cm; 800 Gramm <br \/> Im Angebot von Amazon.de seit \u200f : \u200e  11. November 2020 <br \/> Hersteller \u200f : \u200e  KangaROOS <br \/> ASIN \u200f : \u200e  B08N6P1DDN <br \/> Modellnummer \u200f : \u200e  18765-4204 <br \/> Kategorie \u200f : \u200e  Damen <\/p>\n<p>[ad_2]<\/p>\n","protected":false},"excerpt":{"rendered":"<p>Price: [price_with_discount](as of [price_update_date] &#8211; Details) [ad_1] Trendiger Indoor-Sneaker f\u00fcr Kids und Teenies mit zwei Klettverschlusslaschen. Mit einem Upper aus Mesh und PU. Das WMS-System sorgt f\u00fcr besten Sitz bei<\/p>\n","protected":false},"featured_media":57475,"comment_status":"open","ping_status":"closed","template":"","meta":[],"product_cat":[230],"product_tag":[266],"class_list":{"0":"post-57474","1":"product","2":"type-product","3":"status-publish","4":"has-post-thumbnail","6":"product_cat-fashion","7":"product_tag-womens-fashion-sneakers","9":"first","10":"instock","11":"shipping-taxable","12":"product-type-external"},"aioseo_notices":[],"_links":{"self":[{"href":"https:\/\/topgetestet.de\/index.php?rest_route=\/wp\/v2\/product\/57474","targetHints":{"allow":["GET"]}}],"collection":[{"href":"https:\/\/topgetestet.de\/index.php?rest_route=\/wp\/v2\/product"}],"about":[{"href":"https:\/\/topgetestet.de\/index.php?rest_route=\/wp\/v2\/types\/product"}],"replies":[{"embeddable":true,"href":"https:\/\/topgetestet.de\/index.php?rest_route=%2Fwp%2Fv2%2Fcomments&post=57474"}],"wp:featuredmedia":[{"embeddable":true,"href":"https:\/\/topgetestet.de\/index.php?rest_route=\/wp\/v2\/media\/57475"}],"wp:attachment":[{"href":"https:\/\/topgetestet.de\/index.php?rest_route=%2Fwp%2Fv2%2Fmedia&parent=57474"}],"wp:term":[{"taxonomy":"product_cat","embeddable":true,"href":"https:\/\/topgetestet.de\/index.php?rest_route=%2Fwp%2Fv2%2Fproduct_cat&post=57474"},{"taxonomy":"product_tag","embeddable":true,"href":"https:\/\/topgetestet.de\/index.php?rest_route=%2Fwp%2Fv2%2Fproduct_tag&post=57474"}],"curies":[{"name":"wp","href":"https:\/\/api.w.org\/{rel}","templated":true}]}}