{"id":57403,"date":"2022-10-10T14:09:04","date_gmt":"2022-10-10T14:09:04","guid":{"rendered":"https:\/\/topgetestet.de\/?product=nike-damen-venture-runner-sneaker-5"},"modified":"2022-10-10T14:09:04","modified_gmt":"2022-10-10T14:09:04","slug":"nike-damen-venture-runner-sneaker-5","status":"publish","type":"product","link":"https:\/\/topgetestet.de\/?product=nike-damen-venture-runner-sneaker-5","title":{"rendered":"Nike Damen Venture Runner Sneaker"},"content":{"rendered":"<p>Price: <span style=\"color:#b12704\">[price_with_discount]<\/span><br \/><i><small>(as of [price_update_date] &#8211; <span class=\"wp_automatic_amazon_disclaimer\" title=\"Product prices and availability are accurate as of the date\/time indicated and are subject to change. Any price and availability information displayed on [relevant Amazon Site(s), as applicable] at the time of purchase will apply to the purchase of this product.\">Details<\/span>)<\/small><\/i><\/p>\n<p><a href=\"https:\/\/amazon.de\/dp\/B0B6FZGSHR?tag=topgetestet09-21\"><img decoding=\"async\" src=\"https:\/\/i.imgur.com\/ISRHEWs.png\"><\/a><br \/>\n[ad_1]<br \/>\n <span>Basierend auf einer laufenden Stichprobe der 90er Jahre. Der Nike Venture Runner -Schuh h\u00e4lt alle urspr\u00fcnglichen Details. Mischen eines super atmungsaktiven Netzes mit \u00dcberlappung mit Wildleder. Verwendet aber in den Intersolen injizierter Pylon anstelle von Eva f\u00fcr eine hellere schockierende.<\/span> <br \/> Verpackungsabmessungen \u200f : \u200e  30.3 x 19.2 x 10.4 cm; 640 Gramm <br \/> Im Angebot von Amazon.de seit \u200f : \u200e  13. Juli 2022 <br \/> Hersteller \u200f : \u200e  Nike <br \/> ASIN \u200f : \u200e  B0B6FQRWGZ <br \/> Modellnummer \u200f : \u200e  CK2948-111 <br \/> Kategorie \u200f : \u200e  Damen <\/p>\n<p>[ad_2]<\/p>\n","protected":false},"excerpt":{"rendered":"<p>Price: [price_with_discount](as of [price_update_date] &#8211; Details) [ad_1] Basierend auf einer laufenden Stichprobe der 90er Jahre. Der Nike Venture Runner -Schuh h\u00e4lt alle urspr\u00fcnglichen Details. Mischen eines super atmungsaktiven Netzes mit<\/p>\n","protected":false},"featured_media":57404,"comment_status":"open","ping_status":"closed","template":"","meta":[],"product_cat":[230],"product_tag":[266],"class_list":{"0":"post-57403","1":"product","2":"type-product","3":"status-publish","4":"has-post-thumbnail","6":"product_cat-fashion","7":"product_tag-womens-fashion-sneakers","9":"first","10":"instock","11":"shipping-taxable","12":"product-type-external"},"aioseo_notices":[],"_links":{"self":[{"href":"https:\/\/topgetestet.de\/index.php?rest_route=\/wp\/v2\/product\/57403","targetHints":{"allow":["GET"]}}],"collection":[{"href":"https:\/\/topgetestet.de\/index.php?rest_route=\/wp\/v2\/product"}],"about":[{"href":"https:\/\/topgetestet.de\/index.php?rest_route=\/wp\/v2\/types\/product"}],"replies":[{"embeddable":true,"href":"https:\/\/topgetestet.de\/index.php?rest_route=%2Fwp%2Fv2%2Fcomments&post=57403"}],"wp:featuredmedia":[{"embeddable":true,"href":"https:\/\/topgetestet.de\/index.php?rest_route=\/wp\/v2\/media\/57404"}],"wp:attachment":[{"href":"https:\/\/topgetestet.de\/index.php?rest_route=%2Fwp%2Fv2%2Fmedia&parent=57403"}],"wp:term":[{"taxonomy":"product_cat","embeddable":true,"href":"https:\/\/topgetestet.de\/index.php?rest_route=%2Fwp%2Fv2%2Fproduct_cat&post=57403"},{"taxonomy":"product_tag","embeddable":true,"href":"https:\/\/topgetestet.de\/index.php?rest_route=%2Fwp%2Fv2%2Fproduct_tag&post=57403"}],"curies":[{"name":"wp","href":"https:\/\/api.w.org\/{rel}","templated":true}]}}