{"id":57364,"date":"2022-10-10T12:51:18","date_gmt":"2022-10-10T12:51:18","guid":{"rendered":"https:\/\/topgetestet.de\/?product=f-stop-small-pro-icu"},"modified":"2022-10-10T12:51:18","modified_gmt":"2022-10-10T12:51:18","slug":"f-stop-small-pro-icu","status":"publish","type":"product","link":"https:\/\/topgetestet.de\/?product=f-stop-small-pro-icu","title":{"rendered":"f-stop Small Pro ICU"},"content":{"rendered":"<p>Price: <span style=\"color:#b12704\">[price_with_discount]<\/span><br \/><i><small>(as of [price_update_date] &#8211; <span class=\"wp_automatic_amazon_disclaimer\" title=\"Product prices and availability are accurate as of the date\/time indicated and are subject to change. Any price and availability information displayed on [relevant Amazon Site(s), as applicable] at the time of purchase will apply to the purchase of this product.\">Details<\/span>)<\/small><\/i><\/p>\n<p><a href=\"https:\/\/amazon.de\/dp\/B00RM2QIV4?tag=topgetestet09-21\"><img decoding=\"async\" src=\"https:\/\/i.imgur.com\/ISRHEWs.png\"><\/a><br \/>\n[ad_1]<br \/>\n <span>Die f-stop ICU kleine Pro ist geeignet f\u00fcr den anspruchsvollen Fotografen, die sich f\u00fcr eine Smart-Kamera Tasche mit abnehmbaren Sortierung Einheiten. Das iCU (Kamera-) Taschen, innen f\u00fcr sicher tragen auf eine professionelle DSLR-K\u00f6rper und bietet zudem Platz f\u00fcr andere Objektive, Blitzger\u00e4te und Zubeh\u00f6r. Die Tasche kann in Kombination mit dem f-stop Rucks\u00e4cke, eignet sich aber auch als unabh\u00e4ngiges Geh\u00e4use. Merkmale des F-Stop ICU kleiner Pro * Geeignet f\u00fcr eine professionelle DSLR-K\u00f6rper * der Innenseite k\u00f6nnen beliebig angeordnet werden in der Box * Stop ICU kleine Pro<\/span><br \/>\n<br \/>[ad_2]<\/p>\n","protected":false},"excerpt":{"rendered":"<p>Price: [price_with_discount](as of [price_update_date] &#8211; Details) [ad_1] Die f-stop ICU kleine Pro ist geeignet f\u00fcr den anspruchsvollen Fotografen, die sich f\u00fcr eine Smart-Kamera Tasche mit abnehmbaren Sortierung Einheiten. Das iCU<\/p>\n","protected":false},"featured_media":57365,"comment_status":"open","ping_status":"closed","template":"","meta":[],"product_cat":[225],"product_tag":[],"class_list":{"0":"post-57364","1":"product","2":"type-product","3":"status-publish","4":"has-post-thumbnail","6":"product_cat-electronics","8":"first","9":"instock","10":"sale","11":"shipping-taxable","12":"product-type-external"},"aioseo_notices":[],"_links":{"self":[{"href":"https:\/\/topgetestet.de\/index.php?rest_route=\/wp\/v2\/product\/57364","targetHints":{"allow":["GET"]}}],"collection":[{"href":"https:\/\/topgetestet.de\/index.php?rest_route=\/wp\/v2\/product"}],"about":[{"href":"https:\/\/topgetestet.de\/index.php?rest_route=\/wp\/v2\/types\/product"}],"replies":[{"embeddable":true,"href":"https:\/\/topgetestet.de\/index.php?rest_route=%2Fwp%2Fv2%2Fcomments&post=57364"}],"wp:featuredmedia":[{"embeddable":true,"href":"https:\/\/topgetestet.de\/index.php?rest_route=\/wp\/v2\/media\/57365"}],"wp:attachment":[{"href":"https:\/\/topgetestet.de\/index.php?rest_route=%2Fwp%2Fv2%2Fmedia&parent=57364"}],"wp:term":[{"taxonomy":"product_cat","embeddable":true,"href":"https:\/\/topgetestet.de\/index.php?rest_route=%2Fwp%2Fv2%2Fproduct_cat&post=57364"},{"taxonomy":"product_tag","embeddable":true,"href":"https:\/\/topgetestet.de\/index.php?rest_route=%2Fwp%2Fv2%2Fproduct_tag&post=57364"}],"curies":[{"name":"wp","href":"https:\/\/api.w.org\/{rel}","templated":true}]}}