{"id":57165,"date":"2022-10-10T05:09:50","date_gmt":"2022-10-10T05:09:50","guid":{"rendered":"https:\/\/topgetestet.de\/?product=dc-shoes-damen-manual-sneaker"},"modified":"2022-10-10T05:09:50","modified_gmt":"2022-10-10T05:09:50","slug":"dc-shoes-damen-manual-sneaker","status":"publish","type":"product","link":"https:\/\/topgetestet.de\/?product=dc-shoes-damen-manual-sneaker","title":{"rendered":"DC Shoes Damen Manual Sneaker"},"content":{"rendered":"<p>Price: <span style=\"color:#b12704\">[price_with_discount]<\/span><br \/><i><small>(as of [price_update_date] &#8211; <span class=\"wp_automatic_amazon_disclaimer\" title=\"Product prices and availability are accurate as of the date\/time indicated and are subject to change. Any price and availability information displayed on [relevant Amazon Site(s), as applicable] at the time of purchase will apply to the purchase of this product.\">Details<\/span>)<\/small><\/i><\/p>\n<p><a href=\"https:\/\/amazon.de\/dp\/B098F96YX4?tag=topgetestet09-21\"><img decoding=\"async\" src=\"https:\/\/i.imgur.com\/ISRHEWs.png\"><\/a><br \/>\n[ad_1]<br \/>\n <span>DC Shoes &#8211; Schuhe f\u00fcr Frauen. Die Eigenschaften dieses Produkts sind: Wildleder- oder Lederobermaterial, DC-Logo, Zeitloses Obermaterial mit Seitennaht, Impact-A\u2122 -Technologie mit Polyurethan-Airbag f\u00fcr \u00fcberlegene D\u00e4mpfung und Sto\u00dfschutz und Au\u00dfensohle mit der unverkennbaren Pill-Pattern-Lauffl\u00e4che von DC und einem Fischgr\u00e4ten-Muster.<\/span> <br \/> Verpackungsabmessungen \u200f : \u200e  28.8 x 18.4 x 11.8 cm; 790 Gramm <br \/> Im Angebot von Amazon.de seit \u200f : \u200e  13. Januar 2022 <br \/> Hersteller \u200f : \u200e  DC Shoes <br \/> ASIN \u200f : \u200e  B09QCGGMQW <br \/> Modellnummer \u200f : \u200e  ADJS300280 <br \/> Kategorie \u200f : \u200e  Damen <\/p>\n<p>Innenmaterial: Synthetik<br \/>Sohle: Gummi<br \/>Verschluss: Pull On<br \/>Absatzform: Kein Absatz<br \/>Schuhweite: Schmal<br \/>Wasserfest<br \/>\n<br \/>[ad_2]<\/p>\n","protected":false},"excerpt":{"rendered":"<p>Price: [price_with_discount](as of [price_update_date] &#8211; Details) [ad_1] DC Shoes &#8211; Schuhe f\u00fcr Frauen. Die Eigenschaften dieses Produkts sind: Wildleder- oder Lederobermaterial, DC-Logo, Zeitloses Obermaterial mit Seitennaht, Impact-A\u2122 -Technologie mit Polyurethan-Airbag<\/p>\n","protected":false},"featured_media":57166,"comment_status":"open","ping_status":"closed","template":"","meta":[],"product_cat":[230],"product_tag":[266],"class_list":{"0":"post-57165","1":"product","2":"type-product","3":"status-publish","4":"has-post-thumbnail","6":"product_cat-fashion","7":"product_tag-womens-fashion-sneakers","9":"first","10":"instock","11":"shipping-taxable","12":"product-type-external"},"aioseo_notices":[],"_links":{"self":[{"href":"https:\/\/topgetestet.de\/index.php?rest_route=\/wp\/v2\/product\/57165","targetHints":{"allow":["GET"]}}],"collection":[{"href":"https:\/\/topgetestet.de\/index.php?rest_route=\/wp\/v2\/product"}],"about":[{"href":"https:\/\/topgetestet.de\/index.php?rest_route=\/wp\/v2\/types\/product"}],"replies":[{"embeddable":true,"href":"https:\/\/topgetestet.de\/index.php?rest_route=%2Fwp%2Fv2%2Fcomments&post=57165"}],"wp:featuredmedia":[{"embeddable":true,"href":"https:\/\/topgetestet.de\/index.php?rest_route=\/wp\/v2\/media\/57166"}],"wp:attachment":[{"href":"https:\/\/topgetestet.de\/index.php?rest_route=%2Fwp%2Fv2%2Fmedia&parent=57165"}],"wp:term":[{"taxonomy":"product_cat","embeddable":true,"href":"https:\/\/topgetestet.de\/index.php?rest_route=%2Fwp%2Fv2%2Fproduct_cat&post=57165"},{"taxonomy":"product_tag","embeddable":true,"href":"https:\/\/topgetestet.de\/index.php?rest_route=%2Fwp%2Fv2%2Fproduct_tag&post=57165"}],"curies":[{"name":"wp","href":"https:\/\/api.w.org\/{rel}","templated":true}]}}