{"id":57156,"date":"2022-10-10T04:13:53","date_gmt":"2022-10-10T04:13:53","guid":{"rendered":"https:\/\/topgetestet.de\/?product=altra-running-m-provision-6-fur-herren"},"modified":"2022-10-10T04:13:53","modified_gmt":"2022-10-10T04:13:53","slug":"altra-running-m-provision-6-fur-herren","status":"publish","type":"product","link":"https:\/\/topgetestet.de\/?product=altra-running-m-provision-6-fur-herren","title":{"rendered":"ALTRA RUNNING &#8211; M Provision 6 f\u00fcr Herren"},"content":{"rendered":"<p>Price: <span style=\"color:#b12704\">[price_with_discount]<\/span><br \/><i><small>(as of [price_update_date] &#8211; <span class=\"wp_automatic_amazon_disclaimer\" title=\"Product prices and availability are accurate as of the date\/time indicated and are subject to change. Any price and availability information displayed on [relevant Amazon Site(s), as applicable] at the time of purchase will apply to the purchase of this product.\">Details<\/span>)<\/small><\/i><\/p>\n<p><a href=\"https:\/\/amazon.de\/dp\/B09Q7SLZDJ?tag=topgetestet09-21\"><img decoding=\"async\" src=\"https:\/\/i.imgur.com\/ISRHEWs.png\"><\/a><br \/>\n[ad_1]<br \/>\n <span>Ein Schuh, der extra f\u00fcr dich hier ist&#8230; und f\u00fcr dich da ist &#8211; wo auch immer &#8220;hier&#8221; und &#8220;da&#8221; sein m\u00f6gen. Unsere GuideRail Technologie unterst\u00fctzt nur, wenn du sie brauchst und unsere Altra EGO Zwischensohle bietet ein weiches, reaktionsfreudiges Laufgef\u00fchl. Nimm den FootShape-Komfort dazu und du wirst in k\u00fcrzester Zeit von &#8220;Ich glaube nicht, dass ich das kann&#8221; zu &#8220;Ich bin so froh, dass ich es getan habe&#8221; wechseln. Technische Eigenschaften zum Altra Running Provision 6 f\u00fcr Herren: Zwischensohle: Altra EGO Laufsohle: FootPod Laufsohle D\u00e4mpfung: Maximal Sohlendicke: 30mm Obermaterial: Atmungsaktives Tech-Mesh Gewicht: 287 g Sprengung: 0mm Farbe: Navy<\/span> <br \/> Verpackungsabmessungen \u200f : \u200e  32.21 x 21.89 x 12.09 cm; 762 Gramm <br \/> Im Angebot von Amazon.de seit \u200f : \u200e  19. Dezember 2021 <br \/> Hersteller \u200f : \u200e  Altra <br \/> ASIN \u200f : \u200e  B09HPNKCZJ <br \/> Modellnummer \u200f : \u200e  AL0A5475 <br \/> Kategorie \u200f : \u200e  Herren <\/p>\n<p>[ad_2]<\/p>\n","protected":false},"excerpt":{"rendered":"<p>Price: [price_with_discount](as of [price_update_date] &#8211; Details) [ad_1] Ein Schuh, der extra f\u00fcr dich hier ist&#8230; und f\u00fcr dich da ist &#8211; wo auch immer &#8220;hier&#8221; und &#8220;da&#8221; sein m\u00f6gen. Unsere<\/p>\n","protected":false},"featured_media":57157,"comment_status":"open","ping_status":"closed","template":"","meta":[],"product_cat":[234],"product_tag":[235],"class_list":{"0":"post-57156","1":"product","2":"type-product","3":"status-publish","4":"has-post-thumbnail","6":"product_cat-shoes","7":"product_tag-mens-road-running-shoes","9":"first","10":"instock","11":"shipping-taxable","12":"product-type-external"},"aioseo_notices":[],"_links":{"self":[{"href":"https:\/\/topgetestet.de\/index.php?rest_route=\/wp\/v2\/product\/57156","targetHints":{"allow":["GET"]}}],"collection":[{"href":"https:\/\/topgetestet.de\/index.php?rest_route=\/wp\/v2\/product"}],"about":[{"href":"https:\/\/topgetestet.de\/index.php?rest_route=\/wp\/v2\/types\/product"}],"replies":[{"embeddable":true,"href":"https:\/\/topgetestet.de\/index.php?rest_route=%2Fwp%2Fv2%2Fcomments&post=57156"}],"wp:featuredmedia":[{"embeddable":true,"href":"https:\/\/topgetestet.de\/index.php?rest_route=\/wp\/v2\/media\/57157"}],"wp:attachment":[{"href":"https:\/\/topgetestet.de\/index.php?rest_route=%2Fwp%2Fv2%2Fmedia&parent=57156"}],"wp:term":[{"taxonomy":"product_cat","embeddable":true,"href":"https:\/\/topgetestet.de\/index.php?rest_route=%2Fwp%2Fv2%2Fproduct_cat&post=57156"},{"taxonomy":"product_tag","embeddable":true,"href":"https:\/\/topgetestet.de\/index.php?rest_route=%2Fwp%2Fv2%2Fproduct_tag&post=57156"}],"curies":[{"name":"wp","href":"https:\/\/api.w.org\/{rel}","templated":true}]}}