{"id":57080,"date":"2022-10-10T02:26:59","date_gmt":"2022-10-10T02:26:59","guid":{"rendered":"https:\/\/topgetestet.de\/?product=only-female-skinny-fit-jeans-onlroyal-high"},"modified":"2022-10-10T02:26:59","modified_gmt":"2022-10-10T02:26:59","slug":"only-female-skinny-fit-jeans-onlroyal-high","status":"publish","type":"product","link":"https:\/\/topgetestet.de\/?product=only-female-skinny-fit-jeans-onlroyal-high","title":{"rendered":"ONLY Female Skinny Fit Jeans ONLRoyal High"},"content":{"rendered":"<p>Price: <span style=\"color:#b12704\">[price_with_discount]<\/span><br \/><i><small>(as of [price_update_date] &#8211; <span class=\"wp_automatic_amazon_disclaimer\" title=\"Product prices and availability are accurate as of the date\/time indicated and are subject to change. Any price and availability information displayed on [relevant Amazon Site(s), as applicable] at the time of purchase will apply to the purchase of this product.\">Details<\/span>)<\/small><\/i><\/p>\n<p><a href=\"https:\/\/amazon.de\/dp\/B00O5LJH9K?tag=topgetestet09-21\"><img decoding=\"async\" src=\"https:\/\/i.imgur.com\/ISRHEWs.png\"><\/a><br \/>\n[ad_1]<br \/>\n <span>Only ROYAL. Skinny Fit Jeans mit super Passform; kurzer Rei\u00dfverschluss, 2 Eingrifftaschen, 1 M\u00fcnztasche und 2 Ges\u00e4\u00dftaschen; Material 69% Baumwolle, 29% Polyester, 2% Elastan. Pflegehinweise: Nicht bleichen, Trockner nicht verwenden, Auf mittlerer Stufe b\u00fcgeln, Nicht chemisch reinigen.<\/span> <br \/> Auslaufartikel (Produktion durch Hersteller eingestellt) \u200f : \u200e  Nein <br \/> Verpackungsabmessungen \u200f : \u200e  28.8 x 23.2 x 4 cm; 350 Gramm <br \/> Im Angebot von Amazon.de seit \u200f : \u200e  1. Oktober 2014 <br \/> Hersteller \u200f : \u200e  ONLY <br \/> ASIN \u200f : \u200e  B00O5LJDHQ <br \/> Modellnummer \u200f : \u200e  15093134 <br \/> Kategorie \u200f : \u200e  Damen <\/p>\n<p>Zwei Vordertaschen und eine M\u00fcnztasche.Trockner nicht verwenden. Nicht bleichen<br \/>Hoher Bund<br \/>Verschluss: Rei\u00dfverschluss<br \/>69% Baumwolle, 29% Polyester, 2% Elasthan<br \/>Skinny<br \/>Pflegehinweis: Maschinenw\u00e4sche bei max. 40 \u00b0C im Feinwaschprogramm<br \/>\n<br \/>[ad_2]<\/p>\n","protected":false},"excerpt":{"rendered":"<p>Price: [price_with_discount](as of [price_update_date] &#8211; Details) [ad_1] Only ROYAL. Skinny Fit Jeans mit super Passform; kurzer Rei\u00dfverschluss, 2 Eingrifftaschen, 1 M\u00fcnztasche und 2 Ges\u00e4\u00dftaschen; Material 69% Baumwolle, 29% Polyester, 2%<\/p>\n","protected":false},"featured_media":57081,"comment_status":"open","ping_status":"closed","template":"","meta":[],"product_cat":[233],"product_tag":[276],"class_list":{"0":"post-57080","1":"product","2":"type-product","3":"status-publish","4":"has-post-thumbnail","6":"product_cat-fitness","7":"product_tag-womens-clothing","9":"first","10":"instock","11":"shipping-taxable","12":"product-type-external"},"aioseo_notices":[],"_links":{"self":[{"href":"https:\/\/topgetestet.de\/index.php?rest_route=\/wp\/v2\/product\/57080","targetHints":{"allow":["GET"]}}],"collection":[{"href":"https:\/\/topgetestet.de\/index.php?rest_route=\/wp\/v2\/product"}],"about":[{"href":"https:\/\/topgetestet.de\/index.php?rest_route=\/wp\/v2\/types\/product"}],"replies":[{"embeddable":true,"href":"https:\/\/topgetestet.de\/index.php?rest_route=%2Fwp%2Fv2%2Fcomments&post=57080"}],"wp:featuredmedia":[{"embeddable":true,"href":"https:\/\/topgetestet.de\/index.php?rest_route=\/wp\/v2\/media\/57081"}],"wp:attachment":[{"href":"https:\/\/topgetestet.de\/index.php?rest_route=%2Fwp%2Fv2%2Fmedia&parent=57080"}],"wp:term":[{"taxonomy":"product_cat","embeddable":true,"href":"https:\/\/topgetestet.de\/index.php?rest_route=%2Fwp%2Fv2%2Fproduct_cat&post=57080"},{"taxonomy":"product_tag","embeddable":true,"href":"https:\/\/topgetestet.de\/index.php?rest_route=%2Fwp%2Fv2%2Fproduct_tag&post=57080"}],"curies":[{"name":"wp","href":"https:\/\/api.w.org\/{rel}","templated":true}]}}