{"id":56633,"date":"2022-10-09T12:43:07","date_gmt":"2022-10-09T12:43:07","guid":{"rendered":"https:\/\/topgetestet.de\/?product=kiehls-ultra-facial-oil-free-toner-250ml"},"modified":"2022-10-09T12:43:07","modified_gmt":"2022-10-09T12:43:07","slug":"kiehls-ultra-facial-oil-free-toner-250ml","status":"publish","type":"product","link":"https:\/\/topgetestet.de\/?product=kiehls-ultra-facial-oil-free-toner-250ml","title":{"rendered":"Kiehls Ultra Facial Oil Free Toner 250ml"},"content":{"rendered":"<p>Price: <span style=\"color:#b12704\">[price_with_discount]<\/span><br \/><i><small>(as of [price_update_date] &#8211; <span class=\"wp_automatic_amazon_disclaimer\" title=\"Product prices and availability are accurate as of the date\/time indicated and are subject to change. Any price and availability information displayed on [relevant Amazon Site(s), as applicable] at the time of purchase will apply to the purchase of this product.\">Details<\/span>)<\/small><\/i><\/p>\n<p><a href=\"https:\/\/amazon.de\/dp\/B00817BQY8?tag=topgetestet09-21\"><img decoding=\"async\" src=\"https:\/\/i.imgur.com\/ISRHEWs.png\"><\/a><br \/>\n[ad_1]<br \/>\n <span>Ein \u00f6lfreier, alkoholfreier Toner. Hilft, R\u00fcckst\u00e4nde und \u00d6l sanft zu beseitigen, ohne die Haut von lebenswichtiger Feuchtigkeit zu entfernen. Enth\u00e4lt Imperata Cylindrica Wurzelextrakt und Antarkticin, um die Haut zu n\u00e4hren und zu lindern. Die Haut erscheint frisch und gesund aussehend. PH-ausgewogen getestet f\u00fcr Sicherheit und Sanftheit. Frei von Parabenen Duft und Farbstoff.<\/span><br \/>\n<br \/>[ad_2]<\/p>\n","protected":false},"excerpt":{"rendered":"<p>Price: [price_with_discount](as of [price_update_date] &#8211; Details) [ad_1] Ein \u00f6lfreier, alkoholfreier Toner. Hilft, R\u00fcckst\u00e4nde und \u00d6l sanft zu beseitigen, ohne die Haut von lebenswichtiger Feuchtigkeit zu entfernen. Enth\u00e4lt Imperata Cylindrica Wurzelextrakt<\/p>\n","protected":false},"featured_media":56634,"comment_status":"open","ping_status":"closed","template":"","meta":[],"product_cat":[228],"product_tag":[246],"class_list":{"0":"post-56633","1":"product","2":"type-product","3":"status-publish","4":"has-post-thumbnail","6":"product_cat-beauty","7":"product_tag-facial-skin-care-products","9":"first","10":"instock","11":"shipping-taxable","12":"product-type-external"},"aioseo_notices":[],"_links":{"self":[{"href":"https:\/\/topgetestet.de\/index.php?rest_route=\/wp\/v2\/product\/56633","targetHints":{"allow":["GET"]}}],"collection":[{"href":"https:\/\/topgetestet.de\/index.php?rest_route=\/wp\/v2\/product"}],"about":[{"href":"https:\/\/topgetestet.de\/index.php?rest_route=\/wp\/v2\/types\/product"}],"replies":[{"embeddable":true,"href":"https:\/\/topgetestet.de\/index.php?rest_route=%2Fwp%2Fv2%2Fcomments&post=56633"}],"wp:featuredmedia":[{"embeddable":true,"href":"https:\/\/topgetestet.de\/index.php?rest_route=\/wp\/v2\/media\/56634"}],"wp:attachment":[{"href":"https:\/\/topgetestet.de\/index.php?rest_route=%2Fwp%2Fv2%2Fmedia&parent=56633"}],"wp:term":[{"taxonomy":"product_cat","embeddable":true,"href":"https:\/\/topgetestet.de\/index.php?rest_route=%2Fwp%2Fv2%2Fproduct_cat&post=56633"},{"taxonomy":"product_tag","embeddable":true,"href":"https:\/\/topgetestet.de\/index.php?rest_route=%2Fwp%2Fv2%2Fproduct_tag&post=56633"}],"curies":[{"name":"wp","href":"https:\/\/api.w.org\/{rel}","templated":true}]}}