{"id":56488,"date":"2022-10-09T06:15:26","date_gmt":"2022-10-09T06:15:26","guid":{"rendered":"https:\/\/topgetestet.de\/?post_type=product&#038;p=56488"},"modified":"2022-10-09T06:15:26","modified_gmt":"2022-10-09T06:15:26","slug":"cr123-lithium-batterie-3v-fur-foto-taschenlampe-rauchmelder-uvm","status":"publish","type":"product","link":"https:\/\/topgetestet.de\/?product=cr123-lithium-batterie-3v-fur-foto-taschenlampe-rauchmelder-uvm","title":{"rendered":"CR123 Lithium Batterie 3V f\u00fcr Foto, Taschenlampe, Rauchmelder uvm."},"content":{"rendered":"<p>Price: <span style=\"color:#b12704\">[price_with_discount]<\/span><br \/><i><small>(as of [price_update_date] &#8211; <span class=\"wp_automatic_amazon_disclaimer\" title=\"Product prices and availability are accurate as of the date\/time indicated and are subject to change. Any price and availability information displayed on [relevant Amazon Site(s), as applicable] at the time of purchase will apply to the purchase of this product.\">Details<\/span>)<\/small><\/i><\/p>\n<p><a href=\"https:\/\/amazon.de\/dp\/B000WL9SGY?tag=topgetestet09-21\"><img decoding=\"async\" src=\"https:\/\/i.imgur.com\/ISRHEWs.png\"><\/a><br \/>\n[ad_1]<br \/>\n <span>Die Lithium Photozellen stehen f\u00fcr h\u00f6chste Kapazit\u00e4t auch bei langen Beanspruchungen und verf\u00fcgen \u00fcber eine ausgezeichnete Lagerf\u00e4higkeit. Abgerundet wird die Qualit\u00e4ten durch einen erweiterten Temperaturbereich: bei -20\u00b0C bis +60\u00b0C arbeiten sie so gut wie ohne Leistungsver\u00e4nderungen. Sie sind einsetzbar in Kameras, Blitzlichtern und Hochleistungs-Taschenlampen.<\/span> <br \/> Batterien \u200f : \u200e  Produktspezifisch Batterien erforderlich (enthalten). <br \/> Auslaufartikel (Produktion durch Hersteller eingestellt) \u200f : \u200e  Nein <br \/> Produktabmessungen \u200f : \u200e  3.5 x 1.8 x 1.6 cm; 16 Gramm <br \/> Im Angebot von Amazon.de seit \u200f : \u200e  29. September 2007 <br \/> Hersteller \u200f : \u200e  Tecxus <br \/> ASIN \u200f : \u200e  B000WL9SGY <br \/> Modellnummer \u200f : \u200e  23604 <br \/> Herkunftsland \u200f : \u200e  China <\/p>\n<p>Lithium Foto Batterie Typ CR123 mit 1500mAh<br \/>Typische Fotobatterie der Bauform CR123A optimal auch f\u00fcr Taschenlampen, Rauchmelder, Alarmanlagen, Bewegungsmelder uvm.<br \/>bis zu 10 Jahren Lagerf\u00e4higkeit ohne Leistungsverlust<br \/>leistungskonstant bei extremen Temperaturen von -20\u00b0 bis +60\u00b0C<br \/>Baugr\u00f6\u00dfe 2\/3A (CR123A) ; IEC-Name CR17345 ; ANSI\/NEDA-Name 5018LC ; Ma\u00dfe 34,5 x 17 mm ; Gewicht 16,5 g<br \/>\n<br \/>[ad_2]<\/p>\n","protected":false},"excerpt":{"rendered":"<p>Price: [price_with_discount](as of [price_update_date] &#8211; Details) [ad_1] Die Lithium Photozellen stehen f\u00fcr h\u00f6chste Kapazit\u00e4t auch bei langen Beanspruchungen und verf\u00fcgen \u00fcber eine ausgezeichnete Lagerf\u00e4higkeit. Abgerundet wird die Qualit\u00e4ten durch einen<\/p>\n","protected":false},"featured_media":56489,"comment_status":"open","ping_status":"closed","template":"","meta":[],"product_cat":[226],"product_tag":[240],"class_list":{"0":"post-56488","1":"product","2":"type-product","3":"status-publish","4":"has-post-thumbnail","6":"product_cat-cameras","7":"product_tag-camera-photo","9":"first","10":"instock","11":"shipping-taxable","12":"product-type-external"},"aioseo_notices":[],"_links":{"self":[{"href":"https:\/\/topgetestet.de\/index.php?rest_route=\/wp\/v2\/product\/56488","targetHints":{"allow":["GET"]}}],"collection":[{"href":"https:\/\/topgetestet.de\/index.php?rest_route=\/wp\/v2\/product"}],"about":[{"href":"https:\/\/topgetestet.de\/index.php?rest_route=\/wp\/v2\/types\/product"}],"replies":[{"embeddable":true,"href":"https:\/\/topgetestet.de\/index.php?rest_route=%2Fwp%2Fv2%2Fcomments&post=56488"}],"wp:featuredmedia":[{"embeddable":true,"href":"https:\/\/topgetestet.de\/index.php?rest_route=\/wp\/v2\/media\/56489"}],"wp:attachment":[{"href":"https:\/\/topgetestet.de\/index.php?rest_route=%2Fwp%2Fv2%2Fmedia&parent=56488"}],"wp:term":[{"taxonomy":"product_cat","embeddable":true,"href":"https:\/\/topgetestet.de\/index.php?rest_route=%2Fwp%2Fv2%2Fproduct_cat&post=56488"},{"taxonomy":"product_tag","embeddable":true,"href":"https:\/\/topgetestet.de\/index.php?rest_route=%2Fwp%2Fv2%2Fproduct_tag&post=56488"}],"curies":[{"name":"wp","href":"https:\/\/api.w.org\/{rel}","templated":true}]}}