{"id":56468,"date":"2022-10-09T06:12:24","date_gmt":"2022-10-09T06:12:24","guid":{"rendered":"https:\/\/topgetestet.de\/?product=goliath-toys-75000-sequence-classic-familien-und-partyspiele"},"modified":"2022-10-09T06:12:24","modified_gmt":"2022-10-09T06:12:24","slug":"goliath-toys-75000-sequence-classic-familien-und-partyspiele","status":"publish","type":"product","link":"https:\/\/topgetestet.de\/?product=goliath-toys-75000-sequence-classic-familien-und-partyspiele","title":{"rendered":"Goliath Toys 75000 Sequence Classic: Familien- und Partyspiele"},"content":{"rendered":"<p>Price: <span style=\"color:#b12704\">[price_with_discount]<\/span><br \/><i><small>(as of [price_update_date] &#8211; <span class=\"wp_automatic_amazon_disclaimer\" title=\"Product prices and availability are accurate as of the date\/time indicated and are subject to change. Any price and availability information displayed on [relevant Amazon Site(s), as applicable] at the time of purchase will apply to the purchase of this product.\">Details<\/span>)<\/small><\/i><\/p>\n<p><a href=\"https:\/\/amazon.de\/dp\/B07BQMX388?tag=topgetestet09-21\"><img decoding=\"async\" src=\"https:\/\/i.imgur.com\/ISRHEWs.png\"><\/a><br \/>\n[ad_1]<\/p>\n<p>       Produktbeschreibung des Herstellers <\/p>\n<p>              <img decoding=\"async\" alt=\"sequence, spiel, brettspiel\" src=\"https:\/\/images-na.ssl-images-amazon.com\/images\/G\/01\/x-locale\/common\/grey-pixel.gif\" class=\"a-lazy-loaded\" data-src=\"https:\/\/m.media-amazon.com\/images\/W\/IMAGERENDERING_521856-T2\/images\/S\/aplus-media-library-service-media\/b99171cc-60cb-4400-8280-874c9faea144.__CR0,0,970,300_PT0_SX970_V1___.jpg\"><\/p>\n<p>               <img decoding=\"async\" alt=\"sequence, spiel, brettspiel\" src=\"https:\/\/m.media-amazon.com\/images\/W\/IMAGERENDERING_521856-T2\/images\/S\/aplus-media-library-service-media\/b99171cc-60cb-4400-8280-874c9faea144.__CR0,0,970,300_PT0_SX970_V1___.jpg\"><\/p>\n<p>               <img decoding=\"async\" alt=\"sequence,spiel,familienspiel\" src=\"https:\/\/images-na.ssl-images-amazon.com\/images\/G\/01\/x-locale\/common\/grey-pixel.gif\" class=\"a-spacing-mini a-lazy-loaded\" data-src=\"https:\/\/m.media-amazon.com\/images\/S\/aplus-media-library-service-media\/67f699a4-103c-497f-9167-7ae1a41b4b97.__CR0,0,300,400_PT0_SX300_V1___.png\"><\/p>\n<p>                <img decoding=\"async\" alt=\"sequence,spiel,familienspiel\" src=\"https:\/\/m.media-amazon.com\/images\/S\/aplus-media-library-service-media\/67f699a4-103c-497f-9167-7ae1a41b4b97.__CR0,0,300,400_PT0_SX300_V1___.png\"><\/p>\n<p> <\/p>\n<p>                <img decoding=\"async\" alt=\"goliath, spiele\" src=\"https:\/\/images-na.ssl-images-amazon.com\/images\/G\/01\/x-locale\/common\/grey-pixel.gif\" class=\"a-spacing-mini a-lazy-loaded\" data-src=\"https:\/\/m.media-amazon.com\/images\/S\/aplus-media-library-service-media\/ee21b0c7-a444-40df-a3e8-bf0c616c330f.__CR0,0,350,175_PT0_SX350_V1___.png\"><\/p>\n<p>                 <img decoding=\"async\" alt=\"goliath, spiele\" src=\"https:\/\/m.media-amazon.com\/images\/S\/aplus-media-library-service-media\/ee21b0c7-a444-40df-a3e8-bf0c616c330f.__CR0,0,350,175_PT0_SX350_V1___.png\"><\/p>\n<p>                 CLEVER TOGETHER  <\/p>\n<p class=\"a-spacing-small a-size-small a-color-secondary\"> Goliath wurde 1980 gegr\u00fcndet und ist eines der wenigen verbliebenen globalen Spielzeug- und Spieleunternehmen in Familienbesitz. Heute ist Goliath der zweitgr\u00f6\u00dfte Spielehersteller in Frankreich und der drittgr\u00f6\u00dfte in den USA. Goliath ist Marktf\u00fchrer bei TV-beworbenen Spielen und \u00fcberzeugt auch in vielen anderen Spielzeugkategorien wie Puzzles, Basteln, Outdoor, Aktivit\u00e4ten und Neuheiten. Goliath-Produkte werden inzwischen in mehr als 75 L\u00e4ndern weltweit verkauft. <\/p>\n<h3 class=\"a-spacing-mini\"> Sequence &#8211; ein spannendes Strategiespiel f\u00fcr die ganze Familie <\/h3>\n<p>                Hier kommt es auf die Taktik an!  <\/p>\n<p class=\"a-spacing-base\"> Bereit f\u00fcr den n\u00e4chsten Spieleabend? <\/p>\n<p class=\"a-spacing-base\"> Ob Sie mit Freunden oder der Familie spielen m\u00f6chten ist ganz egal &#8211; Sequence kann mit bis zu 12 Spielern gespielt werden und eignet sich schon f\u00fcr Kinder ab 7 Jahren. Hier f\u00fchren die richtige Strategie und Kartengl\u00fcck zum Erfolg: Mit diesem Strategiespiel ist Spielspa\u00df vorprogrammiert! <\/p>\n<p>               <img decoding=\"async\" alt=\"ziel;sequenz;bedienungsanleitung\" src=\"https:\/\/images-na.ssl-images-amazon.com\/images\/G\/01\/x-locale\/common\/grey-pixel.gif\" class=\"a-spacing-mini a-lazy-loaded\" data-src=\"https:\/\/m.media-amazon.com\/images\/S\/aplus-media-library-service-media\/324bdcb5-cea0-4893-958c-d0bd16a61e77.__CR0,0,300,300_PT0_SX300_V1___.png\"><\/p>\n<p>                <img decoding=\"async\" alt=\"ziel;sequenz;bedienungsanleitung\" src=\"https:\/\/m.media-amazon.com\/images\/S\/aplus-media-library-service-media\/324bdcb5-cea0-4893-958c-d0bd16a61e77.__CR0,0,300,300_PT0_SX300_V1___.png\"><\/p>\n<h3 class=\"a-spacing-mini\"> Der Sieger ist&#8230; <\/h3>\n<p class=\"a-spacing-base\"> Ziel des Spiels ist es, als erstes zwei &#8220;Sequenzen&#8221; zu bilden. Das bedeutet, zwei Reihen mit je 5 Spielsteinen abzulegen. Eine Sequenz besteht aus einer vollst\u00e4ndigen Reihe mit 5 Spielsteinen in derselben Farbe. Die Sequenz kann sowohl horizontal und vertikal als auch diagonal auf dem Spielbrett verlaufen. <\/p>\n<p>               <img decoding=\"async\" alt=\"sequence,spielregeln\" src=\"https:\/\/images-na.ssl-images-amazon.com\/images\/G\/01\/x-locale\/common\/grey-pixel.gif\" class=\"a-spacing-mini a-lazy-loaded\" data-src=\"https:\/\/m.media-amazon.com\/images\/S\/aplus-media-library-service-media\/d0d5169b-59a3-4f0e-8903-16280a6d18dd.__CR0,0,300,300_PT0_SX300_V1___.png\"><\/p>\n<p>                <img decoding=\"async\" alt=\"sequence,spielregeln\" src=\"https:\/\/m.media-amazon.com\/images\/S\/aplus-media-library-service-media\/d0d5169b-59a3-4f0e-8903-16280a6d18dd.__CR0,0,300,300_PT0_SX300_V1___.png\"><\/p>\n<h3 class=\"a-spacing-mini\"> So funktioniert&#8217;s <\/h3>\n<p class=\"a-spacing-base\"> Zu Beginn erh\u00e4lt jeder Spieler eine Anzahl Spielkarten auf die Hand sowie Spielsteine einer Farbe. Jede Spielkarte im Stapel ist zweimal auf dem Spielbrett abgebildet. Beim Ausspielen einer Karte wird der Spielstein auf einem der beiden entsprechenden Felder auf dem Spielbrett abgelegt. <\/p>\n<p>               <img decoding=\"async\" alt=\"sequence,spiel,spielregeln\" src=\"https:\/\/images-na.ssl-images-amazon.com\/images\/G\/01\/x-locale\/common\/grey-pixel.gif\" class=\"a-spacing-mini a-lazy-loaded\" data-src=\"https:\/\/m.media-amazon.com\/images\/S\/aplus-media-library-service-media\/9d80ccd1-8d0c-4889-a8bc-e9242ce1eebf.__CR0,0,300,300_PT0_SX300_V1___.png\"><\/p>\n<p>                <img decoding=\"async\" alt=\"sequence,spiel,spielregeln\" src=\"https:\/\/m.media-amazon.com\/images\/S\/aplus-media-library-service-media\/9d80ccd1-8d0c-4889-a8bc-e9242ce1eebf.__CR0,0,300,300_PT0_SX300_V1___.png\"><\/p>\n<h3 class=\"a-spacing-mini\"> \u00dcberlegen Sie sich eine Strategie <\/h3>\n<p class=\"a-spacing-base\"> Ob Sie Ihre Spielsteine anlegen oder den Gegner blockieren, auf den Sieg Ihres Teams hinarbeiten oder sich eher auf den Gegner konzentrieren entscheiden Sie! <\/p>\n<p class=\"a-spacing-base\"> Sequence ist ein spannendes Spiel f\u00fcr die ganze Familie &#8211; Sie haben die Karten in der Hand! <\/p>\n<p>               <img decoding=\"async\" alt=\"ziel;sequenz;bedienungsanleitung\" src=\"https:\/\/images-na.ssl-images-amazon.com\/images\/G\/01\/x-locale\/common\/grey-pixel.gif\" class=\"a-lazy-loaded\" data-src=\"https:\/\/m.media-amazon.com\/images\/S\/aplus-media-library-service-media\/324bdcb5-cea0-4893-958c-d0bd16a61e77.__CR0,0,300,300_PT0_SX300_V1___.png\"><\/p>\n<p>                <img decoding=\"async\" alt=\"ziel;sequenz;bedienungsanleitung\" src=\"https:\/\/m.media-amazon.com\/images\/S\/aplus-media-library-service-media\/324bdcb5-cea0-4893-958c-d0bd16a61e77.__CR0,0,300,300_PT0_SX300_V1___.png\"><\/p>\n<p>               <img decoding=\"async\" alt=\"sequence,spielregeln\" src=\"https:\/\/images-na.ssl-images-amazon.com\/images\/G\/01\/x-locale\/common\/grey-pixel.gif\" class=\"a-lazy-loaded\" data-src=\"https:\/\/m.media-amazon.com\/images\/S\/aplus-media-library-service-media\/d0d5169b-59a3-4f0e-8903-16280a6d18dd.__CR0,0,300,300_PT0_SX300_V1___.png\"><\/p>\n<p>                <img decoding=\"async\" alt=\"sequence,spielregeln\" src=\"https:\/\/m.media-amazon.com\/images\/S\/aplus-media-library-service-media\/d0d5169b-59a3-4f0e-8903-16280a6d18dd.__CR0,0,300,300_PT0_SX300_V1___.png\"><\/p>\n<p>               <img decoding=\"async\" alt=\"sequence,spiel,spielregeln\" src=\"https:\/\/images-na.ssl-images-amazon.com\/images\/G\/01\/x-locale\/common\/grey-pixel.gif\" class=\"a-lazy-loaded\" data-src=\"https:\/\/m.media-amazon.com\/images\/S\/aplus-media-library-service-media\/9d80ccd1-8d0c-4889-a8bc-e9242ce1eebf.__CR0,0,300,300_PT0_SX300_V1___.png\"><\/p>\n<p>                <img decoding=\"async\" alt=\"sequence,spiel,spielregeln\" src=\"https:\/\/m.media-amazon.com\/images\/S\/aplus-media-library-service-media\/9d80ccd1-8d0c-4889-a8bc-e9242ce1eebf.__CR0,0,300,300_PT0_SX300_V1___.png\"><\/p>\n<p>              <img decoding=\"async\" alt=\"sequence,spiel\" src=\"https:\/\/images-na.ssl-images-amazon.com\/images\/G\/01\/x-locale\/common\/grey-pixel.gif\" class=\"a-lazy-loaded\" data-src=\"https:\/\/m.media-amazon.com\/images\/S\/aplus-media-library-service-media\/53292d23-b32d-4a83-b7ec-51c405278b4a.__CR0,0,970,300_PT0_SX970_V1___.png\"><\/p>\n<p>               <img decoding=\"async\" alt=\"sequence,spiel\" src=\"https:\/\/m.media-amazon.com\/images\/S\/aplus-media-library-service-media\/53292d23-b32d-4a83-b7ec-51c405278b4a.__CR0,0,970,300_PT0_SX970_V1___.png\"><\/p>\n<p>                 Alter<br \/>\n                 7 Jahre und \u00e4lter<br \/>\n                 7 Jahre und \u00e4lter<br \/>\n                 7 Jahre und \u00e4lter<br \/>\n                 7 Jahre und \u00e4lter<br \/>\n                 4 Jahre und \u00e4lter   <\/p>\n<p>                 Anzahl der Spieler<br \/>\n                 2 &#8211; 12<br \/>\n                 2 &#8211; 12<br \/>\n                 1 +<br \/>\n                 4 &#8211; 16<br \/>\n                 2 &#8211; 4   <\/p>\n<p>                 Spielzeit<br \/>\n                 30 Minuten<br \/>\n                 20 Minuten<br \/>\n                 40 +<br \/>\n                 20 Minuten<br \/>\n                 15 Minuten   <\/p>\n<p>                 Goliath Toys<br \/>\n                 \u2713<br \/>\n                 \u2713<br \/>\n                 \u2713<br \/>\n                 \u2713<br \/>\n                 \u2713   <\/p>\n<p>[ad_2]<\/p>\n","protected":false},"excerpt":{"rendered":"<p>Price: [price_with_discount](as of [price_update_date] &#8211; Details) [ad_1] Produktbeschreibung des Herstellers CLEVER TOGETHER Goliath wurde 1980 gegr\u00fcndet und ist eines der wenigen verbliebenen globalen Spielzeug- und Spieleunternehmen in Familienbesitz. Heute ist<\/p>\n","protected":false},"featured_media":56469,"comment_status":"open","ping_status":"closed","template":"","meta":[],"product_cat":[227],"product_tag":[270],"class_list":{"0":"post-56468","1":"product","2":"type-product","3":"status-publish","4":"has-post-thumbnail","6":"product_cat-gaming","7":"product_tag-toys-games","9":"first","10":"instock","11":"shipping-taxable","12":"product-type-external"},"aioseo_notices":[],"_links":{"self":[{"href":"https:\/\/topgetestet.de\/index.php?rest_route=\/wp\/v2\/product\/56468","targetHints":{"allow":["GET"]}}],"collection":[{"href":"https:\/\/topgetestet.de\/index.php?rest_route=\/wp\/v2\/product"}],"about":[{"href":"https:\/\/topgetestet.de\/index.php?rest_route=\/wp\/v2\/types\/product"}],"replies":[{"embeddable":true,"href":"https:\/\/topgetestet.de\/index.php?rest_route=%2Fwp%2Fv2%2Fcomments&post=56468"}],"wp:featuredmedia":[{"embeddable":true,"href":"https:\/\/topgetestet.de\/index.php?rest_route=\/wp\/v2\/media\/56469"}],"wp:attachment":[{"href":"https:\/\/topgetestet.de\/index.php?rest_route=%2Fwp%2Fv2%2Fmedia&parent=56468"}],"wp:term":[{"taxonomy":"product_cat","embeddable":true,"href":"https:\/\/topgetestet.de\/index.php?rest_route=%2Fwp%2Fv2%2Fproduct_cat&post=56468"},{"taxonomy":"product_tag","embeddable":true,"href":"https:\/\/topgetestet.de\/index.php?rest_route=%2Fwp%2Fv2%2Fproduct_tag&post=56468"}],"curies":[{"name":"wp","href":"https:\/\/api.w.org\/{rel}","templated":true}]}}