{"id":56455,"date":"2022-10-09T06:10:20","date_gmt":"2022-10-09T06:10:20","guid":{"rendered":"https:\/\/topgetestet.de\/?product=vaude-escape-light-regenjacke-damen"},"modified":"2022-10-09T06:10:20","modified_gmt":"2022-10-09T06:10:20","slug":"vaude-escape-light-regenjacke-damen","status":"publish","type":"product","link":"https:\/\/topgetestet.de\/?product=vaude-escape-light-regenjacke-damen","title":{"rendered":"VAUDE Escape Light &#8211; Regenjacke Damen"},"content":{"rendered":"<p>Price: <span style=\"color:#b12704\">[price_with_discount]<\/span><br \/><i><small>(as of [price_update_date] &#8211; <span class=\"wp_automatic_amazon_disclaimer\" title=\"Product prices and availability are accurate as of the date\/time indicated and are subject to change. Any price and availability information displayed on [relevant Amazon Site(s), as applicable] at the time of purchase will apply to the purchase of this product.\">Details<\/span>)<\/small><\/i><\/p>\n<p><a href=\"https:\/\/amazon.de\/dp\/B09X1RTL19?tag=topgetestet09-21\"><img decoding=\"async\" src=\"https:\/\/i.imgur.com\/ISRHEWs.png\"><\/a><br \/>\n[ad_1]<br \/>\n <span>Die passt immer: angelehnt an das Erfolgsmodell der Escape Jacket wurde diese leichte und moderne Allroundjacke entwickelt. Die wasserdichten und atmungsaktiven Materialien sind angenehm weich, die Farben frisch und zeitgem\u00e4\u00df. Die Kapuze kann im Kragen verstaut werden.<\/span> <br \/> Auslaufartikel (Produktion durch Hersteller eingestellt) \u200f : \u200e  Nein <br \/> Produktabmessungen \u200f : \u200e  30 x 21.49 x 10.01 cm; 42 Gramm <br \/> Im Angebot von Amazon.de seit \u200f : \u200e  16. November 2011 <br \/> Hersteller \u200f : \u200e  Vaude <br \/> ASIN \u200f : \u200e  B0069QY4EW <br \/> Modellnummer \u200f : \u200e  3895 <br \/> Kategorie \u200f : \u200e  Damen <\/p>\n<p>Alles-Wetter: Mit einer 2-Lagen-Materialkonstruktion ist diese Jacke sowohl wind- als auch wasserdicht, um Sie bei N\u00e4sse warm und trocken zu halten, aber dennoch atmungsaktiv genug, um auch in den w\u00e4rmeren Monaten getragen zu werden<br \/>Hauptstoff &#8211; Aussenseite: 100% Polyester; Membran: 100% Polyurethan; Futter: 100% Polyamid; Netzfutter: 100% Polyester<br \/>Women&#8217;s Escape Light Jacket<br \/>Modellnummer: 3895<br \/>Wasserdicht: Eine wasserabweisende Polyurethan-Au\u00dfenmembran, ein Frontrei\u00dfverschluss mit doppelter Klappe und eine verstellbare Kapuze bedeutet, dass Sie die Natur genie\u00dfen und erkunden k\u00f6nnen, w\u00e4hrend Sie trocken bleiben<br \/>Vielseitig: Die leichte, wasserdichte Jacke kann zum Wandern, Spazierengehen oder als wasserdichte Fahrradjacke verwendet werden. Ein wirklich vielseitiges St\u00fcck Outdoor-Bekleidung<br \/>Klimaneutral: Die Emissionen aus Materialien, Herstellungsprozess und Versand wurden ganzheitlich ermittelt und systematisch reduziert. Aktuell nicht vermeidbare Emissionen wurden vollst\u00e4ndig \u00fcber die unabh\u00e4ngige Non-Profit-Organisation \u201emyclimate\u201c kompensiert<br \/>\n<br \/>[ad_2]<\/p>\n","protected":false},"excerpt":{"rendered":"<p>Price: [price_with_discount](as of [price_update_date] &#8211; Details) [ad_1] Die passt immer: angelehnt an das Erfolgsmodell der Escape Jacket wurde diese leichte und moderne Allroundjacke entwickelt. Die wasserdichten und atmungsaktiven Materialien sind<\/p>\n","protected":false},"featured_media":56456,"comment_status":"open","ping_status":"closed","template":"","meta":[],"product_cat":[232],"product_tag":[],"class_list":{"0":"post-56455","1":"product","2":"type-product","3":"status-publish","4":"has-post-thumbnail","6":"product_cat-women-fashion","8":"first","9":"instock","10":"shipping-taxable","11":"product-type-external"},"aioseo_notices":[],"_links":{"self":[{"href":"https:\/\/topgetestet.de\/index.php?rest_route=\/wp\/v2\/product\/56455","targetHints":{"allow":["GET"]}}],"collection":[{"href":"https:\/\/topgetestet.de\/index.php?rest_route=\/wp\/v2\/product"}],"about":[{"href":"https:\/\/topgetestet.de\/index.php?rest_route=\/wp\/v2\/types\/product"}],"replies":[{"embeddable":true,"href":"https:\/\/topgetestet.de\/index.php?rest_route=%2Fwp%2Fv2%2Fcomments&post=56455"}],"wp:featuredmedia":[{"embeddable":true,"href":"https:\/\/topgetestet.de\/index.php?rest_route=\/wp\/v2\/media\/56456"}],"wp:attachment":[{"href":"https:\/\/topgetestet.de\/index.php?rest_route=%2Fwp%2Fv2%2Fmedia&parent=56455"}],"wp:term":[{"taxonomy":"product_cat","embeddable":true,"href":"https:\/\/topgetestet.de\/index.php?rest_route=%2Fwp%2Fv2%2Fproduct_cat&post=56455"},{"taxonomy":"product_tag","embeddable":true,"href":"https:\/\/topgetestet.de\/index.php?rest_route=%2Fwp%2Fv2%2Fproduct_tag&post=56455"}],"curies":[{"name":"wp","href":"https:\/\/api.w.org\/{rel}","templated":true}]}}