{"id":56239,"date":"2022-10-08T18:54:43","date_gmt":"2022-10-08T18:54:43","guid":{"rendered":"https:\/\/topgetestet.de\/?product=steep-winter-games-edition-playstation-4"},"modified":"2022-10-08T18:54:43","modified_gmt":"2022-10-08T18:54:43","slug":"steep-winter-games-edition-playstation-4","status":"publish","type":"product","link":"https:\/\/topgetestet.de\/?product=steep-winter-games-edition-playstation-4","title":{"rendered":"Steep &#8211; Winter Games Edition &#8211; [PlayStation 4]"},"content":{"rendered":"<p>Price: <span style=\"color:#b12704\">[price_with_discount]<\/span><br \/><i><small>(as of [price_update_date] &#8211; <span class=\"wp_automatic_amazon_disclaimer\" title=\"Product prices and availability are accurate as of the date\/time indicated and are subject to change. Any price and availability information displayed on [relevant Amazon Site(s), as applicable] at the time of purchase will apply to the purchase of this product.\">Details<\/span>)<\/small><\/i><\/p>\n<p><a href=\"https:\/\/amazon.de\/dp\/B076B514VX?tag=topgetestet09-21\"><img decoding=\"async\" src=\"https:\/\/i.imgur.com\/ISRHEWs.png\"><\/a><br \/>\n[ad_1]<br \/>\n <span>WERDE ZUR LEGENDE!<\/p>\n<p>Steep &#8211; Road to the Olympics ist eine Erweiterung f\u00fcr Steep, dem Open-World-Action-Sportspiel, welches die Spieler mit auf die Reise nimmt, Champion bei den olympischen Spielen zu werden. Dabei l\u00e4sst sich die riesige offene Spielwelt wie die japanischen Gebirge, frei erkunden. Dort werden die Spieler hart trainieren, um sich f\u00fcr die Olympischen Winterspiele in S\u00fcdkorea zu qualifizieren. Mit der Erweiterung Steep. Road to the Olympics lasst sich die einzigartige Bergwelt Japans erkunden. Au\u00dferdem bietet es die M\u00f6glichkeit, sich im Spielverlauf f\u00fcr die Olympischen Winterspiele in PyeongChang 2018 in S\u00fcdkorea zu qualifizieren und die dortigen Berge zu entdecken.<\/p>\n<p>Steep &#8211; Road to the Olympics ist ein lizenziertes Produkt der Olympischen Winterspiele 2018 PyeongChang.<\/p>\n<p>DER THRILL DER OLYMPISCHEN SPIELE!<br \/>Die Spieler k\u00f6nnen in die bekanntesten Wintersportdisziplinen der Welt eintauchen:<br \/>\u2022 Freestyle- und Alpinsport-Events, wie Slopestyle, Ski und Snowboard-Halfpipe, Big Air, Riesenslalom, Downhill und Super-G<br \/>\u2022 Es z\u00e4hlt jede Sekunde, um die Goldmedaille zu erreichen<br \/>\u2022 Beweise dein K\u00f6nnen und erlange Ruhm in 12 offiziellen Olympischen Events<\/p>\n<p>AUFSTIEG ZUR LEGENDE!<br \/>Mit der Erweiterung k\u00f6nnen die Spieler zum Olympiachampion aufsteigen:<br \/>\u2022 Die Spieler erwartet eine Reise von den Alpen bis nach Japan, wo sie in neuen Herausforderungen hart trainieren m\u00fcssen, um sich f\u00fcr die Olympischen Winterspiele in S\u00fcdkorea zu qualifizieren<br \/>\u2022 Brandneue olympische Disziplinen gilt es auf dem Weg zu erlernen und zu meistern<\/p>\n<p>FASZINIERENDE BERGWELT!<br \/>Die Spieler entdecken die einzigartige Bergwelt Sudkoreas und Japans:<br \/>\u2022 Das japanische Gebirge bietet den besten Tiefschnee der Welt, w\u00e4hrend man durch einzigartige Landstriche brettert<br \/>\u2022 Im Kampf um die F\u00fchrung auf der Bestenliste messen sich die Spieler mit Freunden und der gesamten Community<br \/>\u2022 Einmalige Abfahrten und erinnerungsw\u00fcrdige Momente erwarten die Spieler, w\u00e4hrend Sie die Geheimnisse der Berge l\u00fcften<\/p>\n<p>Erlebe Steep (Grundspiel)!<br \/>Im Grundspiel bieten sich M\u00f6glichkeiten f\u00fcr alle Spieler, ob als Entdecker, Freestyler oder Extrem Sportler, jeder kann sich hier beweisen:<br \/>\u2022 Egal ob auf Ski, Snowboard, mit dem Wingsuit oder einem Gleitschirm haben die Spieler die M\u00f6glichkeit die extreme Welt der Alpen und Alaskas zu entdecken<br \/>\u2022 Die riesige offene Spielwelt verspr\u00fcht das Gef\u00fchl von Freiheit w\u00e4hrend man epische Berge erklimmt und in spannenden Herausforderungen an seine Grenzen geht<\/p>\n<p>ERLEBENISSE MIT FREUNDEN TEILEN!<br \/>Im Director-Modus lassen sich Videos und Bilder, sowie neue Herausforderungen erstellen, die dann im Spiel und in die sozialen Netzwerke gesendet werden k\u00f6nnen.<\/p>\n<p>Die Winter Games Edition enthalt das Grundspiel Steep und die Erweiterung Steep &#8211; Road to the Olympics. Das Grundspiel Steep. wird ben\u00f6tigt, um die Erweiterung Steep. Road to the Olympics spielen zu k\u00f6nnen. Kostenloser DLC f\u00fcr die Erweiterung &#8220;Road to Olympics&#8221;bei Neukauf enthalten, einmalig verwendbar.<\/p>\n<p>Spiel und Handbuch auf Deutsch!<br \/>Internetverbindung erforderlich!<\/p>\n<p><\/span> <br \/> Auslaufartikel (Produktion durch Hersteller eingestellt) \u200f : \u200e  Nein <br \/> Alterseinstufung \u200f : \u200e  USK ab 0 freigegeben <br \/> Handbuch \u200f : \u200e  Deutsch <br \/> Produktabmessungen \u200f : \u200e  17.2 x 13.4 x 1.3 cm; 90 Gramm <br \/> Erscheinungstermin \u200f : \u200e  5. Dezember 2017 <br \/> ASIN \u200f : \u200e  B076B514VX <br \/> Modellnummer \u200f : \u200e  300096395 <\/p>\n<p>[ad_2]<\/p>\n","protected":false},"excerpt":{"rendered":"<p>Price: [price_with_discount](as of [price_update_date] &#8211; Details) [ad_1] WERDE ZUR LEGENDE! Steep &#8211; Road to the Olympics ist eine Erweiterung f\u00fcr Steep, dem Open-World-Action-Sportspiel, welches die Spieler mit auf die Reise<\/p>\n","protected":false},"featured_media":56240,"comment_status":"open","ping_status":"closed","template":"","meta":[],"product_cat":[227],"product_tag":[261],"class_list":{"0":"post-56239","1":"product","2":"type-product","3":"status-publish","4":"has-post-thumbnail","6":"product_cat-gaming","7":"product_tag-playstation-legacy-games","9":"first","10":"instock","11":"shipping-taxable","12":"product-type-external"},"aioseo_notices":[],"_links":{"self":[{"href":"https:\/\/topgetestet.de\/index.php?rest_route=\/wp\/v2\/product\/56239","targetHints":{"allow":["GET"]}}],"collection":[{"href":"https:\/\/topgetestet.de\/index.php?rest_route=\/wp\/v2\/product"}],"about":[{"href":"https:\/\/topgetestet.de\/index.php?rest_route=\/wp\/v2\/types\/product"}],"replies":[{"embeddable":true,"href":"https:\/\/topgetestet.de\/index.php?rest_route=%2Fwp%2Fv2%2Fcomments&post=56239"}],"wp:featuredmedia":[{"embeddable":true,"href":"https:\/\/topgetestet.de\/index.php?rest_route=\/wp\/v2\/media\/56240"}],"wp:attachment":[{"href":"https:\/\/topgetestet.de\/index.php?rest_route=%2Fwp%2Fv2%2Fmedia&parent=56239"}],"wp:term":[{"taxonomy":"product_cat","embeddable":true,"href":"https:\/\/topgetestet.de\/index.php?rest_route=%2Fwp%2Fv2%2Fproduct_cat&post=56239"},{"taxonomy":"product_tag","embeddable":true,"href":"https:\/\/topgetestet.de\/index.php?rest_route=%2Fwp%2Fv2%2Fproduct_tag&post=56239"}],"curies":[{"name":"wp","href":"https:\/\/api.w.org\/{rel}","templated":true}]}}